{"id":151,"date":"2026-01-06T15:39:19","date_gmt":"2026-01-06T07:39:19","guid":{"rendered":"https:\/\/pepaxis.com\/?page_id=151"},"modified":"2026-03-23T10:17:05","modified_gmt":"2026-03-23T02:17:05","slug":"politica-de-cookies","status":"publish","type":"page","link":"https:\/\/pepaxis.com\/pt\/cookie-policy\/","title":{"rendered":"Pol\u00edtica de cookies"},"content":{"rendered":"<div data-elementor-type=\"wp-page\" data-elementor-id=\"151\" class=\"elementor elementor-151\" data-elementor-post-type=\"page\">\n\t\t\t\t<div class=\"elementor-element elementor-element-74a9207a e-con-full e-flex e-con e-parent\" data-id=\"74a9207a\" data-element_type=\"container\" data-settings=\"{&quot;background_background&quot;:&quot;classic&quot;}\">\n\t\t\t\t<\/div>\n\t\t<div class=\"elementor-element elementor-element-a4b3335 e-con-full e-flex e-con e-parent\" data-id=\"a4b3335\" data-element_type=\"container\">\n\t\t<div class=\"elementor-element elementor-element-24d09d70 e-con-full e-flex e-con e-child\" data-id=\"24d09d70\" data-element_type=\"container\">\n\t\t\t\t<div class=\"elementor-element elementor-element-69dc102a elementor-widget elementor-widget-text-editor\" data-id=\"69dc102a\" data-element_type=\"widget\" data-widget_type=\"text-editor.default\">\n\t\t\t\t\t\t\t\t\t<p>Um cookie \u00e9 uma pequena quantidade de informa\u00e7\u00e3o que \u00e9 descarregada para o seu computador ou dispositivo quando visita o nosso S\u00edtio. Utilizamos uma s\u00e9rie de cookies diferentes, incluindo cookies funcionais, de desempenho, de publicidade e de redes sociais ou de conte\u00fado.<\/p><p>Os cookies melhoram a sua experi\u00eancia de navega\u00e7\u00e3o, permitindo que o s\u00edtio Web se lembre das suas ac\u00e7\u00f5es e prefer\u00eancias (como o in\u00edcio de sess\u00e3o e a sele\u00e7\u00e3o da regi\u00e3o). Isto significa que o utilizador n\u00e3o tem de voltar a introduzir estas informa\u00e7\u00f5es sempre que regressa ao s\u00edtio ou navega de uma p\u00e1gina para outra.<\/p><p>Os cookies tamb\u00e9m fornecem informa\u00e7\u00f5es sobre a forma como as pessoas utilizam o s\u00edtio Web, por exemplo, se \u00e9 a primeira vez que o visitam ou se s\u00e3o visitantes frequentes.<\/p><p>Tenha em aten\u00e7\u00e3o que a remo\u00e7\u00e3o ou o bloqueio de cookies pode ter um impacto negativo na sua experi\u00eancia de utilizador e que partes do nosso s\u00edtio Web podem deixar de estar totalmente acess\u00edveis.<\/p><p>O per\u00edodo de tempo que um cookie permanece no seu computador ou dispositivo m\u00f3vel depende do facto de ser um cookie \u201cpersistente\u201d ou de \u201csess\u00e3o\u201d. Os cookies de sess\u00e3o duram at\u00e9 o utilizador parar de navegar e os cookies persistentes duram at\u00e9 expirarem ou serem eliminados. A maioria dos cookies que utilizamos s\u00e3o persistentes e expiram entre 30 minutos e dois anos a partir da data em que s\u00e3o descarregados para o seu dispositivo.<\/p><p>O utilizador pode controlar e gerir os cookies de v\u00e1rias formas.<\/p><p>A maioria dos browsers aceita automaticamente os cookies, mas o utilizador pode optar por aceitar ou n\u00e3o os cookies atrav\u00e9s dos controlos do seu browser, frequentemente encontrados no menu \u201cFerramentas\u201d ou \u201cPrefer\u00eancias\u201d do seu browser. Para mais informa\u00e7\u00f5es sobre como modificar as defini\u00e7\u00f5es do seu browser ou como bloquear, gerir ou filtrar cookies, consulte o ficheiro de ajuda do seu browser.<\/p><p>Al\u00e9m disso, tenha em aten\u00e7\u00e3o que o bloqueio de cookies pode n\u00e3o impedir completamente a forma como partilhamos informa\u00e7\u00f5es com terceiros, como os nossos parceiros de publicidade. Para exercer os seus direitos ou recusar determinadas utiliza\u00e7\u00f5es das suas informa\u00e7\u00f5es por estas partes, siga as instru\u00e7\u00f5es na sec\u00e7\u00e3o \u201cPublicidade comportamental\u201d da nossa Pol\u00edtica de privacidade.<\/p>\t\t\t\t\t\t\t\t<\/div>\n\t\t\t\t<\/div>\n\t\t\t\t<\/div>\n\t\t\t\t<\/div>","protected":false},"excerpt":{"rendered":"<p>A cookie is a small amount of information that\u2019s downloaded to your computer or device when you visit our Site. We use a number of different cookies, including functional, performance, advertising, and social media or content cookies. Cookies make your browsing experience better by allowing the website to remember your actions and preferences (such as [&hellip;]<\/p>\n","protected":false},"author":2,"featured_media":0,"parent":0,"menu_order":0,"comment_status":"closed","ping_status":"closed","template":"","meta":{"_seopress_robots_primary_cat":"","_seopress_titles_title":"","_seopress_titles_desc":"","_seopress_robots_index":"yes","footnotes":""},"class_list":["post-151","page","type-page","status-publish","hentry"],"_links":{"self":[{"href":"https:\/\/pepaxis.com\/pt\/wp-json\/wp\/v2\/pages\/151","targetHints":{"allow":["GET"]}}],"collection":[{"href":"https:\/\/pepaxis.com\/pt\/wp-json\/wp\/v2\/pages"}],"about":[{"href":"https:\/\/pepaxis.com\/pt\/wp-json\/wp\/v2\/types\/page"}],"author":[{"embeddable":true,"href":"https:\/\/pepaxis.com\/pt\/wp-json\/wp\/v2\/users\/2"}],"replies":[{"embeddable":true,"href":"https:\/\/pepaxis.com\/pt\/wp-json\/wp\/v2\/comments?post=151"}],"version-history":[{"count":0,"href":"https:\/\/pepaxis.com\/pt\/wp-json\/wp\/v2\/pages\/151\/revisions"}],"wp:attachment":[{"href":"https:\/\/pepaxis.com\/pt\/wp-json\/wp\/v2\/media?parent=151"}],"curies":[{"name":"wp","href":"https:\/\/api.w.org\/{rel}","templated":true}]}}