{"id":147,"date":"2026-01-06T15:38:49","date_gmt":"2026-01-06T07:38:49","guid":{"rendered":"https:\/\/pepaxis.com\/?page_id=147"},"modified":"2026-03-23T10:16:06","modified_gmt":"2026-03-23T02:16:06","slug":"politica-de-privacidade","status":"publish","type":"page","link":"https:\/\/pepaxis.com\/pt\/privacy-policy\/","title":{"rendered":"Pol\u00edtica de privacidade"},"content":{"rendered":"<div data-elementor-type=\"wp-page\" data-elementor-id=\"147\" class=\"elementor elementor-147\" data-elementor-post-type=\"page\">\n\t\t\t\t<div class=\"elementor-element elementor-element-34153f59 e-con-full e-flex e-con e-parent\" data-id=\"34153f59\" data-element_type=\"container\" data-settings=\"{&quot;background_background&quot;:&quot;classic&quot;}\">\n\t\t\t\t<\/div>\n\t\t<div class=\"elementor-element elementor-element-3d53b974 e-con-full e-flex e-con e-parent\" data-id=\"3d53b974\" data-element_type=\"container\">\n\t\t<div class=\"elementor-element elementor-element-b84e904 e-con-full e-flex e-con e-child\" data-id=\"b84e904\" data-element_type=\"container\">\n\t\t\t\t<div class=\"elementor-element elementor-element-6861ec70 elementor-widget elementor-widget-text-editor\" data-id=\"6861ec70\" data-element_type=\"widget\" data-widget_type=\"text-editor.default\">\n\t\t\t\t\t\t\t\t\tEsta Pol\u00edtica de Privacidade (\u201cPol\u00edtica\u201d) descreve a forma como o nosso site (\u201cn\u00f3s\u201d ou \u201cnos\u201d e o nosso site em (o \u201cSite\u201d) utilizam e recolhem dados de indiv\u00edduos. Esta Pol\u00edtica, que est\u00e1 incorporada e sujeita aos termos de servi\u00e7o, descreve as informa\u00e7\u00f5es que recolhemos do utilizador no S\u00edtio, a forma como utilizamos e divulgamos essas informa\u00e7\u00f5es e as medidas que tomamos para proteger essas informa\u00e7\u00f5es.\t\t\t\t\t\t\t\t<\/div>\n\t\t\t\t<\/div>\n\t\t<div class=\"elementor-element elementor-element-95fee8f e-con-full e-flex e-con e-child\" data-id=\"95fee8f\" data-element_type=\"container\">\n\t\t\t\t<div class=\"elementor-element elementor-element-da44293 elementor-widget elementor-widget-heading\" data-id=\"da44293\" data-element_type=\"widget\" data-widget_type=\"heading.default\">\n\t\t\t\t\t<h2 class=\"elementor-heading-title elementor-size-default\">Informa\u00e7\u00f5es que recolhemos no s\u00edtio<\/h2>\t\t\t\t<\/div>\n\t\t\t\t<div class=\"elementor-element elementor-element-e2a31f4 elementor-widget elementor-widget-text-editor\" data-id=\"e2a31f4\" data-element_type=\"widget\" data-widget_type=\"text-editor.default\">\n\t\t\t\t\t\t\t\t\t<p>Informa\u00e7\u00f5es fornecidas pelo utilizador. Quando o utilizador utiliza o S\u00edtio, podemos recolher informa\u00e7\u00f5es sobre o utilizador, incluindo o seu nome, endere\u00e7o de correio eletr\u00f3nico, endere\u00e7o postal, cart\u00e3o de cr\u00e9dito ou outras informa\u00e7\u00f5es de fatura\u00e7\u00e3o. O utilizador pode fornecer-nos informa\u00e7\u00f5es de v\u00e1rias formas no Site. Por exemplo, o utilizador fornece-nos informa\u00e7\u00f5es quando efectua uma compra no S\u00edtio ou nos envia pedidos relacionados com o servi\u00e7o de apoio ao cliente.<\/p><p>Cookies e informa\u00e7\u00f5es recolhidas automaticamente. Quando o utilizador utiliza o Site, podemos enviar um ou mais cookies - pequenos ficheiros de texto que cont\u00eam uma sequ\u00eancia de caracteres alfanum\u00e9ricos - para o seu dispositivo. Podemos utilizar cookies de sess\u00e3o e cookies persistentes. Um cookie de sess\u00e3o desaparece quando o utilizador fecha o browser. Um cookie persistente permanece depois de o utilizador fechar o browser e pode ser utilizado pelo browser em visitas subsequentes ao S\u00edtio. Consulte o ficheiro de \u201cAjuda\u201d do seu browser para saber qual a forma correta de modificar as suas defini\u00e7\u00f5es de cookies.<\/p>\t\t\t\t\t\t\t\t<\/div>\n\t\t\t\t<\/div>\n\t\t<div class=\"elementor-element elementor-element-afaa54e e-con-full e-flex e-con e-child\" data-id=\"afaa54e\" data-element_type=\"container\">\n\t\t\t\t<div class=\"elementor-element elementor-element-2397427 elementor-widget elementor-widget-heading\" data-id=\"2397427\" data-element_type=\"widget\" data-widget_type=\"heading.default\">\n\t\t\t\t\t<h2 class=\"elementor-heading-title elementor-size-default\">Como utilizamos as informa\u00e7\u00f5es que recolhemos<\/h2>\t\t\t\t<\/div>\n\t\t\t\t<div class=\"elementor-element elementor-element-e807daa elementor-widget elementor-widget-text-editor\" data-id=\"e807daa\" data-element_type=\"widget\" data-widget_type=\"text-editor.default\">\n\t\t\t\t\t\t\t\t\t<p>Utilizamos as informa\u00e7\u00f5es que recolhemos no S\u00edtio de v\u00e1rias formas para fornecer o S\u00edtio e gerir a nossa atividade, incluindo as seguintes:<\/p><p>Utilizamos as informa\u00e7\u00f5es que recolhemos no Site para operar, manter, melhorar e fornecer todas as funcionalidades do Site, para fornecer servi\u00e7os e informa\u00e7\u00f5es solicitadas pelo utilizador, para responder a coment\u00e1rios e perguntas e, de outro modo, para prestar apoio aos utilizadores, e para processar e entregar entradas e pr\u00e9mios relacionados com promo\u00e7\u00f5es que possam ser oferecidas ocasionalmente no Site.<\/p><p>Utilizamos as informa\u00e7\u00f5es que recolhemos no Site para compreender e analisar as tend\u00eancias de utiliza\u00e7\u00e3o e as prefer\u00eancias dos nossos utilizadores, para melhorar o Site e para desenvolver novos produtos, servi\u00e7os, carater\u00edsticas e funcionalidades.<\/p><p>Podemos utilizar o seu endere\u00e7o de correio eletr\u00f3nico ou outras informa\u00e7\u00f5es que recolhemos para o contactar para fins administrativos, como o servi\u00e7o de apoio ao cliente, ou para enviar comunica\u00e7\u00f5es, incluindo actualiza\u00e7\u00f5es sobre promo\u00e7\u00f5es e eventos, relacionadas com produtos e servi\u00e7os oferecidos por n\u00f3s e por terceiros.<\/p><p>Podemos utilizar cookies e informa\u00e7\u00f5es recolhidas automaticamente para: (i) personalizar o nosso Site, tal como memorizar informa\u00e7\u00f5es sobre si para que n\u00e3o tenha de as voltar a introduzir durante a sua visita ou na pr\u00f3xima vez que visitar o Site; (ii) fornecer an\u00fancios, conte\u00fados e informa\u00e7\u00f5es personalizados; (iii) monitorizar e analisar a efic\u00e1cia do Site e das actividades de marketing de terceiros; (iv) monitorizar m\u00e9tricas agregadas de utiliza\u00e7\u00e3o do site, tais como o n\u00famero total de visitantes e as p\u00e1ginas visualizadas; e (v) acompanhar as suas entradas, envios e estado em quaisquer promo\u00e7\u00f5es ou outras actividades no Site.<\/p>\t\t\t\t\t\t\t\t<\/div>\n\t\t\t\t<\/div>\n\t\t<div class=\"elementor-element elementor-element-3c823cf e-con-full e-flex e-con e-child\" data-id=\"3c823cf\" data-element_type=\"container\">\n\t\t\t\t<div class=\"elementor-element elementor-element-84d8f82 elementor-widget elementor-widget-heading\" data-id=\"84d8f82\" data-element_type=\"widget\" data-widget_type=\"heading.default\">\n\t\t\t\t\t<h2 class=\"elementor-heading-title elementor-size-default\">Quando divulgamos informa\u00e7\u00f5es<\/h2>\t\t\t\t<\/div>\n\t\t\t\t<div class=\"elementor-element elementor-element-db2c4ca elementor-widget elementor-widget-text-editor\" data-id=\"db2c4ca\" data-element_type=\"widget\" data-widget_type=\"text-editor.default\">\n\t\t\t\t\t\t\t\t\t<p>Exceto nos casos descritos na presente Pol\u00edtica, n\u00e3o divulgaremos a terceiros as informa\u00e7\u00f5es sobre o utilizador que recolhemos no S\u00edtio sem o consentimento do utilizador. Podemos divulgar informa\u00e7\u00f5es a terceiros se o utilizador consentir que o fa\u00e7amos, bem como nas seguintes circunst\u00e2ncias:<\/p><p>Qualquer informa\u00e7\u00e3o que o utilizador opte voluntariamente por incluir numa \u00e1rea acess\u00edvel ao p\u00fablico do Site estar\u00e1 dispon\u00edvel para qualquer pessoa que tenha acesso a esse conte\u00fado, incluindo outros utilizadores.<\/p><p>Trabalhamos com terceiros prestadores de servi\u00e7os para nos fornecerem websites, desenvolvimento de aplica\u00e7\u00f5es, alojamento, manuten\u00e7\u00e3o, impress\u00e3o e outros servi\u00e7os. Estes terceiros podem ter acesso ou processar informa\u00e7\u00f5es sobre o utilizador como parte da presta\u00e7\u00e3o desses servi\u00e7os para n\u00f3s.<\/p><p>Podemos divulgar informa\u00e7\u00f5es sobre o utilizador se tal for exigido por lei ou se acreditarmos de boa f\u00e9 que tal a\u00e7\u00e3o \u00e9 necess\u00e1ria para cumprir as leis estatais e federais, em resposta a uma ordem judicial, intima\u00e7\u00e3o judicial ou outra intima\u00e7\u00e3o ou mandado governamental, ou para cooperar de outra forma com a aplica\u00e7\u00e3o da lei ou outras ag\u00eancias governamentais.<\/p><p>Tamb\u00e9m nos reservamos o direito de divulgar informa\u00e7\u00f5es sobre o utilizador que acreditamos, de boa f\u00e9, serem apropriadas ou necess\u00e1rias para: (i) tomar precau\u00e7\u00f5es contra a responsabilidade; (ii) protegermo-nos a n\u00f3s pr\u00f3prios ou a outros de utiliza\u00e7\u00f5es ou actividades fraudulentas, abusivas ou ilegais; (iii) investigar e defendermo-nos contra quaisquer reclama\u00e7\u00f5es ou alega\u00e7\u00f5es de terceiros; (iv) proteger a seguran\u00e7a ou integridade do Site e quaisquer instala\u00e7\u00f5es ou equipamentos utilizados para disponibilizar o Site; ou (v) proteger a nossa propriedade ou outros direitos legais (incluindo, mas n\u00e3o se limitando \u00e0 aplica\u00e7\u00e3o dos nossos acordos), ou os direitos, propriedade ou seguran\u00e7a de outros.<\/p><p>As informa\u00e7\u00f5es sobre os nossos utilizadores podem ser divulgadas e de outra forma transferidas para um adquirente, sucessor ou cession\u00e1rio como parte de qualquer fus\u00e3o, aquisi\u00e7\u00e3o, financiamento de d\u00edvidas, venda de activos ou transa\u00e7\u00e3o semelhante, ou em caso de insolv\u00eancia, fal\u00eancia ou administra\u00e7\u00e3o judicial em que as informa\u00e7\u00f5es sejam transferidas para um ou mais terceiros como um dos nossos activos comerciais.<\/p><p>Podemos disponibilizar determinadas informa\u00e7\u00f5es agregadas, recolhidas automaticamente ou n\u00e3o pessoais a terceiros para v\u00e1rios fins, incluindo: (i) cumprimento de v\u00e1rias obriga\u00e7\u00f5es de comunica\u00e7\u00e3o; (ii) para fins comerciais ou de marketing; ou (iii) para ajudar essas partes a compreender os interesses, h\u00e1bitos e padr\u00f5es de utiliza\u00e7\u00e3o dos nossos utilizadores relativamente a determinados programas, conte\u00fados, servi\u00e7os, an\u00fancios, promo\u00e7\u00f5es e\/ou funcionalidades dispon\u00edveis atrav\u00e9s do Site.<\/p>\t\t\t\t\t\t\t\t<\/div>\n\t\t\t\t<\/div>\n\t\t<div class=\"elementor-element elementor-element-08da007 e-con-full e-flex e-con e-child\" data-id=\"08da007\" data-element_type=\"container\">\n\t\t\t\t<div class=\"elementor-element elementor-element-070c0fc elementor-widget elementor-widget-heading\" data-id=\"070c0fc\" data-element_type=\"widget\" data-widget_type=\"heading.default\">\n\t\t\t\t\t<h2 class=\"elementor-heading-title elementor-size-default\">As suas escolhas<\/h2>\t\t\t\t<\/div>\n\t\t\t\t<div class=\"elementor-element elementor-element-0ae2b1e elementor-widget elementor-widget-text-editor\" data-id=\"0ae2b1e\" data-element_type=\"widget\" data-widget_type=\"text-editor.default\">\n\t\t\t\t\t\t\t\t\t<p>O utilizador pode, naturalmente, recusar-se a partilhar determinadas informa\u00e7\u00f5es connosco, caso em que poderemos n\u00e3o conseguir fornecer-lhe algumas das carater\u00edsticas e funcionalidades do S\u00edtio. O utilizador pode atualizar, corrigir ou eliminar as informa\u00e7\u00f5es e prefer\u00eancias da sua conta em qualquer altura, acedendo \u00e0 p\u00e1gina de prefer\u00eancias da sua conta no S\u00edtio. Tenha em aten\u00e7\u00e3o que, embora todas as altera\u00e7\u00f5es efectuadas pelo utilizador sejam reflectidas nas bases de dados de utilizadores activos num per\u00edodo de tempo razo\u00e1vel, poderemos reter todas as informa\u00e7\u00f5es enviadas pelo utilizador para efeitos de c\u00f3pias de seguran\u00e7a, arquivo, preven\u00e7\u00e3o de fraudes e abusos, an\u00e1lise, cumprimento de obriga\u00e7\u00f5es legais ou quando considerarmos que temos uma raz\u00e3o leg\u00edtima para o fazer.<\/p><p>Se receber uma mensagem de correio eletr\u00f3nico comercial da nossa parte, pode anular a sua subscri\u00e7\u00e3o em qualquer altura, seguindo as instru\u00e7\u00f5es contidas na mensagem. O utilizador tamb\u00e9m pode optar por deixar de receber mensagens de correio eletr\u00f3nico comerciais da nossa parte. Podemos permitir que o utilizador veja e modifique as defini\u00e7\u00f5es relacionadas com a natureza e a frequ\u00eancia das comunica\u00e7\u00f5es promocionais que recebe da nossa parte na funcionalidade da conta de utilizador no Site.<\/p><p>Tenha em aten\u00e7\u00e3o que, se optar por n\u00e3o receber o nosso e-mail comercial ou modificar a natureza ou a frequ\u00eancia das comunica\u00e7\u00f5es promocionais que recebe da nossa parte, poder\u00e1 demorar at\u00e9 dez dias \u00fateis a processar o seu pedido e poder\u00e1 continuar a receber comunica\u00e7\u00f5es promocionais da nossa parte durante esse per\u00edodo. Al\u00e9m disso, mesmo depois de optar por n\u00e3o receber mensagens comerciais da nossa parte, continuar\u00e1 a receber mensagens administrativas da nossa parte relativas ao Site.<\/p>\t\t\t\t\t\t\t\t<\/div>\n\t\t\t\t<\/div>\n\t\t<div class=\"elementor-element elementor-element-19356af e-con-full e-flex e-con e-child\" data-id=\"19356af\" data-element_type=\"container\">\n\t\t\t\t<div class=\"elementor-element elementor-element-db35c5b elementor-widget elementor-widget-heading\" data-id=\"db35c5b\" data-element_type=\"widget\" data-widget_type=\"heading.default\">\n\t\t\t\t\t<h2 class=\"elementor-heading-title elementor-size-default\">Sites de terceiros<\/h2>\t\t\t\t<\/div>\n\t\t\t\t<div class=\"elementor-element elementor-element-a5334bc elementor-widget elementor-widget-text-editor\" data-id=\"a5334bc\" data-element_type=\"widget\" data-widget_type=\"text-editor.default\">\n\t\t\t\t\t\t\t\t\t<p>O Site pode conter funcionalidades ou liga\u00e7\u00f5es a sites e servi\u00e7os fornecidos por terceiros. Quaisquer informa\u00e7\u00f5es fornecidas em sites ou servi\u00e7os de terceiros s\u00e3o fornecidas diretamente aos operadores desses servi\u00e7os e est\u00e3o sujeitas \u00e0s pol\u00edticas desses operadores, caso existam, que regem a privacidade e a seguran\u00e7a, mesmo que acedidas atrav\u00e9s do Site. N\u00e3o somos respons\u00e1veis pelo conte\u00fado ou pelas pr\u00e1ticas e pol\u00edticas de privacidade e seguran\u00e7a de sites ou servi\u00e7os de terceiros para os quais s\u00e3o fornecidas liga\u00e7\u00f5es ou acesso atrav\u00e9s do Site. Aconselhamos o utilizador a informar-se sobre as pol\u00edticas de privacidade e seguran\u00e7a de terceiros antes de lhes fornecer informa\u00e7\u00f5es.<\/p>\t\t\t\t\t\t\t\t<\/div>\n\t\t\t\t<\/div>\n\t\t<div class=\"elementor-element elementor-element-ab004ac e-con-full e-flex e-con e-child\" data-id=\"ab004ac\" data-element_type=\"container\">\n\t\t\t\t<div class=\"elementor-element elementor-element-48bf7f0 elementor-widget elementor-widget-heading\" data-id=\"48bf7f0\" data-element_type=\"widget\" data-widget_type=\"heading.default\">\n\t\t\t\t\t<h2 class=\"elementor-heading-title elementor-size-default\">Privacidade das crian\u00e7as\n<\/h2>\t\t\t\t<\/div>\n\t\t\t\t<div class=\"elementor-element elementor-element-5a38f18 elementor-widget elementor-widget-text-editor\" data-id=\"5a38f18\" data-element_type=\"widget\" data-widget_type=\"text-editor.default\">\n\t\t\t\t\t\t\t\t\t<p>A prote\u00e7\u00e3o da privacidade de crian\u00e7as pequenas \u00e9 especialmente importante. O nosso Site \u00e9 um site destinado ao p\u00fablico em geral, n\u00e3o dirigido a crian\u00e7as com menos de 13 anos, e n\u00e3o recolhemos intencionalmente informa\u00e7\u00f5es pessoais de crian\u00e7as com menos de 13 anos sem obter o consentimento dos pais.<\/p>\t\t\t\t\t\t\t\t<\/div>\n\t\t\t\t<\/div>\n\t\t<div class=\"elementor-element elementor-element-b7b3f9b e-con-full e-flex e-con e-child\" data-id=\"b7b3f9b\" data-element_type=\"container\">\n\t\t\t\t<div class=\"elementor-element elementor-element-4b8ff57 elementor-widget elementor-widget-heading\" data-id=\"4b8ff57\" data-element_type=\"widget\" data-widget_type=\"heading.default\">\n\t\t\t\t\t<h2 class=\"elementor-heading-title elementor-size-default\">Seguran\u00e7a dos dados<\/h2>\t\t\t\t<\/div>\n\t\t\t\t<div class=\"elementor-element elementor-element-d364b0e elementor-widget elementor-widget-text-editor\" data-id=\"d364b0e\" data-element_type=\"widget\" data-widget_type=\"text-editor.default\">\n\t\t\t\t\t\t\t\t\t<p>Utilizamos determinadas salvaguardas f\u00edsicas, de gest\u00e3o e t\u00e9cnicas concebidas para melhorar a integridade e a seguran\u00e7a das informa\u00e7\u00f5es que recolhemos e mantemos. Tenha em aten\u00e7\u00e3o que nenhuma medida de seguran\u00e7a \u00e9 perfeita ou impenetr\u00e1vel. N\u00e3o podemos e n\u00e3o garantimos que as informa\u00e7\u00f5es sobre o utilizador n\u00e3o ser\u00e3o acedidas, visualizadas, divulgadas, alteradas ou destru\u00eddas por viola\u00e7\u00e3o de qualquer uma das nossas salvaguardas f\u00edsicas, t\u00e9cnicas ou de gest\u00e3o.<\/p>\t\t\t\t\t\t\t\t<\/div>\n\t\t\t\t<\/div>\n\t\t<div class=\"elementor-element elementor-element-92f6d97 e-con-full e-flex e-con e-child\" data-id=\"92f6d97\" data-element_type=\"container\">\n\t\t\t\t<div class=\"elementor-element elementor-element-891dbff elementor-widget elementor-widget-heading\" data-id=\"891dbff\" data-element_type=\"widget\" data-widget_type=\"heading.default\">\n\t\t\t\t\t<h2 class=\"elementor-heading-title elementor-size-default\">Visitantes internacionais<\/h2>\t\t\t\t<\/div>\n\t\t\t\t<div class=\"elementor-element elementor-element-20af4d6 elementor-widget elementor-widget-text-editor\" data-id=\"20af4d6\" data-element_type=\"widget\" data-widget_type=\"text-editor.default\">\n\t\t\t\t\t\t\t\t\t<p>O S\u00edtio est\u00e1 alojado nos Estados Unidos e destina-se a visitantes localizados nos Estados Unidos. Se optar por utilizar o S\u00edtio a partir da Uni\u00e3o Europeia ou de outras regi\u00f5es do mundo com leis que regem a recolha e utiliza\u00e7\u00e3o de dados que possam diferir da lei dos EUA, tenha em aten\u00e7\u00e3o que est\u00e1 a transferir as suas informa\u00e7\u00f5es pessoais fora dessas regi\u00f5es para os Estados Unidos para armazenamento e processamento. Al\u00e9m disso, podemos transferir os seus dados dos EUA para outros pa\u00edses ou regi\u00f5es em liga\u00e7\u00e3o com o armazenamento e processamento de dados, satisfazendo os seus pedidos e operando o Site. Ao fornecer quaisquer informa\u00e7\u00f5es, incluindo informa\u00e7\u00f5es pessoais, no ou para o Site, o utilizador concorda com essa transfer\u00eancia, armazenamento e processamento.<\/p>\t\t\t\t\t\t\t\t<\/div>\n\t\t\t\t<\/div>\n\t\t<div class=\"elementor-element elementor-element-112f769 e-con-full e-flex e-con e-child\" data-id=\"112f769\" data-element_type=\"container\">\n\t\t\t\t<div class=\"elementor-element elementor-element-2b0368c elementor-widget elementor-widget-heading\" data-id=\"2b0368c\" data-element_type=\"widget\" data-widget_type=\"heading.default\">\n\t\t\t\t\t<h2 class=\"elementor-heading-title elementor-size-default\">Altera\u00e7\u00f5es e actualiza\u00e7\u00f5es da presente pol\u00edtica<\/h2>\t\t\t\t<\/div>\n\t\t\t\t<div class=\"elementor-element elementor-element-0db2c5e elementor-widget elementor-widget-text-editor\" data-id=\"0db2c5e\" data-element_type=\"widget\" data-widget_type=\"text-editor.default\">\n\t\t\t\t\t\t\t\t\t<main id=\"content\" class=\"site-main post-851 page type-page status-publish hentry\"><div class=\"page-content\"><div class=\"elementor elementor-851\" data-elementor-type=\"wp-page\" data-elementor-id=\"851\" data-elementor-post-type=\"page\"><div class=\"elementor-element elementor-element-fd60c3b e-flex e-con-boxed e-con e-parent e-lazyloaded\" data-id=\"fd60c3b\" data-element_type=\"container\"><div class=\"e-con-inner\"><div class=\"elementor-element elementor-element-1532e63 elementor-widget elementor-widget-text-editor\" data-id=\"1532e63\" data-element_type=\"widget\" data-widget_type=\"text-editor.default\"><div class=\"elementor-widget-container\"><p>Reveja esta p\u00e1gina periodicamente para se manter a par de quaisquer altera\u00e7\u00f5es a esta Pol\u00edtica, que poder\u00e1 ser actualizada periodicamente. Se modificarmos esta Pol\u00edtica, disponibiliz\u00e1-la-emos atrav\u00e9s do S\u00edtio e indicaremos a data da \u00faltima revis\u00e3o. Na eventualidade de as modifica\u00e7\u00f5es alterarem materialmente os direitos ou obriga\u00e7\u00f5es do utilizador ao abrigo do presente documento, envidaremos esfor\u00e7os razo\u00e1veis para o notificar da altera\u00e7\u00e3o. Por exemplo, poderemos enviar uma mensagem para o seu endere\u00e7o de correio eletr\u00f3nico, se tivermos um em arquivo, ou gerar um pop-up ou uma notifica\u00e7\u00e3o semelhante quando aceder ao Site pela primeira vez ap\u00f3s a realiza\u00e7\u00e3o de tais altera\u00e7\u00f5es materiais. A sua utiliza\u00e7\u00e3o continuada do Site ap\u00f3s a entrada em vigor da Pol\u00edtica revista indica que leu, compreendeu e concordou com a vers\u00e3o atual desta Pol\u00edtica.<\/p><\/div><\/div><\/div><\/div><\/div><\/div><\/main>\t\t\t\t\t\t\t\t<\/div>\n\t\t\t\t<\/div>\n\t\t\t\t<\/div>\n\t\t\t\t<\/div>","protected":false},"excerpt":{"rendered":"<p>This Privacy Policy (\u201cPolicy\u201d) describes the manner in which our site (\u201cwe,\u201d or \u201cus\u201d and our website at (the \u201cSite\u201d) use and collect data from individuals. This Policy, which is incorporated into and is subject to the terms of service, describes the information that we gather from you on the Site, how we use and [&hellip;]<\/p>\n","protected":false},"author":2,"featured_media":0,"parent":0,"menu_order":0,"comment_status":"closed","ping_status":"closed","template":"","meta":{"_seopress_robots_primary_cat":"","_seopress_titles_title":"","_seopress_titles_desc":"","_seopress_robots_index":"yes","footnotes":""},"class_list":["post-147","page","type-page","status-publish","hentry"],"_links":{"self":[{"href":"https:\/\/pepaxis.com\/pt\/wp-json\/wp\/v2\/pages\/147","targetHints":{"allow":["GET"]}}],"collection":[{"href":"https:\/\/pepaxis.com\/pt\/wp-json\/wp\/v2\/pages"}],"about":[{"href":"https:\/\/pepaxis.com\/pt\/wp-json\/wp\/v2\/types\/page"}],"author":[{"embeddable":true,"href":"https:\/\/pepaxis.com\/pt\/wp-json\/wp\/v2\/users\/2"}],"replies":[{"embeddable":true,"href":"https:\/\/pepaxis.com\/pt\/wp-json\/wp\/v2\/comments?post=147"}],"version-history":[{"count":0,"href":"https:\/\/pepaxis.com\/pt\/wp-json\/wp\/v2\/pages\/147\/revisions"}],"wp:attachment":[{"href":"https:\/\/pepaxis.com\/pt\/wp-json\/wp\/v2\/media?parent=147"}],"curies":[{"name":"wp","href":"https:\/\/api.w.org\/{rel}","templated":true}]}}