{"id":147,"date":"2026-01-06T15:38:49","date_gmt":"2026-01-06T07:38:49","guid":{"rendered":"https:\/\/pepaxis.com\/?page_id=147"},"modified":"2026-03-23T10:16:06","modified_gmt":"2026-03-23T02:16:06","slug":"informativa-sulla-privacy","status":"publish","type":"page","link":"https:\/\/pepaxis.com\/it\/privacy-policy\/","title":{"rendered":"Informativa sulla privacy"},"content":{"rendered":"<div data-elementor-type=\"wp-page\" data-elementor-id=\"147\" class=\"elementor elementor-147\" data-elementor-post-type=\"page\">\n\t\t\t\t<div class=\"elementor-element elementor-element-34153f59 e-con-full e-flex e-con e-parent\" data-id=\"34153f59\" data-element_type=\"container\" data-settings=\"{&quot;background_background&quot;:&quot;classic&quot;}\">\n\t\t\t\t<\/div>\n\t\t<div class=\"elementor-element elementor-element-3d53b974 e-con-full e-flex e-con e-parent\" data-id=\"3d53b974\" data-element_type=\"container\">\n\t\t<div class=\"elementor-element elementor-element-b84e904 e-con-full e-flex e-con e-child\" data-id=\"b84e904\" data-element_type=\"container\">\n\t\t\t\t<div class=\"elementor-element elementor-element-6861ec70 elementor-widget elementor-widget-text-editor\" data-id=\"6861ec70\" data-element_type=\"widget\" data-widget_type=\"text-editor.default\">\n\t\t\t\t\t\t\t\t\tLa presente Informativa sulla privacy (\u201cInformativa\u201d) descrive il modo in cui il nostro sito (\u201cnoi\u201d o \u201cci\u201d e il nostro sito web all'indirizzo (il \u201cSito\u201d) utilizza e raccoglie dati dagli individui. La presente Informativa, che \u00e8 incorporata e soggetta ai termini di servizio, descrive le informazioni che raccogliamo dall'utente sul Sito, le modalit\u00e0 di utilizzo e divulgazione di tali informazioni e le misure adottate per proteggere tali informazioni.\t\t\t\t\t\t\t\t<\/div>\n\t\t\t\t<\/div>\n\t\t<div class=\"elementor-element elementor-element-95fee8f e-con-full e-flex e-con e-child\" data-id=\"95fee8f\" data-element_type=\"container\">\n\t\t\t\t<div class=\"elementor-element elementor-element-da44293 elementor-widget elementor-widget-heading\" data-id=\"da44293\" data-element_type=\"widget\" data-widget_type=\"heading.default\">\n\t\t\t\t\t<h2 class=\"elementor-heading-title elementor-size-default\">Informazioni raccolte sul sito<\/h2>\t\t\t\t<\/div>\n\t\t\t\t<div class=\"elementor-element elementor-element-e2a31f4 elementor-widget elementor-widget-text-editor\" data-id=\"e2a31f4\" data-element_type=\"widget\" data-widget_type=\"text-editor.default\">\n\t\t\t\t\t\t\t\t\t<p>Informazioni fornite dall'utente. Quando l'utente utilizza il Sito, possiamo raccogliere informazioni su di lui, tra cui nome, indirizzo e-mail, indirizzo postale, carta di credito o altri dati di fatturazione. L'utente pu\u00f2 fornirci informazioni in vari modi sul Sito. Ad esempio, l'utente ci fornisce informazioni quando effettua un acquisto sul Sito o ci invia richieste relative al servizio clienti.<\/p><p>Cookie e informazioni raccolte automaticamente. Quando utilizzate il Sito, potremmo inviare uno o pi\u00f9 cookie - piccoli file di testo contenenti una stringa di caratteri alfanumerici - al vostro dispositivo. Possiamo utilizzare sia cookie di sessione che cookie persistenti. Un cookie di sessione scompare dopo la chiusura del browser. Un cookie persistente rimane anche dopo la chiusura del browser e pu\u00f2 essere utilizzato dal browser nelle visite successive al Sito. Vi invitiamo a consultare il file \u201cAiuto\u201d del vostro browser web per conoscere il modo corretto di modificare le impostazioni dei cookie.<\/p>\t\t\t\t\t\t\t\t<\/div>\n\t\t\t\t<\/div>\n\t\t<div class=\"elementor-element elementor-element-afaa54e e-con-full e-flex e-con e-child\" data-id=\"afaa54e\" data-element_type=\"container\">\n\t\t\t\t<div class=\"elementor-element elementor-element-2397427 elementor-widget elementor-widget-heading\" data-id=\"2397427\" data-element_type=\"widget\" data-widget_type=\"heading.default\">\n\t\t\t\t\t<h2 class=\"elementor-heading-title elementor-size-default\">Come utilizziamo le informazioni raccolte<\/h2>\t\t\t\t<\/div>\n\t\t\t\t<div class=\"elementor-element elementor-element-e807daa elementor-widget elementor-widget-text-editor\" data-id=\"e807daa\" data-element_type=\"widget\" data-widget_type=\"text-editor.default\">\n\t\t\t\t\t\t\t\t\t<p>Le informazioni raccolte sul Sito vengono utilizzate in vari modi per fornire il Sito e gestire la nostra attivit\u00e0, tra cui i seguenti:<\/p><p>Utilizziamo le informazioni raccolte sul Sito per gestire, mantenere, migliorare e fornire tutte le funzionalit\u00e0 del Sito, per fornire i servizi e le informazioni richieste dall'utente, per rispondere a commenti e domande e per fornire assistenza agli utenti, nonch\u00e9 per elaborare e consegnare iscrizioni e premi in relazione alle promozioni che possono essere offerte di volta in volta sul Sito.<\/p><p>Utilizziamo le informazioni raccolte sul Sito per comprendere e analizzare le tendenze e le preferenze di utilizzo dei nostri utenti, per migliorare il Sito e per sviluppare nuovi prodotti, servizi, caratteristiche e funzionalit\u00e0.<\/p><p>Possiamo utilizzare l'indirizzo e-mail dell'utente o altre informazioni raccolte per contattarlo a fini amministrativi, come il servizio clienti, o per inviare comunicazioni, compresi aggiornamenti su promozioni ed eventi, relativi a prodotti e servizi offerti da noi e da terzi.<\/p><p>Possiamo utilizzare i cookie e le informazioni raccolte automaticamente per: (i) personalizzare il nostro Sito, ad esempio ricordando le informazioni che vi riguardano in modo che non dobbiate reinserirle durante la vostra visita o la prossima volta che visiterete il Sito; (ii) fornire pubblicit\u00e0, contenuti e informazioni personalizzate; (iii) monitorare e analizzare l'efficacia del Sito e delle attivit\u00e0 di marketing di terzi; (iv) monitorare le metriche aggregate di utilizzo del sito, come il numero totale di visitatori e le pagine visualizzate; e (v) monitorare le vostre iscrizioni, i vostri invii e il vostro stato in qualsiasi promozione o altra attivit\u00e0 sul Sito.<\/p>\t\t\t\t\t\t\t\t<\/div>\n\t\t\t\t<\/div>\n\t\t<div class=\"elementor-element elementor-element-3c823cf e-con-full e-flex e-con e-child\" data-id=\"3c823cf\" data-element_type=\"container\">\n\t\t\t\t<div class=\"elementor-element elementor-element-84d8f82 elementor-widget elementor-widget-heading\" data-id=\"84d8f82\" data-element_type=\"widget\" data-widget_type=\"heading.default\">\n\t\t\t\t\t<h2 class=\"elementor-heading-title elementor-size-default\">Quando divulghiamo le informazioni<\/h2>\t\t\t\t<\/div>\n\t\t\t\t<div class=\"elementor-element elementor-element-db2c4ca elementor-widget elementor-widget-text-editor\" data-id=\"db2c4ca\" data-element_type=\"widget\" data-widget_type=\"text-editor.default\">\n\t\t\t\t\t\t\t\t\t<p>Salvo quanto descritto nella presente Informativa, non divulgheremo a terzi le informazioni sull'utente raccolte sul Sito senza il consenso dell'utente. Possiamo divulgare le informazioni a terzi se l'utente acconsente a farlo, nonch\u00e9 nelle seguenti circostanze:<\/p><p>Qualsiasi informazione che l'utente sceglie volontariamente di includere in un'area del Sito accessibile pubblicamente sar\u00e0 disponibile a chiunque abbia accesso a tale contenuto, compresi gli altri utenti.<\/p><p>Collaboriamo con fornitori di servizi terzi per la fornitura di siti web, sviluppo di applicazioni, hosting, manutenzione, stampa e altri servizi. Queste terze parti possono avere accesso o elaborare informazioni sull'utente nell'ambito della fornitura di tali servizi.<\/p><p>Possiamo divulgare informazioni sull'utente se richiesto dalla legge o se riteniamo in buona fede che tale azione sia necessaria per ottemperare alle leggi statali e federali, in risposta a un ordine del tribunale, a una citazione o a un mandato giudiziario o di altro tipo da parte del governo, o per collaborare in altro modo con le forze dell'ordine o con altre agenzie governative.<\/p><p>Ci riserviamo inoltre il diritto di divulgare informazioni sull'utente che riteniamo, in buona fede, appropriate o necessarie per: (i) prendere precauzioni contro le responsabilit\u00e0; (ii) proteggere noi stessi o altri da usi o attivit\u00e0 fraudolente, abusive o illegali; (iii) indagare e difenderci da eventuali reclami o accuse di terzi; (iv) proteggere la sicurezza o l'integrit\u00e0 del Sito e di qualsiasi struttura o attrezzatura utilizzata per rendere disponibile il Sito; o (v) proteggere la nostra propriet\u00e0 o altri diritti legali (tra cui, ma non solo, l'applicazione dei nostri accordi), o i diritti, la propriet\u00e0 o la sicurezza di altri.<\/p><p>Le informazioni sui nostri utenti possono essere divulgate e trasferite in altro modo a un acquirente, successore o cessionario nell'ambito di fusioni, acquisizioni, finanziamento del debito, vendita di beni o transazioni simili, o in caso di insolvenza, bancarotta o amministrazione controllata in cui le informazioni vengono trasferite a una o pi\u00f9 terze parti come uno dei nostri beni aziendali.<\/p><p>Possiamo mettere a disposizione di terzi alcune informazioni aggregate, raccolte automaticamente o altrimenti non personali per vari scopi, tra cui: (i) la conformit\u00e0 a vari obblighi di rendicontazione; (ii) per scopi commerciali o di marketing; o (iii) per aiutare tali parti a comprendere gli interessi, le abitudini e i modelli di utilizzo dei nostri utenti per determinati programmi, contenuti, servizi, pubblicit\u00e0, promozioni e\/o funzionalit\u00e0 disponibili attraverso il Sito.<\/p>\t\t\t\t\t\t\t\t<\/div>\n\t\t\t\t<\/div>\n\t\t<div class=\"elementor-element elementor-element-08da007 e-con-full e-flex e-con e-child\" data-id=\"08da007\" data-element_type=\"container\">\n\t\t\t\t<div class=\"elementor-element elementor-element-070c0fc elementor-widget elementor-widget-heading\" data-id=\"070c0fc\" data-element_type=\"widget\" data-widget_type=\"heading.default\">\n\t\t\t\t\t<h2 class=\"elementor-heading-title elementor-size-default\">Le vostre scelte<\/h2>\t\t\t\t<\/div>\n\t\t\t\t<div class=\"elementor-element elementor-element-0ae2b1e elementor-widget elementor-widget-text-editor\" data-id=\"0ae2b1e\" data-element_type=\"widget\" data-widget_type=\"text-editor.default\">\n\t\t\t\t\t\t\t\t\t<p>Naturalmente, l'utente pu\u00f2 rifiutare di condividere determinate informazioni con noi, nel qual caso potremmo non essere in grado di fornirgli alcune delle caratteristiche e funzionalit\u00e0 del Sito. L'utente pu\u00f2 aggiornare, correggere o cancellare le informazioni e le preferenze del proprio account in qualsiasi momento accedendo alla pagina delle preferenze del proprio account sul Sito. Si noti che, sebbene le modifiche apportate dall'utente si rifletteranno nei database degli utenti attivi entro un periodo di tempo ragionevole, possiamo conservare tutte le informazioni inviate dall'utente a scopo di backup, archiviazione, prevenzione di frodi e abusi, analisi, adempimento di obblighi legali o qualora ritenessimo di avere un motivo legittimo per farlo.<\/p><p>Se si ricevono e-mail commerciali da parte nostra, \u00e8 possibile annullare l'iscrizione in qualsiasi momento seguendo le istruzioni contenute nell'e-mail. L'utente pu\u00f2 anche scegliere di non ricevere pi\u00f9 e-mail commerciali da parte nostra. Possiamo consentire all'utente di visualizzare e modificare le impostazioni relative alla natura e alla frequenza delle comunicazioni promozionali che riceve da noi nelle funzionalit\u00e0 dell'account utente sul Sito.<\/p><p>Se l'utente decide di non ricevere pi\u00f9 messaggi di posta elettronica commerciali da parte nostra o di modificare in altro modo la natura o la frequenza delle comunicazioni promozionali che riceve da noi, potrebbero essere necessari fino a dieci giorni lavorativi per elaborare la richiesta e l'utente potrebbe continuare a ricevere comunicazioni promozionali da parte nostra durante questo periodo. Inoltre, anche dopo aver rinunciato a ricevere messaggi commerciali da parte nostra, l'utente continuer\u00e0 a ricevere messaggi amministrativi relativi al Sito.<\/p>\t\t\t\t\t\t\t\t<\/div>\n\t\t\t\t<\/div>\n\t\t<div class=\"elementor-element elementor-element-19356af e-con-full e-flex e-con e-child\" data-id=\"19356af\" data-element_type=\"container\">\n\t\t\t\t<div class=\"elementor-element elementor-element-db35c5b elementor-widget elementor-widget-heading\" data-id=\"db35c5b\" data-element_type=\"widget\" data-widget_type=\"heading.default\">\n\t\t\t\t\t<h2 class=\"elementor-heading-title elementor-size-default\">Siti di terze parti<\/h2>\t\t\t\t<\/div>\n\t\t\t\t<div class=\"elementor-element elementor-element-a5334bc elementor-widget elementor-widget-text-editor\" data-id=\"a5334bc\" data-element_type=\"widget\" data-widget_type=\"text-editor.default\">\n\t\t\t\t\t\t\t\t\t<p>Il Sito pu\u00f2 contenere funzioni o link a siti web e servizi forniti da terzi. Qualsiasi informazione fornita dall'utente su siti o servizi di terzi viene fornita direttamente agli operatori di tali servizi ed \u00e8 soggetta alle politiche di tali operatori, se esistenti, che regolano la privacy e la sicurezza, anche se si accede attraverso il Sito. Non siamo responsabili del contenuto o delle prassi e politiche in materia di privacy e sicurezza dei siti o servizi di terzi a cui si accede tramite il Sito. Vi invitiamo a informarvi sulle politiche di privacy e sicurezza di terzi prima di fornire loro informazioni.<\/p>\t\t\t\t\t\t\t\t<\/div>\n\t\t\t\t<\/div>\n\t\t<div class=\"elementor-element elementor-element-ab004ac e-con-full e-flex e-con e-child\" data-id=\"ab004ac\" data-element_type=\"container\">\n\t\t\t\t<div class=\"elementor-element elementor-element-48bf7f0 elementor-widget elementor-widget-heading\" data-id=\"48bf7f0\" data-element_type=\"widget\" data-widget_type=\"heading.default\">\n\t\t\t\t\t<h2 class=\"elementor-heading-title elementor-size-default\">Privacy dei bambini\n<\/h2>\t\t\t\t<\/div>\n\t\t\t\t<div class=\"elementor-element elementor-element-5a38f18 elementor-widget elementor-widget-text-editor\" data-id=\"5a38f18\" data-element_type=\"widget\" data-widget_type=\"text-editor.default\">\n\t\t\t\t\t\t\t\t\t<p>Proteggere la privacy dei bambini \u00e8 particolarmente importante. Il nostro Sito \u00e8 un sito per un pubblico generico, non rivolto a bambini di et\u00e0 inferiore ai 13 anni, e non raccogliamo consapevolmente informazioni personali da bambini di et\u00e0 inferiore ai 13 anni senza il consenso dei genitori.<\/p>\t\t\t\t\t\t\t\t<\/div>\n\t\t\t\t<\/div>\n\t\t<div class=\"elementor-element elementor-element-b7b3f9b e-con-full e-flex e-con e-child\" data-id=\"b7b3f9b\" data-element_type=\"container\">\n\t\t\t\t<div class=\"elementor-element elementor-element-4b8ff57 elementor-widget elementor-widget-heading\" data-id=\"4b8ff57\" data-element_type=\"widget\" data-widget_type=\"heading.default\">\n\t\t\t\t\t<h2 class=\"elementor-heading-title elementor-size-default\">Sicurezza dei dati<\/h2>\t\t\t\t<\/div>\n\t\t\t\t<div class=\"elementor-element elementor-element-d364b0e elementor-widget elementor-widget-text-editor\" data-id=\"d364b0e\" data-element_type=\"widget\" data-widget_type=\"text-editor.default\">\n\t\t\t\t\t\t\t\t\t<p>Utilizziamo alcune misure di sicurezza fisiche, manageriali e tecniche che hanno lo scopo di migliorare l'integrit\u00e0 e la sicurezza delle informazioni che raccogliamo e conserviamo. Si tenga presente che nessuna misura di sicurezza \u00e8 perfetta o impenetrabile. Non possiamo e non garantiamo che le informazioni che vi riguardano non siano accessibili, visualizzate, divulgate, alterate o distrutte a causa di una violazione delle nostre misure di sicurezza fisiche, tecniche o gestionali.<\/p>\t\t\t\t\t\t\t\t<\/div>\n\t\t\t\t<\/div>\n\t\t<div class=\"elementor-element elementor-element-92f6d97 e-con-full e-flex e-con e-child\" data-id=\"92f6d97\" data-element_type=\"container\">\n\t\t\t\t<div class=\"elementor-element elementor-element-891dbff elementor-widget elementor-widget-heading\" data-id=\"891dbff\" data-element_type=\"widget\" data-widget_type=\"heading.default\">\n\t\t\t\t\t<h2 class=\"elementor-heading-title elementor-size-default\">Visitatori internazionali<\/h2>\t\t\t\t<\/div>\n\t\t\t\t<div class=\"elementor-element elementor-element-20af4d6 elementor-widget elementor-widget-text-editor\" data-id=\"20af4d6\" data-element_type=\"widget\" data-widget_type=\"text-editor.default\">\n\t\t\t\t\t\t\t\t\t<p>Il Sito \u00e8 ospitato negli Stati Uniti ed \u00e8 destinato ai visitatori che si trovano negli Stati Uniti. Se scegliete di utilizzare il Sito dall'Unione Europea o da altre regioni del mondo con leggi che regolano la raccolta e l'utilizzo dei dati che possono differire dalle leggi statunitensi, vi preghiamo di notare che state trasferendo i vostri dati personali al di fuori di tali regioni negli Stati Uniti per la conservazione e l'elaborazione. Inoltre, potremmo trasferire i vostri dati dagli Stati Uniti ad altri paesi o regioni in relazione all'archiviazione e all'elaborazione dei dati, all'evasione delle vostre richieste e alla gestione del Sito. Fornendo qualsiasi informazione, comprese le informazioni personali, sul o al Sito, l'utente acconsente a tale trasferimento, archiviazione ed elaborazione.<\/p>\t\t\t\t\t\t\t\t<\/div>\n\t\t\t\t<\/div>\n\t\t<div class=\"elementor-element elementor-element-112f769 e-con-full e-flex e-con e-child\" data-id=\"112f769\" data-element_type=\"container\">\n\t\t\t\t<div class=\"elementor-element elementor-element-2b0368c elementor-widget elementor-widget-heading\" data-id=\"2b0368c\" data-element_type=\"widget\" data-widget_type=\"heading.default\">\n\t\t\t\t\t<h2 class=\"elementor-heading-title elementor-size-default\">Modifiche e aggiornamenti a questa politica<\/h2>\t\t\t\t<\/div>\n\t\t\t\t<div class=\"elementor-element elementor-element-0db2c5e elementor-widget elementor-widget-text-editor\" data-id=\"0db2c5e\" data-element_type=\"widget\" data-widget_type=\"text-editor.default\">\n\t\t\t\t\t\t\t\t\t<main id=\"content\" class=\"site-main post-851 page type-page status-publish hentry\"><div class=\"page-content\"><div class=\"elementor elementor-851\" data-elementor-type=\"wp-page\" data-elementor-id=\"851\" data-elementor-post-type=\"page\"><div class=\"elementor-element elementor-element-fd60c3b e-flex e-con-boxed e-con e-parent e-lazyloaded\" data-id=\"fd60c3b\" data-element_type=\"container\"><div class=\"e-con-inner\"><div class=\"elementor-element elementor-element-1532e63 elementor-widget elementor-widget-text-editor\" data-id=\"1532e63\" data-element_type=\"widget\" data-widget_type=\"text-editor.default\"><div class=\"elementor-widget-container\"><p>Si prega di rivedere periodicamente questa pagina per essere al corrente di eventuali modifiche alla presente Informativa, che potremmo aggiornare di tanto in tanto. In caso di modifiche alla presente Informativa, le renderemo disponibili attraverso il Sito, indicando la data dell'ultima revisione. Nel caso in cui le modifiche alterino in modo sostanziale i diritti o gli obblighi dell'utente, faremo il possibile per notificare all'utente la modifica. Ad esempio, potremmo inviare un messaggio al vostro indirizzo e-mail, se ne abbiamo uno in archivio, o generare un pop-up o una notifica simile quando accedete al Sito per la prima volta dopo che sono state apportate tali modifiche materiali. L'uso continuato del Sito da parte dell'utente dopo l'entrata in vigore della nuova Politica indica che l'utente ha letto, compreso e accettato la versione attuale di questa Politica.<\/p><\/div><\/div><\/div><\/div><\/div><\/div><\/main>\t\t\t\t\t\t\t\t<\/div>\n\t\t\t\t<\/div>\n\t\t\t\t<\/div>\n\t\t\t\t<\/div>","protected":false},"excerpt":{"rendered":"<p>This Privacy Policy (\u201cPolicy\u201d) describes the manner in which our site (\u201cwe,\u201d or \u201cus\u201d and our website at (the \u201cSite\u201d) use and collect data from individuals. This Policy, which is incorporated into and is subject to the terms of service, describes the information that we gather from you on the Site, how we use and [&hellip;]<\/p>\n","protected":false},"author":2,"featured_media":0,"parent":0,"menu_order":0,"comment_status":"closed","ping_status":"closed","template":"","meta":{"_seopress_robots_primary_cat":"","_seopress_titles_title":"","_seopress_titles_desc":"","_seopress_robots_index":"yes","footnotes":""},"class_list":["post-147","page","type-page","status-publish","hentry"],"_links":{"self":[{"href":"https:\/\/pepaxis.com\/it\/wp-json\/wp\/v2\/pages\/147","targetHints":{"allow":["GET"]}}],"collection":[{"href":"https:\/\/pepaxis.com\/it\/wp-json\/wp\/v2\/pages"}],"about":[{"href":"https:\/\/pepaxis.com\/it\/wp-json\/wp\/v2\/types\/page"}],"author":[{"embeddable":true,"href":"https:\/\/pepaxis.com\/it\/wp-json\/wp\/v2\/users\/2"}],"replies":[{"embeddable":true,"href":"https:\/\/pepaxis.com\/it\/wp-json\/wp\/v2\/comments?post=147"}],"version-history":[{"count":0,"href":"https:\/\/pepaxis.com\/it\/wp-json\/wp\/v2\/pages\/147\/revisions"}],"wp:attachment":[{"href":"https:\/\/pepaxis.com\/it\/wp-json\/wp\/v2\/media?parent=147"}],"curies":[{"name":"wp","href":"https:\/\/api.w.org\/{rel}","templated":true}]}}