{"id":151,"date":"2026-01-06T15:39:19","date_gmt":"2026-01-06T07:39:19","guid":{"rendered":"https:\/\/pepaxis.com\/?page_id=151"},"modified":"2026-03-23T10:17:05","modified_gmt":"2026-03-23T02:17:05","slug":"politique-en-matiere-de-cookies","status":"publish","type":"page","link":"https:\/\/pepaxis.com\/fr\/cookie-policy\/","title":{"rendered":"Politique en mati\u00e8re de cookies"},"content":{"rendered":"<div data-elementor-type=\"wp-page\" data-elementor-id=\"151\" class=\"elementor elementor-151\" data-elementor-post-type=\"page\">\n\t\t\t\t<div class=\"elementor-element elementor-element-74a9207a e-con-full e-flex e-con e-parent\" data-id=\"74a9207a\" data-element_type=\"container\" data-settings=\"{&quot;background_background&quot;:&quot;classic&quot;}\">\n\t\t\t\t<\/div>\n\t\t<div class=\"elementor-element elementor-element-a4b3335 e-con-full e-flex e-con e-parent\" data-id=\"a4b3335\" data-element_type=\"container\">\n\t\t<div class=\"elementor-element elementor-element-24d09d70 e-con-full e-flex e-con e-child\" data-id=\"24d09d70\" data-element_type=\"container\">\n\t\t\t\t<div class=\"elementor-element elementor-element-69dc102a elementor-widget elementor-widget-text-editor\" data-id=\"69dc102a\" data-element_type=\"widget\" data-widget_type=\"text-editor.default\">\n\t\t\t\t\t\t\t\t\t<p>Un cookie est une petite quantit\u00e9 d'informations qui est t\u00e9l\u00e9charg\u00e9e sur votre ordinateur ou votre appareil lorsque vous visitez notre site. Nous utilisons un certain nombre de cookies diff\u00e9rents, notamment des cookies fonctionnels, de performance, de publicit\u00e9, de m\u00e9dias sociaux ou de contenu.<\/p><p>Les cookies am\u00e9liorent votre exp\u00e9rience de navigation en permettant au site web de se souvenir de vos actions et de vos pr\u00e9f\u00e9rences (telles que la connexion et la s\u00e9lection de la r\u00e9gion). Cela signifie que vous n'avez pas \u00e0 saisir \u00e0 nouveau ces informations chaque fois que vous revenez sur le site ou que vous naviguez d'une page \u00e0 l'autre.<\/p><p>Les cookies fournissent \u00e9galement des informations sur la mani\u00e8re dont les personnes utilisent le site web, par exemple s'il s'agit de leur premi\u00e8re visite ou s'il s'agit de visiteurs fr\u00e9quents.<\/p><p>N'oubliez pas que la suppression ou le blocage des cookies peut avoir un impact n\u00e9gatif sur votre exp\u00e9rience d'utilisateur et que certaines parties de notre site web peuvent ne plus \u00eatre enti\u00e8rement accessibles.<\/p><p>La dur\u00e9e pendant laquelle un cookie reste sur votre ordinateur ou votre appareil mobile varie selon qu'il s'agit d'un cookie \u201cpersistant\u201d ou d'un cookie \u201cde session\u201d. Les cookies de session durent jusqu'\u00e0 ce que vous arr\u00eatiez de naviguer et les cookies persistants durent jusqu'\u00e0 ce qu'ils expirent ou soient supprim\u00e9s. La plupart des cookies que nous utilisons sont persistants et expirent entre 30 minutes et deux ans \u00e0 compter de la date \u00e0 laquelle ils ont \u00e9t\u00e9 t\u00e9l\u00e9charg\u00e9s sur votre appareil.<\/p><p>Vous pouvez contr\u00f4ler et g\u00e9rer les cookies de diff\u00e9rentes mani\u00e8res.<\/p><p>La plupart des navigateurs acceptent automatiquement les cookies, mais vous pouvez choisir d'accepter ou non les cookies par le biais des contr\u00f4les de votre navigateur, qui se trouvent souvent dans le menu \u201cOutils\u201d ou \u201cPr\u00e9f\u00e9rences\u201d de votre navigateur. Pour plus d'informations sur la mani\u00e8re de modifier les param\u00e8tres de votre navigateur ou de bloquer, g\u00e9rer ou filtrer les cookies, vous pouvez consulter le fichier d'aide de votre navigateur.<\/p><p>En outre, veuillez noter que le blocage des cookies peut ne pas emp\u00eacher compl\u00e8tement la fa\u00e7on dont nous partageons des informations avec des tiers tels que nos partenaires publicitaires. Pour exercer vos droits ou refuser certaines utilisations de vos informations par ces parties, veuillez suivre les instructions de la section \u201cPublicit\u00e9 comportementale\u201d de notre politique de confidentialit\u00e9.<\/p>\t\t\t\t\t\t\t\t<\/div>\n\t\t\t\t<\/div>\n\t\t\t\t<\/div>\n\t\t\t\t<\/div>","protected":false},"excerpt":{"rendered":"<p>A cookie is a small amount of information that\u2019s downloaded to your computer or device when you visit our Site. We use a number of different cookies, including functional, performance, advertising, and social media or content cookies. Cookies make your browsing experience better by allowing the website to remember your actions and preferences (such as [&hellip;]<\/p>\n","protected":false},"author":2,"featured_media":0,"parent":0,"menu_order":0,"comment_status":"closed","ping_status":"closed","template":"","meta":{"_seopress_robots_primary_cat":"","_seopress_titles_title":"","_seopress_titles_desc":"","_seopress_robots_index":"yes","footnotes":""},"class_list":["post-151","page","type-page","status-publish","hentry"],"_links":{"self":[{"href":"https:\/\/pepaxis.com\/fr\/wp-json\/wp\/v2\/pages\/151","targetHints":{"allow":["GET"]}}],"collection":[{"href":"https:\/\/pepaxis.com\/fr\/wp-json\/wp\/v2\/pages"}],"about":[{"href":"https:\/\/pepaxis.com\/fr\/wp-json\/wp\/v2\/types\/page"}],"author":[{"embeddable":true,"href":"https:\/\/pepaxis.com\/fr\/wp-json\/wp\/v2\/users\/2"}],"replies":[{"embeddable":true,"href":"https:\/\/pepaxis.com\/fr\/wp-json\/wp\/v2\/comments?post=151"}],"version-history":[{"count":0,"href":"https:\/\/pepaxis.com\/fr\/wp-json\/wp\/v2\/pages\/151\/revisions"}],"wp:attachment":[{"href":"https:\/\/pepaxis.com\/fr\/wp-json\/wp\/v2\/media?parent=151"}],"curies":[{"name":"wp","href":"https:\/\/api.w.org\/{rel}","templated":true}]}}