{"id":147,"date":"2026-01-06T15:38:49","date_gmt":"2026-01-06T07:38:49","guid":{"rendered":"https:\/\/pepaxis.com\/?page_id=147"},"modified":"2026-03-23T10:16:06","modified_gmt":"2026-03-23T02:16:06","slug":"politique-de-confidentialite","status":"publish","type":"page","link":"https:\/\/pepaxis.com\/fr\/privacy-policy\/","title":{"rendered":"Politique de confidentialit\u00e9"},"content":{"rendered":"<div data-elementor-type=\"wp-page\" data-elementor-id=\"147\" class=\"elementor elementor-147\" data-elementor-post-type=\"page\">\n\t\t\t\t<div class=\"elementor-element elementor-element-34153f59 e-con-full e-flex e-con e-parent\" data-id=\"34153f59\" data-element_type=\"container\" data-settings=\"{&quot;background_background&quot;:&quot;classic&quot;}\">\n\t\t\t\t<\/div>\n\t\t<div class=\"elementor-element elementor-element-3d53b974 e-con-full e-flex e-con e-parent\" data-id=\"3d53b974\" data-element_type=\"container\">\n\t\t<div class=\"elementor-element elementor-element-b84e904 e-con-full e-flex e-con e-child\" data-id=\"b84e904\" data-element_type=\"container\">\n\t\t\t\t<div class=\"elementor-element elementor-element-6861ec70 elementor-widget elementor-widget-text-editor\" data-id=\"6861ec70\" data-element_type=\"widget\" data-widget_type=\"text-editor.default\">\n\t\t\t\t\t\t\t\t\tLa pr\u00e9sente politique de protection de la vie priv\u00e9e (\u201cpolitique\u201d) d\u00e9crit la mani\u00e8re dont notre site (\u201cnous\u201d et notre site web \u00e0 l'adresse (le \u201csite\u201d) utilise et recueille des donn\u00e9es aupr\u00e8s des personnes. La pr\u00e9sente politique, qui est int\u00e9gr\u00e9e aux conditions de service et y est soumise, d\u00e9crit les informations que nous recueillons aupr\u00e8s de vous sur le site, la mani\u00e8re dont nous utilisons et divulguons ces informations, ainsi que les mesures que nous prenons pour les prot\u00e9ger.\t\t\t\t\t\t\t\t<\/div>\n\t\t\t\t<\/div>\n\t\t<div class=\"elementor-element elementor-element-95fee8f e-con-full e-flex e-con e-child\" data-id=\"95fee8f\" data-element_type=\"container\">\n\t\t\t\t<div class=\"elementor-element elementor-element-da44293 elementor-widget elementor-widget-heading\" data-id=\"da44293\" data-element_type=\"widget\" data-widget_type=\"heading.default\">\n\t\t\t\t\t<h2 class=\"elementor-heading-title elementor-size-default\">Informations recueillies sur le site<\/h2>\t\t\t\t<\/div>\n\t\t\t\t<div class=\"elementor-element elementor-element-e2a31f4 elementor-widget elementor-widget-text-editor\" data-id=\"e2a31f4\" data-element_type=\"widget\" data-widget_type=\"text-editor.default\">\n\t\t\t\t\t\t\t\t\t<p>Informations fournies par l'utilisateur. Lorsque vous utilisez le site, nous pouvons recueillir des informations vous concernant, notamment votre nom, votre adresse \u00e9lectronique, votre adresse postale, votre carte de cr\u00e9dit ou d'autres informations de facturation. Vous pouvez nous fournir des informations de diff\u00e9rentes mani\u00e8res sur le site. Par exemple, vous nous fournissez des informations lorsque vous effectuez un achat sur le site ou lorsque vous nous envoyez des demandes li\u00e9es au service client\u00e8le.<\/p><p>Cookies et informations collect\u00e9es automatiquement. Lorsque vous utilisez le site, nous pouvons envoyer un ou plusieurs cookies - petits fichiers texte contenant une cha\u00eene de caract\u00e8res alphanum\u00e9riques - \u00e0 votre appareil. Nous pouvons utiliser \u00e0 la fois des cookies de session et des cookies persistants. Un cookie de session dispara\u00eet lorsque vous fermez votre navigateur. Un cookie persistant demeure apr\u00e8s la fermeture de votre navigateur et peut \u00eatre utilis\u00e9 par votre navigateur lors de visites ult\u00e9rieures sur le site. Veuillez consulter le fichier d'aide de votre navigateur pour savoir comment modifier vos param\u00e8tres de cookies.<\/p>\t\t\t\t\t\t\t\t<\/div>\n\t\t\t\t<\/div>\n\t\t<div class=\"elementor-element elementor-element-afaa54e e-con-full e-flex e-con e-child\" data-id=\"afaa54e\" data-element_type=\"container\">\n\t\t\t\t<div class=\"elementor-element elementor-element-2397427 elementor-widget elementor-widget-heading\" data-id=\"2397427\" data-element_type=\"widget\" data-widget_type=\"heading.default\">\n\t\t\t\t\t<h2 class=\"elementor-heading-title elementor-size-default\">Comment nous utilisons les informations que nous recueillons<\/h2>\t\t\t\t<\/div>\n\t\t\t\t<div class=\"elementor-element elementor-element-e807daa elementor-widget elementor-widget-text-editor\" data-id=\"e807daa\" data-element_type=\"widget\" data-widget_type=\"text-editor.default\">\n\t\t\t\t\t\t\t\t\t<p>Nous utilisons les informations que nous recueillons sur le site de diverses mani\u00e8res pour fournir le site et g\u00e9rer nos activit\u00e9s, notamment les suivantes :<\/p><p>Nous utilisons les informations que nous recueillons sur le site pour exploiter, maintenir, am\u00e9liorer et fournir toutes les fonctionnalit\u00e9s du site, pour fournir les services et les informations que vous demandez, pour r\u00e9pondre aux commentaires et aux questions et pour fournir une assistance aux utilisateurs, ainsi que pour traiter et d\u00e9livrer des inscriptions et des r\u00e9compenses dans le cadre des promotions qui peuvent \u00eatre propos\u00e9es de temps \u00e0 autre sur le site.<\/p><p>Nous utilisons les informations que nous recueillons sur le site pour comprendre et analyser les tendances d'utilisation et les pr\u00e9f\u00e9rences de nos utilisateurs, pour am\u00e9liorer le site et pour d\u00e9velopper de nouveaux produits, services, caract\u00e9ristiques et fonctionnalit\u00e9s.<\/p><p>Nous pouvons utiliser votre adresse \u00e9lectronique ou d'autres informations que nous recueillons pour vous contacter \u00e0 des fins administratives telles que le service client\u00e8le ou pour envoyer des communications, y compris des mises \u00e0 jour sur des promotions et des \u00e9v\u00e9nements, concernant des produits et des services offerts par nous et par des tiers.<\/p><p>Nous pouvons utiliser des cookies et des informations collect\u00e9es automatiquement pour : (i) personnaliser notre site, par exemple en m\u00e9morisant des informations vous concernant afin que vous n'ayez pas \u00e0 les saisir \u00e0 nouveau pendant votre visite ou lors de votre prochaine visite sur le site ; (ii) fournir des publicit\u00e9s, du contenu et des informations personnalis\u00e9s ; (iii) contr\u00f4ler et analyser l'efficacit\u00e9 du site et des activit\u00e9s de marketing de tiers ; (iv) contr\u00f4ler les mesures globales d'utilisation du site telles que le nombre total de visiteurs et les pages consult\u00e9es ; et (v) suivre vos entr\u00e9es, vos soumissions et votre statut dans le cadre de promotions ou d'autres activit\u00e9s sur le site.<\/p>\t\t\t\t\t\t\t\t<\/div>\n\t\t\t\t<\/div>\n\t\t<div class=\"elementor-element elementor-element-3c823cf e-con-full e-flex e-con e-child\" data-id=\"3c823cf\" data-element_type=\"container\">\n\t\t\t\t<div class=\"elementor-element elementor-element-84d8f82 elementor-widget elementor-widget-heading\" data-id=\"84d8f82\" data-element_type=\"widget\" data-widget_type=\"heading.default\">\n\t\t\t\t\t<h2 class=\"elementor-heading-title elementor-size-default\">Lorsque nous divulguons des informations<\/h2>\t\t\t\t<\/div>\n\t\t\t\t<div class=\"elementor-element elementor-element-db2c4ca elementor-widget elementor-widget-text-editor\" data-id=\"db2c4ca\" data-element_type=\"widget\" data-widget_type=\"text-editor.default\">\n\t\t\t\t\t\t\t\t\t<p>Sauf dans les cas d\u00e9crits dans la pr\u00e9sente politique, nous ne divulguerons pas \u00e0 des tiers les informations vous concernant que nous recueillons sur le site sans votre consentement. Nous pouvons divulguer des informations \u00e0 des tiers si vous y consentez, ainsi que dans les circonstances suivantes :<\/p><p>Toute information que vous choisissez volontairement d'inclure dans une zone du site accessible au public sera disponible pour toute personne ayant acc\u00e8s \u00e0 ce contenu, y compris les autres utilisateurs.<\/p><p>Nous travaillons avec des prestataires de services tiers pour nous fournir un site web, le d\u00e9veloppement d'applications, l'h\u00e9bergement, la maintenance, l'impression et d'autres services. Ces tiers peuvent avoir acc\u00e8s \u00e0 des informations vous concernant ou les traiter dans le cadre de la fourniture de ces services.<\/p><p>Nous pouvons divulguer des informations vous concernant si la loi l'exige ou si nous pensons de bonne foi qu'une telle action est n\u00e9cessaire pour se conformer aux lois f\u00e9d\u00e9rales et de l'\u00c9tat, en r\u00e9ponse \u00e0 une ordonnance du tribunal, \u00e0 une assignation ou \u00e0 un mandat judiciaire ou gouvernemental, ou pour coop\u00e9rer de toute autre mani\u00e8re avec les autorit\u00e9s charg\u00e9es de l'application de la loi ou d'autres agences gouvernementales.<\/p><p>Nous nous r\u00e9servons \u00e9galement le droit de divulguer des informations vous concernant si nous estimons, en toute bonne foi, que cela est appropri\u00e9 ou n\u00e9cessaire pour : (i) prendre des pr\u00e9cautions en mati\u00e8re de responsabilit\u00e9 ; (ii) nous prot\u00e9ger ou prot\u00e9ger les autres contre les utilisations ou activit\u00e9s frauduleuses, abusives ou ill\u00e9gales ; (iii) enqu\u00eater et nous d\u00e9fendre contre les r\u00e9clamations ou all\u00e9gations de tiers ; (iv) prot\u00e9ger la s\u00e9curit\u00e9 ou l'int\u00e9grit\u00e9 du site et de toute installation ou \u00e9quipement utilis\u00e9 pour rendre le site disponible ; ou (v) prot\u00e9ger notre propri\u00e9t\u00e9 ou d'autres droits l\u00e9gaux (y compris, mais sans s'y limiter, l'application de nos accords), ou les droits, la propri\u00e9t\u00e9 ou la s\u00e9curit\u00e9 d'autrui.<\/p><p>Les informations concernant nos utilisateurs peuvent \u00eatre divulgu\u00e9es et transf\u00e9r\u00e9es \u00e0 un acqu\u00e9reur, un successeur ou un cessionnaire dans le cadre d'une fusion, d'une acquisition, d'un financement par emprunt, d'une vente d'actifs ou d'une transaction similaire, ou en cas d'insolvabilit\u00e9, de faillite ou de mise sous s\u00e9questre dans le cadre de laquelle les informations sont transf\u00e9r\u00e9es \u00e0 un ou plusieurs tiers en tant que l'un de nos actifs commerciaux.<\/p><p>Nous pouvons mettre certaines informations agr\u00e9g\u00e9es, collect\u00e9es automatiquement ou autrement non personnelles \u00e0 la disposition de tiers \u00e0 diverses fins, notamment : (i) pour nous conformer \u00e0 diverses obligations de d\u00e9claration ; (ii) \u00e0 des fins commerciales ou de marketing ; ou (iii) pour aider ces parties \u00e0 comprendre les int\u00e9r\u00eats, les habitudes et les sch\u00e9mas d'utilisation de nos utilisateurs pour certains programmes, contenus, services, publicit\u00e9s, promotions et\/ou fonctionnalit\u00e9s disponibles sur le site.<\/p>\t\t\t\t\t\t\t\t<\/div>\n\t\t\t\t<\/div>\n\t\t<div class=\"elementor-element elementor-element-08da007 e-con-full e-flex e-con e-child\" data-id=\"08da007\" data-element_type=\"container\">\n\t\t\t\t<div class=\"elementor-element elementor-element-070c0fc elementor-widget elementor-widget-heading\" data-id=\"070c0fc\" data-element_type=\"widget\" data-widget_type=\"heading.default\">\n\t\t\t\t\t<h2 class=\"elementor-heading-title elementor-size-default\">Vos choix<\/h2>\t\t\t\t<\/div>\n\t\t\t\t<div class=\"elementor-element elementor-element-0ae2b1e elementor-widget elementor-widget-text-editor\" data-id=\"0ae2b1e\" data-element_type=\"widget\" data-widget_type=\"text-editor.default\">\n\t\t\t\t\t\t\t\t\t<p>Vous pouvez, bien entendu, refuser de partager certaines informations avec nous, auquel cas nous pourrions ne pas \u00eatre en mesure de vous fournir certaines des caract\u00e9ristiques et fonctionnalit\u00e9s du site. Vous pouvez \u00e0 tout moment mettre \u00e0 jour, corriger ou supprimer les informations et les pr\u00e9f\u00e9rences de votre compte en acc\u00e9dant \u00e0 la page des pr\u00e9f\u00e9rences de votre compte sur le site. Veuillez noter que, bien que les modifications que vous apportez soient refl\u00e9t\u00e9es dans les bases de donn\u00e9es des utilisateurs actifs dans un d\u00e9lai raisonnable, nous pouvons conserver toutes les informations que vous soumettez \u00e0 des fins de sauvegarde, d'archivage, de pr\u00e9vention des fraudes et des abus, d'analyse, de respect des obligations l\u00e9gales, ou lorsque nous estimons avoir une raison l\u00e9gitime de le faire.<\/p><p>Si vous recevez des courriels commerciaux de notre part, vous pouvez vous d\u00e9sabonner \u00e0 tout moment en suivant les instructions contenues dans le courriel. Vous pouvez \u00e9galement choisir de ne plus recevoir d'e-mails commerciaux de notre part. Nous pouvons vous permettre de consulter et de modifier les param\u00e8tres relatifs \u00e0 la nature et \u00e0 la fr\u00e9quence des communications promotionnelles que vous recevez de notre part dans les fonctionnalit\u00e9s de votre compte utilisateur sur le site.<\/p><p>Sachez que si vous choisissez de ne plus recevoir d'e-mails commerciaux de notre part ou de modifier la nature ou la fr\u00e9quence des communications promotionnelles que vous recevez de notre part, le traitement de votre demande peut prendre jusqu'\u00e0 dix jours ouvrables et vous pouvez continuer \u00e0 recevoir des communications promotionnelles de notre part pendant cette p\u00e9riode. En outre, m\u00eame si vous d\u00e9cidez de ne plus recevoir de messages commerciaux de notre part, vous continuerez \u00e0 recevoir des messages administratifs de notre part concernant le site.<\/p>\t\t\t\t\t\t\t\t<\/div>\n\t\t\t\t<\/div>\n\t\t<div class=\"elementor-element elementor-element-19356af e-con-full e-flex e-con e-child\" data-id=\"19356af\" data-element_type=\"container\">\n\t\t\t\t<div class=\"elementor-element elementor-element-db35c5b elementor-widget elementor-widget-heading\" data-id=\"db35c5b\" data-element_type=\"widget\" data-widget_type=\"heading.default\">\n\t\t\t\t\t<h2 class=\"elementor-heading-title elementor-size-default\">Sites de tiers<\/h2>\t\t\t\t<\/div>\n\t\t\t\t<div class=\"elementor-element elementor-element-a5334bc elementor-widget elementor-widget-text-editor\" data-id=\"a5334bc\" data-element_type=\"widget\" data-widget_type=\"text-editor.default\">\n\t\t\t\t\t\t\t\t\t<p>Le site peut contenir des fonctions ou des liens vers des sites web et des services fournis par des tiers. Toute information que vous fournissez sur des sites ou services tiers est fournie directement aux op\u00e9rateurs de ces services et est soumise aux politiques de ces op\u00e9rateurs, le cas \u00e9ch\u00e9ant, en mati\u00e8re de confidentialit\u00e9 et de s\u00e9curit\u00e9, m\u00eame si l'acc\u00e8s se fait par l'interm\u00e9diaire du site. Nous ne sommes pas responsables du contenu ou des pratiques et politiques de confidentialit\u00e9 et de s\u00e9curit\u00e9 des sites ou services tiers vers lesquels des liens ou un acc\u00e8s sont fournis par l'interm\u00e9diaire du site. Nous vous encourageons \u00e0 vous renseigner sur les politiques de confidentialit\u00e9 et de s\u00e9curit\u00e9 des tiers avant de leur fournir des informations.<\/p>\t\t\t\t\t\t\t\t<\/div>\n\t\t\t\t<\/div>\n\t\t<div class=\"elementor-element elementor-element-ab004ac e-con-full e-flex e-con e-child\" data-id=\"ab004ac\" data-element_type=\"container\">\n\t\t\t\t<div class=\"elementor-element elementor-element-48bf7f0 elementor-widget elementor-widget-heading\" data-id=\"48bf7f0\" data-element_type=\"widget\" data-widget_type=\"heading.default\">\n\t\t\t\t\t<h2 class=\"elementor-heading-title elementor-size-default\">Vie priv\u00e9e des enfants\n<\/h2>\t\t\t\t<\/div>\n\t\t\t\t<div class=\"elementor-element elementor-element-5a38f18 elementor-widget elementor-widget-text-editor\" data-id=\"5a38f18\" data-element_type=\"widget\" data-widget_type=\"text-editor.default\">\n\t\t\t\t\t\t\t\t\t<p>La protection de la vie priv\u00e9e des jeunes enfants est particuli\u00e8rement importante. Notre site est un site grand public qui ne s'adresse pas aux enfants de moins de 13 ans, et nous ne recueillons pas sciemment d'informations personnelles aupr\u00e8s d'enfants de moins de 13 ans sans avoir obtenu le consentement de leurs parents.<\/p>\t\t\t\t\t\t\t\t<\/div>\n\t\t\t\t<\/div>\n\t\t<div class=\"elementor-element elementor-element-b7b3f9b e-con-full e-flex e-con e-child\" data-id=\"b7b3f9b\" data-element_type=\"container\">\n\t\t\t\t<div class=\"elementor-element elementor-element-4b8ff57 elementor-widget elementor-widget-heading\" data-id=\"4b8ff57\" data-element_type=\"widget\" data-widget_type=\"heading.default\">\n\t\t\t\t\t<h2 class=\"elementor-heading-title elementor-size-default\">S\u00e9curit\u00e9 des donn\u00e9es<\/h2>\t\t\t\t<\/div>\n\t\t\t\t<div class=\"elementor-element elementor-element-d364b0e elementor-widget elementor-widget-text-editor\" data-id=\"d364b0e\" data-element_type=\"widget\" data-widget_type=\"text-editor.default\">\n\t\t\t\t\t\t\t\t\t<p>Nous utilisons certaines mesures de protection physiques, administratives et techniques con\u00e7ues pour am\u00e9liorer l'int\u00e9grit\u00e9 et la s\u00e9curit\u00e9 des informations que nous recueillons et conservons. Sachez qu'aucune mesure de s\u00e9curit\u00e9 n'est parfaite ou imp\u00e9n\u00e9trable. Nous ne pouvons pas garantir et ne garantissons pas que les informations vous concernant ne seront pas consult\u00e9es, visualis\u00e9es, divulgu\u00e9es, modifi\u00e9es ou d\u00e9truites en cas de violation de l'une de nos mesures de protection physiques, techniques ou manag\u00e9riales.<\/p>\t\t\t\t\t\t\t\t<\/div>\n\t\t\t\t<\/div>\n\t\t<div class=\"elementor-element elementor-element-92f6d97 e-con-full e-flex e-con e-child\" data-id=\"92f6d97\" data-element_type=\"container\">\n\t\t\t\t<div class=\"elementor-element elementor-element-891dbff elementor-widget elementor-widget-heading\" data-id=\"891dbff\" data-element_type=\"widget\" data-widget_type=\"heading.default\">\n\t\t\t\t\t<h2 class=\"elementor-heading-title elementor-size-default\">Visiteurs internationaux<\/h2>\t\t\t\t<\/div>\n\t\t\t\t<div class=\"elementor-element elementor-element-20af4d6 elementor-widget elementor-widget-text-editor\" data-id=\"20af4d6\" data-element_type=\"widget\" data-widget_type=\"text-editor.default\">\n\t\t\t\t\t\t\t\t\t<p>Le site est h\u00e9berg\u00e9 aux \u00c9tats-Unis et est destin\u00e9 aux visiteurs situ\u00e9s dans ce pays. Si vous choisissez d'utiliser le site \u00e0 partir de l'Union europ\u00e9enne ou d'autres r\u00e9gions du monde dont les lois r\u00e9gissant la collecte et l'utilisation des donn\u00e9es peuvent diff\u00e9rer de la l\u00e9gislation am\u00e9ricaine, veuillez noter que vous transf\u00e9rez vos informations personnelles en dehors de ces r\u00e9gions vers les \u00c9tats-Unis \u00e0 des fins de stockage et de traitement. Nous pouvons \u00e9galement transf\u00e9rer vos donn\u00e9es des \u00c9tats-Unis vers d'autres pays ou r\u00e9gions dans le cadre du stockage et du traitement des donn\u00e9es, de la satisfaction de vos demandes et de l'exploitation du site. En fournissant des informations, y compris des informations personnelles, sur ou vers le site, vous acceptez ce transfert, ce stockage et ce traitement.<\/p>\t\t\t\t\t\t\t\t<\/div>\n\t\t\t\t<\/div>\n\t\t<div class=\"elementor-element elementor-element-112f769 e-con-full e-flex e-con e-child\" data-id=\"112f769\" data-element_type=\"container\">\n\t\t\t\t<div class=\"elementor-element elementor-element-2b0368c elementor-widget elementor-widget-heading\" data-id=\"2b0368c\" data-element_type=\"widget\" data-widget_type=\"heading.default\">\n\t\t\t\t\t<h2 class=\"elementor-heading-title elementor-size-default\">Modifications et mises \u00e0 jour de la pr\u00e9sente politique<\/h2>\t\t\t\t<\/div>\n\t\t\t\t<div class=\"elementor-element elementor-element-0db2c5e elementor-widget elementor-widget-text-editor\" data-id=\"0db2c5e\" data-element_type=\"widget\" data-widget_type=\"text-editor.default\">\n\t\t\t\t\t\t\t\t\t<main id=\"content\" class=\"site-main post-851 page type-page status-publish hentry\"><div class=\"page-content\"><div class=\"elementor elementor-851\" data-elementor-type=\"wp-page\" data-elementor-id=\"851\" data-elementor-post-type=\"page\"><div class=\"elementor-element elementor-element-fd60c3b e-flex e-con-boxed e-con e-parent e-lazyloaded\" data-id=\"fd60c3b\" data-element_type=\"container\"><div class=\"e-con-inner\"><div class=\"elementor-element elementor-element-1532e63 elementor-widget elementor-widget-text-editor\" data-id=\"1532e63\" data-element_type=\"widget\" data-widget_type=\"text-editor.default\"><div class=\"elementor-widget-container\"><p>Veuillez consulter r\u00e9guli\u00e8rement cette page pour vous tenir au courant de toute modification apport\u00e9e \u00e0 la pr\u00e9sente politique, que nous pouvons mettre \u00e0 jour de temps \u00e0 autre. Si nous modifions la pr\u00e9sente politique, nous la rendrons disponible sur le site et indiquerons la date de la derni\u00e8re r\u00e9vision. Si les modifications changent mat\u00e9riellement vos droits ou obligations en vertu de la pr\u00e9sente politique, nous ferons des efforts raisonnables pour vous en informer. Par exemple, nous pouvons envoyer un message \u00e0 votre adresse \u00e9lectronique, si nous en avons une dans nos dossiers, ou g\u00e9n\u00e9rer une fen\u00eatre contextuelle ou une notification similaire lorsque vous acc\u00e9dez au site pour la premi\u00e8re fois apr\u00e8s que de telles modifications mat\u00e9rielles ont \u00e9t\u00e9 apport\u00e9es. En continuant \u00e0 utiliser le site apr\u00e8s l'entr\u00e9e en vigueur de la politique r\u00e9vis\u00e9e, vous indiquez que vous avez lu, compris et accept\u00e9 la version actuelle de cette politique.<\/p><\/div><\/div><\/div><\/div><\/div><\/div><\/main>\t\t\t\t\t\t\t\t<\/div>\n\t\t\t\t<\/div>\n\t\t\t\t<\/div>\n\t\t\t\t<\/div>","protected":false},"excerpt":{"rendered":"<p>This Privacy Policy (\u201cPolicy\u201d) describes the manner in which our site (\u201cwe,\u201d or \u201cus\u201d and our website at (the \u201cSite\u201d) use and collect data from individuals. This Policy, which is incorporated into and is subject to the terms of service, describes the information that we gather from you on the Site, how we use and [&hellip;]<\/p>\n","protected":false},"author":2,"featured_media":0,"parent":0,"menu_order":0,"comment_status":"closed","ping_status":"closed","template":"","meta":{"_seopress_robots_primary_cat":"","_seopress_titles_title":"","_seopress_titles_desc":"","_seopress_robots_index":"yes","footnotes":""},"class_list":["post-147","page","type-page","status-publish","hentry"],"_links":{"self":[{"href":"https:\/\/pepaxis.com\/fr\/wp-json\/wp\/v2\/pages\/147","targetHints":{"allow":["GET"]}}],"collection":[{"href":"https:\/\/pepaxis.com\/fr\/wp-json\/wp\/v2\/pages"}],"about":[{"href":"https:\/\/pepaxis.com\/fr\/wp-json\/wp\/v2\/types\/page"}],"author":[{"embeddable":true,"href":"https:\/\/pepaxis.com\/fr\/wp-json\/wp\/v2\/users\/2"}],"replies":[{"embeddable":true,"href":"https:\/\/pepaxis.com\/fr\/wp-json\/wp\/v2\/comments?post=147"}],"version-history":[{"count":0,"href":"https:\/\/pepaxis.com\/fr\/wp-json\/wp\/v2\/pages\/147\/revisions"}],"wp:attachment":[{"href":"https:\/\/pepaxis.com\/fr\/wp-json\/wp\/v2\/media?parent=147"}],"curies":[{"name":"wp","href":"https:\/\/api.w.org\/{rel}","templated":true}]}}