{"id":1146,"date":"2026-03-09T11:39:22","date_gmt":"2026-03-09T03:39:22","guid":{"rendered":"https:\/\/pepaxis.com\/?page_id=1146"},"modified":"2026-03-20T15:30:27","modified_gmt":"2026-03-20T07:30:27","slug":"equipement-de-clivage-de-peptides-rd","status":"publish","type":"page","link":"https:\/\/pepaxis.com\/fr\/rd-peptide-cleavage-equipment\/","title":{"rendered":"\u00c9quipement de clivage des peptides pour la R&amp;D"},"content":{"rendered":"<div data-elementor-type=\"wp-page\" data-elementor-id=\"1146\" class=\"elementor elementor-1146\" data-elementor-post-type=\"page\">\n\t\t\t\t<div class=\"elementor-element elementor-element-639c6a35 e-con-full e-flex e-con e-parent\" data-id=\"639c6a35\" data-element_type=\"container\" data-settings=\"{&quot;background_background&quot;:&quot;classic&quot;}\">\n\t\t\t\t<div class=\"elementor-element elementor-element-6bb43c04 elementor-widget__width-initial elementor-invisible elementor-widget elementor-widget-text-editor\" data-id=\"6bb43c04\" data-element_type=\"widget\" data-settings=\"{&quot;_animation&quot;:&quot;fadeIn&quot;,&quot;_animation_delay&quot;:300}\" data-widget_type=\"text-editor.default\">\n\t\t\t\t\t\t\t\t\t<p>\u00c9quipement de clivage peptidique R&amp;D \u00e0 haute efficacit\u00e9 permettant un traitement pr\u00e9cis et multicanal, une puret\u00e9 am\u00e9lior\u00e9e et des flux de travail rationalis\u00e9s pour la recherche avanc\u00e9e sur la synth\u00e8se peptidique.<\/p>\t\t\t\t\t\t\t\t<\/div>\n\t\t\t\t<\/div>\n\t\t<div class=\"elementor-element elementor-element-189348f2 e-con-full e-flex e-con e-parent\" data-id=\"189348f2\" data-element_type=\"container\">\n\t\t<div class=\"elementor-element elementor-element-43fb6978 e-con-full e-flex elementor-invisible e-con e-child\" data-id=\"43fb6978\" data-element_type=\"container\" data-settings=\"{&quot;animation&quot;:&quot;slideInUp&quot;,&quot;background_background&quot;:&quot;classic&quot;,&quot;animation_delay&quot;:600}\">\n\t\t<div class=\"elementor-element elementor-element-77562835 e-con-full e-flex e-con e-child\" data-id=\"77562835\" data-element_type=\"container\">\n\t\t\t\t<div class=\"elementor-element elementor-element-59c5a7e elementor-widget elementor-widget-icon-box\" data-id=\"59c5a7e\" data-element_type=\"widget\" data-widget_type=\"icon-box.default\">\n\t\t\t\t\t\t\t<div class=\"elementor-icon-box-wrapper\">\n\n\t\t\t\n\t\t\t\t\t\t<div class=\"elementor-icon-box-content\">\n\n\t\t\t\t\t\t\t\t\t<h3 class=\"elementor-icon-box-title\">\n\t\t\t\t\t\t<span  >\n\t\t\t\t\t\t\tSyst\u00e8me de clivage peptidique \u00e0 six canaux Aquila R&amp;D\t\t\t\t\t\t<\/span>\n\t\t\t\t\t<\/h3>\n\t\t\t\t\n\t\t\t\t\n\t\t\t<\/div>\n\t\t\t\n\t\t<\/div>\n\t\t\t\t\t\t<\/div>\n\t\t\t\t<div class=\"elementor-element elementor-element-76970f7e elementor-widget elementor-widget-text-editor\" data-id=\"76970f7e\" data-element_type=\"widget\" data-widget_type=\"text-editor.default\">\n\t\t\t\t\t\t\t\t\t<p>Le syst\u00e8me PepAxis-Aquila R&amp;D automatise le clivage, la concentration et la pr\u00e9cipitation des peptides pour un maximum de six lots simultan\u00e9ment, en utilisant un dosage pr\u00e9cis des liquides pour am\u00e9liorer l'efficacit\u00e9 du traitement, la reproductibilit\u00e9 et la s\u00e9curit\u00e9 dans les flux de travail de la recherche sur les peptides.<\/p>\t\t\t\t\t\t\t\t<\/div>\n\t\t\t\t<div class=\"elementor-element elementor-element-1655dc4e elementor-align-justify elementor-widget__width-initial elementor-invisible elementor-widget elementor-widget-button\" data-id=\"1655dc4e\" data-element_type=\"widget\" data-settings=\"{&quot;_animation&quot;:&quot;fadeIn&quot;,&quot;_animation_delay&quot;:450}\" data-widget_type=\"button.default\">\n\t\t\t\t\t\t\t\t\t\t<a class=\"elementor-button elementor-button-link elementor-size-sm\" href=\"https:\/\/pepaxis.com\/fr\/rd-peptide-cleavage-equipment\/aquila-rd-six-channel-peptide-cleavage-system\/\">\n\t\t\t\t\t\t<span class=\"elementor-button-content-wrapper\">\n\t\t\t\t\t\t\t\t\t<span class=\"elementor-button-text\">En savoir plus<\/span>\n\t\t\t\t\t<\/span>\n\t\t\t\t\t<\/a>\n\t\t\t\t\t\t\t\t<\/div>\n\t\t\t\t<\/div>\n\t\t<div class=\"elementor-element elementor-element-e8b076 e-con-full e-flex e-con e-child\" data-id=\"e8b076\" data-element_type=\"container\" data-settings=\"{&quot;background_background&quot;:&quot;classic&quot;}\">\n\t\t\t\t<\/div>\n\t\t\t\t<\/div>\n\t\t\t\t<\/div>\n\t\t\t\t<\/div>","protected":false},"excerpt":{"rendered":"<p>High-efficiency R&amp;D peptide cleavage equipment enabling precise, multi-channel processing, improved purity, and streamlined workflows for advanced peptide synthesis research. Aquila R&amp;D Six-Channel Peptide Cleavage System The PepAxis-Aquila R&amp;D system automates peptide cleavage, concentration, and precipitation for up to six batches simultaneously, using precise liquid dosing to improve processing efficiency, reproducibility, and safety in peptide research [&hellip;]<\/p>\n","protected":false},"author":2,"featured_media":0,"parent":0,"menu_order":0,"comment_status":"closed","ping_status":"closed","template":"","meta":{"_seopress_robots_primary_cat":"","_seopress_titles_title":"","_seopress_titles_desc":"","_seopress_robots_index":"","footnotes":""},"class_list":["post-1146","page","type-page","status-publish","hentry"],"_links":{"self":[{"href":"https:\/\/pepaxis.com\/fr\/wp-json\/wp\/v2\/pages\/1146","targetHints":{"allow":["GET"]}}],"collection":[{"href":"https:\/\/pepaxis.com\/fr\/wp-json\/wp\/v2\/pages"}],"about":[{"href":"https:\/\/pepaxis.com\/fr\/wp-json\/wp\/v2\/types\/page"}],"author":[{"embeddable":true,"href":"https:\/\/pepaxis.com\/fr\/wp-json\/wp\/v2\/users\/2"}],"replies":[{"embeddable":true,"href":"https:\/\/pepaxis.com\/fr\/wp-json\/wp\/v2\/comments?post=1146"}],"version-history":[{"count":0,"href":"https:\/\/pepaxis.com\/fr\/wp-json\/wp\/v2\/pages\/1146\/revisions"}],"wp:attachment":[{"href":"https:\/\/pepaxis.com\/fr\/wp-json\/wp\/v2\/media?parent=1146"}],"curies":[{"name":"wp","href":"https:\/\/api.w.org\/{rel}","templated":true}]}}