{"id":1140,"date":"2026-03-09T11:37:47","date_gmt":"2026-03-09T03:37:47","guid":{"rendered":"https:\/\/pepaxis.com\/?page_id=1140"},"modified":"2026-03-20T15:32:22","modified_gmt":"2026-03-20T07:32:22","slug":"systeme-de-synthese-de-peptides-de-qualite-industrielle","status":"publish","type":"page","link":"https:\/\/pepaxis.com\/fr\/industrial-grade-peptide-synthesizer-system\/","title":{"rendered":"Syst\u00e8me de synth\u00e8se de peptides de qualit\u00e9 industrielle"},"content":{"rendered":"<div data-elementor-type=\"wp-page\" data-elementor-id=\"1140\" class=\"elementor elementor-1140\" data-elementor-post-type=\"page\">\n\t\t\t\t<div class=\"elementor-element elementor-element-2d1da9da e-con-full e-flex e-con e-parent\" data-id=\"2d1da9da\" data-element_type=\"container\" data-settings=\"{&quot;background_background&quot;:&quot;classic&quot;}\">\n\t\t\t\t<div class=\"elementor-element elementor-element-7f9d0c62 elementor-widget__width-initial elementor-invisible elementor-widget elementor-widget-text-editor\" data-id=\"7f9d0c62\" data-element_type=\"widget\" data-settings=\"{&quot;_animation&quot;:&quot;fadeIn&quot;,&quot;_animation_delay&quot;:300}\" data-widget_type=\"text-editor.default\">\n\t\t\t\t\t\t\t\t\t<p>Syst\u00e8me de synth\u00e8se de peptides de qualit\u00e9 industrielle con\u00e7u pour la production \u00e0 grande \u00e9chelle, offrant une grande efficacit\u00e9, un contr\u00f4le pr\u00e9cis et des performances fiables pour la fabrication de produits pharmaceutiques.<\/p>\t\t\t\t\t\t\t\t<\/div>\n\t\t\t\t<\/div>\n\t\t<div class=\"elementor-element elementor-element-ea2b440 e-con-full e-flex e-con e-parent\" data-id=\"ea2b440\" data-element_type=\"container\">\n\t\t<div class=\"elementor-element elementor-element-5a44d54e e-con-full e-flex elementor-invisible e-con e-child\" data-id=\"5a44d54e\" data-element_type=\"container\" data-settings=\"{&quot;animation&quot;:&quot;slideInUp&quot;,&quot;background_background&quot;:&quot;classic&quot;,&quot;animation_delay&quot;:600}\">\n\t\t<div class=\"elementor-element elementor-element-7bcc62bb e-con-full e-flex e-con e-child\" data-id=\"7bcc62bb\" data-element_type=\"container\">\n\t\t\t\t<div class=\"elementor-element elementor-element-204757d3 elementor-widget elementor-widget-icon-box\" data-id=\"204757d3\" data-element_type=\"widget\" data-widget_type=\"icon-box.default\">\n\t\t\t\t\t\t\t<div class=\"elementor-icon-box-wrapper\">\n\n\t\t\t\n\t\t\t\t\t\t<div class=\"elementor-icon-box-content\">\n\n\t\t\t\t\t\t\t\t\t<h3 class=\"elementor-icon-box-title\">\n\t\t\t\t\t\t<span  >\n\t\t\t\t\t\t\tSyst\u00e8me de clivage peptidique personnalis\u00e9 de qualit\u00e9 industrielle Aquila S\t\t\t\t\t\t<\/span>\n\t\t\t\t\t<\/h3>\n\t\t\t\t\n\t\t\t\t\n\t\t\t<\/div>\n\t\t\t\n\t\t<\/div>\n\t\t\t\t\t\t<\/div>\n\t\t\t\t<div class=\"elementor-element elementor-element-1dc6385 elementor-widget elementor-widget-text-editor\" data-id=\"1dc6385\" data-element_type=\"widget\" data-widget_type=\"text-editor.default\">\n\t\t\t\t\t\t\t\t\t<p>Avec une configuration modulaire \u00e0 trois cuves et un transfert pr\u00e9cis par pompe doseuse, le PepAxis\u2122-Aquila S prend en charge le clivage contr\u00f4l\u00e9 des peptides et le traitement en aval, offrant des performances stables pour les environnements de production de peptides \u00e0 l'\u00e9chelle industrielle.<\/p>\t\t\t\t\t\t\t\t<\/div>\n\t\t\t\t<div class=\"elementor-element elementor-element-377dcf79 elementor-align-justify elementor-widget__width-initial elementor-invisible elementor-widget elementor-widget-button\" data-id=\"377dcf79\" data-element_type=\"widget\" data-settings=\"{&quot;_animation&quot;:&quot;fadeIn&quot;,&quot;_animation_delay&quot;:450}\" data-widget_type=\"button.default\">\n\t\t\t\t\t\t\t\t\t\t<a class=\"elementor-button elementor-button-link elementor-size-sm\" href=\"https:\/\/pepaxis.com\/fr\/industrial-grade-peptide-synthesizer-system\/aquila-s-industrial-grade-customized-peptide-cleavage-system\/\">\n\t\t\t\t\t\t<span class=\"elementor-button-content-wrapper\">\n\t\t\t\t\t\t\t\t\t<span class=\"elementor-button-text\">En savoir plus<\/span>\n\t\t\t\t\t<\/span>\n\t\t\t\t\t<\/a>\n\t\t\t\t\t\t\t\t<\/div>\n\t\t\t\t<\/div>\n\t\t<div class=\"elementor-element elementor-element-74f9c9b3 e-con-full e-flex e-con e-child\" data-id=\"74f9c9b3\" data-element_type=\"container\" data-settings=\"{&quot;background_background&quot;:&quot;classic&quot;}\">\n\t\t\t\t<\/div>\n\t\t\t\t<\/div>\n\t\t\t\t<\/div>\n\t\t\t\t<\/div>","protected":false},"excerpt":{"rendered":"<p>Industrial-grade peptide synthesizer system designed for large-scale production, delivering high efficiency, precise control, and reliable performance for pharmaceutical manufacturing. Aquila S Industrial-Grade Customized Peptide Cleavage System With a modular three-vessel configuration and accurate metering pump transfer, the PepAxis\u2122-Aquila S supports controlled peptide cleavage and downstream processing, delivering stable performance for industrial-scale peptide production environments. Learn [&hellip;]<\/p>\n","protected":false},"author":2,"featured_media":0,"parent":0,"menu_order":0,"comment_status":"closed","ping_status":"closed","template":"","meta":{"_seopress_robots_primary_cat":"","_seopress_titles_title":"","_seopress_titles_desc":"","_seopress_robots_index":"","footnotes":""},"class_list":["post-1140","page","type-page","status-publish","hentry"],"_links":{"self":[{"href":"https:\/\/pepaxis.com\/fr\/wp-json\/wp\/v2\/pages\/1140","targetHints":{"allow":["GET"]}}],"collection":[{"href":"https:\/\/pepaxis.com\/fr\/wp-json\/wp\/v2\/pages"}],"about":[{"href":"https:\/\/pepaxis.com\/fr\/wp-json\/wp\/v2\/types\/page"}],"author":[{"embeddable":true,"href":"https:\/\/pepaxis.com\/fr\/wp-json\/wp\/v2\/users\/2"}],"replies":[{"embeddable":true,"href":"https:\/\/pepaxis.com\/fr\/wp-json\/wp\/v2\/comments?post=1140"}],"version-history":[{"count":0,"href":"https:\/\/pepaxis.com\/fr\/wp-json\/wp\/v2\/pages\/1140\/revisions"}],"wp:attachment":[{"href":"https:\/\/pepaxis.com\/fr\/wp-json\/wp\/v2\/media?parent=1140"}],"curies":[{"name":"wp","href":"https:\/\/api.w.org\/{rel}","templated":true}]}}