{"id":1131,"date":"2026-03-09T11:35:23","date_gmt":"2026-03-09T03:35:23","guid":{"rendered":"https:\/\/pepaxis.com\/?page_id=1131"},"modified":"2026-03-20T15:31:42","modified_gmt":"2026-03-20T07:31:42","slug":"systeme-de-clivage-de-peptides-de-qualite-industrielle","status":"publish","type":"page","link":"https:\/\/pepaxis.com\/fr\/industrial-grade-peptide-cleavage-system\/","title":{"rendered":"Syst\u00e8me de clivage peptidique de qualit\u00e9 industrielle"},"content":{"rendered":"<div data-elementor-type=\"wp-page\" data-elementor-id=\"1131\" class=\"elementor elementor-1131\" data-elementor-post-type=\"page\">\n\t\t\t\t<div class=\"elementor-element elementor-element-20cfca03 e-con-full e-flex e-con e-parent\" data-id=\"20cfca03\" data-element_type=\"container\" data-settings=\"{&quot;background_background&quot;:&quot;classic&quot;}\">\n\t\t\t\t<div class=\"elementor-element elementor-element-606aa6d0 elementor-widget__width-initial elementor-invisible elementor-widget elementor-widget-text-editor\" data-id=\"606aa6d0\" data-element_type=\"widget\" data-settings=\"{&quot;_animation&quot;:&quot;fadeIn&quot;,&quot;_animation_delay&quot;:300}\" data-widget_type=\"text-editor.default\">\n\t\t\t\t\t\t\t\t\t<p>Syst\u00e8me de clivage de peptides de qualit\u00e9 industrielle con\u00e7u pour la production \u00e0 grande \u00e9chelle, permettant un traitement pr\u00e9cis et \u00e0 haut d\u00e9bit avec une efficacit\u00e9 et une fiabilit\u00e9 accrues, et une qualit\u00e9 constante des peptides.<\/p>\t\t\t\t\t\t\t\t<\/div>\n\t\t\t\t<\/div>\n\t\t<div class=\"elementor-element elementor-element-57c2b4b5 e-con-full e-flex e-con e-parent\" data-id=\"57c2b4b5\" data-element_type=\"container\">\n\t\t<div class=\"elementor-element elementor-element-2792a2ea e-con-full e-flex elementor-invisible e-con e-child\" data-id=\"2792a2ea\" data-element_type=\"container\" data-settings=\"{&quot;animation&quot;:&quot;slideInUp&quot;,&quot;background_background&quot;:&quot;classic&quot;,&quot;animation_delay&quot;:600}\">\n\t\t<div class=\"elementor-element elementor-element-4083ea03 e-con-full e-flex e-con e-child\" data-id=\"4083ea03\" data-element_type=\"container\">\n\t\t\t\t<div class=\"elementor-element elementor-element-605d30dd elementor-widget elementor-widget-icon-box\" data-id=\"605d30dd\" data-element_type=\"widget\" data-widget_type=\"icon-box.default\">\n\t\t\t\t\t\t\t<div class=\"elementor-icon-box-wrapper\">\n\n\t\t\t\n\t\t\t\t\t\t<div class=\"elementor-icon-box-content\">\n\n\t\t\t\t\t\t\t\t\t<h3 class=\"elementor-icon-box-title\">\n\t\t\t\t\t\t<span  >\n\t\t\t\t\t\t\tSynth\u00e9tiseur de peptides personnalis\u00e9 Sirius de qualit\u00e9 industrielle\t\t\t\t\t\t<\/span>\n\t\t\t\t\t<\/h3>\n\t\t\t\t\n\t\t\t\t\n\t\t\t<\/div>\n\t\t\t\n\t\t<\/div>\n\t\t\t\t\t\t<\/div>\n\t\t\t\t<div class=\"elementor-element elementor-element-55a63a3e elementor-widget elementor-widget-text-editor\" data-id=\"55a63a3e\" data-element_type=\"widget\" data-widget_type=\"text-editor.default\">\n\t\t\t\t\t\t\t\t\t<p>Construit pour la fabrication industrielle de peptides, le PepAxis\u2122-Sirius offre des r\u00e9acteurs personnalisables \u00e0 grande \u00e9chelle, un transfert pr\u00e9cis par pompe doseuse et un large contr\u00f4le de la temp\u00e9rature, garantissant une production stable, s\u00fbre et \u00e9volutive pour les applications pharmaceutiques de peptides.<\/p>\t\t\t\t\t\t\t\t<\/div>\n\t\t\t\t<div class=\"elementor-element elementor-element-a53e907 elementor-align-justify elementor-widget__width-initial elementor-invisible elementor-widget elementor-widget-button\" data-id=\"a53e907\" data-element_type=\"widget\" data-settings=\"{&quot;_animation&quot;:&quot;fadeIn&quot;,&quot;_animation_delay&quot;:450}\" data-widget_type=\"button.default\">\n\t\t\t\t\t\t\t\t\t\t<a class=\"elementor-button elementor-button-link elementor-size-sm\" href=\"https:\/\/pepaxis.com\/fr\/industrial-grade-peptide-cleavage-system\/sirius-industrial-grade-customized-peptide-synthesizer\/\">\n\t\t\t\t\t\t<span class=\"elementor-button-content-wrapper\">\n\t\t\t\t\t\t\t\t\t<span class=\"elementor-button-text\">En savoir plus<\/span>\n\t\t\t\t\t<\/span>\n\t\t\t\t\t<\/a>\n\t\t\t\t\t\t\t\t<\/div>\n\t\t\t\t<\/div>\n\t\t<div class=\"elementor-element elementor-element-7ac115fc e-con-full e-flex e-con e-child\" data-id=\"7ac115fc\" data-element_type=\"container\" data-settings=\"{&quot;background_background&quot;:&quot;classic&quot;}\">\n\t\t\t\t<\/div>\n\t\t\t\t<\/div>\n\t\t\t\t<\/div>\n\t\t\t\t<\/div>","protected":false},"excerpt":{"rendered":"<p>Industrial-grade peptide cleavage system designed for large-scale production, enabling precise, high-throughput processing with improved efficiency, reliability, and consistent peptide quality. Sirius Industrial-Grade Customized Peptide Synthesizer Built for industrial peptide manufacturing, the PepAxis\u2122-Sirius offers customizable large-scale reactors, precise metering pump transfer, and wide temperature control, ensuring stable, safe, and scalable production for peptide pharmaceutical applications. Learn [&hellip;]<\/p>\n","protected":false},"author":2,"featured_media":0,"parent":0,"menu_order":0,"comment_status":"closed","ping_status":"closed","template":"","meta":{"_seopress_robots_primary_cat":"","_seopress_titles_title":"","_seopress_titles_desc":"","_seopress_robots_index":"","footnotes":""},"class_list":["post-1131","page","type-page","status-publish","hentry"],"_links":{"self":[{"href":"https:\/\/pepaxis.com\/fr\/wp-json\/wp\/v2\/pages\/1131","targetHints":{"allow":["GET"]}}],"collection":[{"href":"https:\/\/pepaxis.com\/fr\/wp-json\/wp\/v2\/pages"}],"about":[{"href":"https:\/\/pepaxis.com\/fr\/wp-json\/wp\/v2\/types\/page"}],"author":[{"embeddable":true,"href":"https:\/\/pepaxis.com\/fr\/wp-json\/wp\/v2\/users\/2"}],"replies":[{"embeddable":true,"href":"https:\/\/pepaxis.com\/fr\/wp-json\/wp\/v2\/comments?post=1131"}],"version-history":[{"count":0,"href":"https:\/\/pepaxis.com\/fr\/wp-json\/wp\/v2\/pages\/1131\/revisions"}],"wp:attachment":[{"href":"https:\/\/pepaxis.com\/fr\/wp-json\/wp\/v2\/media?parent=1131"}],"curies":[{"name":"wp","href":"https:\/\/api.w.org\/{rel}","templated":true}]}}