{"id":1117,"date":"2026-03-09T11:26:41","date_gmt":"2026-03-09T03:26:41","guid":{"rendered":"https:\/\/pepaxis.com\/?page_id=1117"},"modified":"2026-03-20T15:29:47","modified_gmt":"2026-03-20T07:29:47","slug":"synthetiseur-de-peptides-de-qualite-rd","status":"publish","type":"page","link":"https:\/\/pepaxis.com\/fr\/rd-grade-peptide-synthesizer\/","title":{"rendered":"Synth\u00e9tiseur de peptides de qualit\u00e9 R&amp;D"},"content":{"rendered":"<div data-elementor-type=\"wp-page\" data-elementor-id=\"1117\" class=\"elementor elementor-1117\" data-elementor-post-type=\"page\">\n\t\t\t\t<div class=\"elementor-element elementor-element-4d01bd32 e-con-full e-flex e-con e-parent\" data-id=\"4d01bd32\" data-element_type=\"container\" data-settings=\"{&quot;background_background&quot;:&quot;classic&quot;}\">\n\t\t\t\t<div class=\"elementor-element elementor-element-3e33610b elementor-widget__width-initial elementor-invisible elementor-widget elementor-widget-text-editor\" data-id=\"3e33610b\" data-element_type=\"widget\" data-settings=\"{&quot;_animation&quot;:&quot;fadeIn&quot;,&quot;_animation_delay&quot;:300}\" data-widget_type=\"text-editor.default\">\n\t\t\t\t\t\t\t\t\t<p>Synth\u00e9tiseur de peptides de haute performance pour la recherche et le d\u00e9veloppement, avec un contr\u00f4le pr\u00e9cis, une synth\u00e8se efficace en phase solide et des solutions \u00e9volutives pour la recherche avanc\u00e9e et les applications pharmaceutiques.<\/p>\t\t\t\t\t\t\t\t<\/div>\n\t\t\t\t<\/div>\n\t\t<div class=\"elementor-element elementor-element-5d1f51c0 e-con-full e-flex e-con e-parent\" data-id=\"5d1f51c0\" data-element_type=\"container\">\n\t\t<div class=\"elementor-element elementor-element-2f3fa1f7 e-con-full e-flex elementor-invisible e-con e-child\" data-id=\"2f3fa1f7\" data-element_type=\"container\" data-settings=\"{&quot;animation&quot;:&quot;slideInUp&quot;,&quot;background_background&quot;:&quot;classic&quot;,&quot;animation_delay&quot;:600}\">\n\t\t<div class=\"elementor-element elementor-element-4d14abbf e-con-full e-flex e-con e-child\" data-id=\"4d14abbf\" data-element_type=\"container\">\n\t\t\t\t<div class=\"elementor-element elementor-element-56bc7c7e elementor-widget elementor-widget-icon-box\" data-id=\"56bc7c7e\" data-element_type=\"widget\" data-widget_type=\"icon-box.default\">\n\t\t\t\t\t\t\t<div class=\"elementor-icon-box-wrapper\">\n\n\t\t\t\n\t\t\t\t\t\t<div class=\"elementor-icon-box-content\">\n\n\t\t\t\t\t\t\t\t\t<h3 class=\"elementor-icon-box-title\">\n\t\t\t\t\t\t<span  >\n\t\t\t\t\t\t\tSynth\u00e9tiseur de peptides Nova 1 \u00e0 canal unique\t\t\t\t\t\t<\/span>\n\t\t\t\t\t<\/h3>\n\t\t\t\t\n\t\t\t\t\n\t\t\t<\/div>\n\t\t\t\n\t\t<\/div>\n\t\t\t\t\t\t<\/div>\n\t\t\t\t<div class=\"elementor-element elementor-element-60a66f8e elementor-widget elementor-widget-text-editor\" data-id=\"60a66f8e\" data-element_type=\"widget\" data-widget_type=\"text-editor.default\">\n\t\t\t\t\t\t\t\t\t<p>Le PepAxis-Nova 1 est un synth\u00e9tiseur de peptides pr\u00e9cis \u00e0 canal unique, dot\u00e9 d'un m\u00e9lange par inversion \u00e0 180\u00b0 et d'un dosage pr\u00e9cis des liquides. Il permet une synth\u00e8se fiable et automatis\u00e9e pour la pr\u00e9paration de routine des peptides, le d\u00e9veloppement de m\u00e9thodes et les applications de recherche.<\/p>\t\t\t\t\t\t\t\t<\/div>\n\t\t\t\t<div class=\"elementor-element elementor-element-33391596 elementor-align-justify elementor-widget__width-initial elementor-invisible elementor-widget elementor-widget-button\" data-id=\"33391596\" data-element_type=\"widget\" data-settings=\"{&quot;_animation&quot;:&quot;fadeIn&quot;,&quot;_animation_delay&quot;:450}\" data-widget_type=\"button.default\">\n\t\t\t\t\t\t\t\t\t\t<a class=\"elementor-button elementor-button-link elementor-size-sm\" href=\"https:\/\/pepaxis.com\/fr\/rd-grade-peptide-synthesizer\/nova-1-single-channel-peptide-synthesizer\/\">\n\t\t\t\t\t\t<span class=\"elementor-button-content-wrapper\">\n\t\t\t\t\t\t\t\t\t<span class=\"elementor-button-text\">En savoir plus<\/span>\n\t\t\t\t\t<\/span>\n\t\t\t\t\t<\/a>\n\t\t\t\t\t\t\t\t<\/div>\n\t\t\t\t<\/div>\n\t\t<div class=\"elementor-element elementor-element-25d7b7eb e-con-full e-flex e-con e-child\" data-id=\"25d7b7eb\" data-element_type=\"container\" data-settings=\"{&quot;background_background&quot;:&quot;classic&quot;}\">\n\t\t\t\t<\/div>\n\t\t\t\t<\/div>\n\t\t<div class=\"elementor-element elementor-element-da1c1ef e-con-full e-flex elementor-invisible e-con e-child\" data-id=\"da1c1ef\" data-element_type=\"container\" data-settings=\"{&quot;animation&quot;:&quot;slideInUp&quot;,&quot;background_background&quot;:&quot;classic&quot;,&quot;animation_delay&quot;:600}\">\n\t\t<div class=\"elementor-element elementor-element-5c30cd6 e-con-full e-flex e-con e-child\" data-id=\"5c30cd6\" data-element_type=\"container\">\n\t\t\t\t<div class=\"elementor-element elementor-element-df7252b elementor-widget elementor-widget-icon-box\" data-id=\"df7252b\" data-element_type=\"widget\" data-widget_type=\"icon-box.default\">\n\t\t\t\t\t\t\t<div class=\"elementor-icon-box-wrapper\">\n\n\t\t\t\n\t\t\t\t\t\t<div class=\"elementor-icon-box-content\">\n\n\t\t\t\t\t\t\t\t\t<h3 class=\"elementor-icon-box-title\">\n\t\t\t\t\t\t<span  >\n\t\t\t\t\t\t\tSynth\u00e9tiseur de peptides \u00e0 six canaux Nova 3\t\t\t\t\t\t<\/span>\n\t\t\t\t\t<\/h3>\n\t\t\t\t\n\t\t\t\t\n\t\t\t<\/div>\n\t\t\t\n\t\t<\/div>\n\t\t\t\t\t\t<\/div>\n\t\t\t\t<div class=\"elementor-element elementor-element-faca008 elementor-widget elementor-widget-text-editor\" data-id=\"faca008\" data-element_type=\"widget\" data-widget_type=\"text-editor.default\">\n\t\t\t\t\t\t\t\t\t<p>Con\u00e7u pour la synth\u00e8se parall\u00e8le de peptides, le PepAxis-Nova 3 permet six r\u00e9actions ind\u00e9pendantes avec une distribution pr\u00e9cise des r\u00e9actifs et un m\u00e9lange efficace, offrant aux chercheurs une solution flexible pour la pr\u00e9paration de peptides multis\u00e9quences \u00e0 haut d\u00e9bit.<\/p>\t\t\t\t\t\t\t\t<\/div>\n\t\t\t\t<div class=\"elementor-element elementor-element-7c1298b elementor-align-justify elementor-widget__width-initial elementor-invisible elementor-widget elementor-widget-button\" data-id=\"7c1298b\" data-element_type=\"widget\" data-settings=\"{&quot;_animation&quot;:&quot;fadeIn&quot;,&quot;_animation_delay&quot;:450}\" data-widget_type=\"button.default\">\n\t\t\t\t\t\t\t\t\t\t<a class=\"elementor-button elementor-button-link elementor-size-sm\" href=\"https:\/\/pepaxis.com\/fr\/rd-grade-peptide-synthesizer\/nova-3-six-channel-peptide-synthesizer\/\">\n\t\t\t\t\t\t<span class=\"elementor-button-content-wrapper\">\n\t\t\t\t\t\t\t\t\t<span class=\"elementor-button-text\">En savoir plus<\/span>\n\t\t\t\t\t<\/span>\n\t\t\t\t\t<\/a>\n\t\t\t\t\t\t\t\t<\/div>\n\t\t\t\t<\/div>\n\t\t<div class=\"elementor-element elementor-element-c8ede39 e-con-full e-flex e-con e-child\" data-id=\"c8ede39\" data-element_type=\"container\" data-settings=\"{&quot;background_background&quot;:&quot;classic&quot;}\">\n\t\t\t\t<\/div>\n\t\t\t\t<\/div>\n\t\t<div class=\"elementor-element elementor-element-35e8157 e-con-full e-flex elementor-invisible e-con e-child\" data-id=\"35e8157\" data-element_type=\"container\" data-settings=\"{&quot;animation&quot;:&quot;slideInUp&quot;,&quot;background_background&quot;:&quot;classic&quot;,&quot;animation_delay&quot;:600}\">\n\t\t<div class=\"elementor-element elementor-element-ddaedf4 e-con-full e-flex e-con e-child\" data-id=\"ddaedf4\" data-element_type=\"container\">\n\t\t\t\t<div class=\"elementor-element elementor-element-1b0dab1 elementor-widget elementor-widget-icon-box\" data-id=\"1b0dab1\" data-element_type=\"widget\" data-widget_type=\"icon-box.default\">\n\t\t\t\t\t\t\t<div class=\"elementor-icon-box-wrapper\">\n\n\t\t\t\n\t\t\t\t\t\t<div class=\"elementor-icon-box-content\">\n\n\t\t\t\t\t\t\t\t\t<h3 class=\"elementor-icon-box-title\">\n\t\t\t\t\t\t<span  >\n\t\t\t\t\t\t\tSynth\u00e9tiseur de peptides par micro-ondes Nova 5 R&amp;D\t\t\t\t\t\t<\/span>\n\t\t\t\t\t<\/h3>\n\t\t\t\t\n\t\t\t\t\n\t\t\t<\/div>\n\t\t\t\n\t\t<\/div>\n\t\t\t\t\t\t<\/div>\n\t\t\t\t<div class=\"elementor-element elementor-element-f950ba9 elementor-widget elementor-widget-text-editor\" data-id=\"f950ba9\" data-element_type=\"widget\" data-widget_type=\"text-editor.default\">\n\t\t\t\t\t\t\t\t\t<p>Utilisant la technologie SPPS assist\u00e9e par micro-ondes, le PepAxis-Nova 5 permet une synth\u00e8se rapide des peptides avec des temps de r\u00e9action consid\u00e9rablement r\u00e9duits, fournissant une plate-forme efficace et fiable pour la R&amp;D des peptides et la recherche biochimique.<\/p>\t\t\t\t\t\t\t\t<\/div>\n\t\t\t\t<div class=\"elementor-element elementor-element-5776050 elementor-align-justify elementor-widget__width-initial elementor-invisible elementor-widget elementor-widget-button\" data-id=\"5776050\" data-element_type=\"widget\" data-settings=\"{&quot;_animation&quot;:&quot;fadeIn&quot;,&quot;_animation_delay&quot;:450}\" data-widget_type=\"button.default\">\n\t\t\t\t\t\t\t\t\t\t<a class=\"elementor-button elementor-button-link elementor-size-sm\" href=\"https:\/\/pepaxis.com\/fr\/rd-grade-peptide-synthesizer\/nova-5-rd-microwave-peptide-synthesizer\/\">\n\t\t\t\t\t\t<span class=\"elementor-button-content-wrapper\">\n\t\t\t\t\t\t\t\t\t<span class=\"elementor-button-text\">En savoir plus<\/span>\n\t\t\t\t\t<\/span>\n\t\t\t\t\t<\/a>\n\t\t\t\t\t\t\t\t<\/div>\n\t\t\t\t<\/div>\n\t\t<div class=\"elementor-element elementor-element-49a2442 e-con-full e-flex e-con e-child\" data-id=\"49a2442\" data-element_type=\"container\" data-settings=\"{&quot;background_background&quot;:&quot;classic&quot;}\">\n\t\t\t\t<\/div>\n\t\t\t\t<\/div>\n\t\t<div class=\"elementor-element elementor-element-156ebfc4 e-con-full e-flex elementor-invisible e-con e-child\" data-id=\"156ebfc4\" data-element_type=\"container\" data-settings=\"{&quot;animation&quot;:&quot;slideInUp&quot;,&quot;background_background&quot;:&quot;classic&quot;,&quot;animation_delay&quot;:600}\">\n\t\t<div class=\"elementor-element elementor-element-f9397ce e-con-full e-flex e-con e-child\" data-id=\"f9397ce\" data-element_type=\"container\">\n\t\t\t\t<div class=\"elementor-element elementor-element-f986257 elementor-widget elementor-widget-icon-box\" data-id=\"f986257\" data-element_type=\"widget\" data-widget_type=\"icon-box.default\">\n\t\t\t\t\t\t\t<div class=\"elementor-icon-box-wrapper\">\n\n\t\t\t\n\t\t\t\t\t\t<div class=\"elementor-icon-box-content\">\n\n\t\t\t\t\t\t\t\t\t<h3 class=\"elementor-icon-box-title\">\n\t\t\t\t\t\t<span  >\n\t\t\t\t\t\t\tNova 7 Synth\u00e9tiseur de peptides multicanaux asynchrone \u00e0 micro-\u00e9chelle\t\t\t\t\t\t<\/span>\n\t\t\t\t\t<\/h3>\n\t\t\t\t\n\t\t\t\t\n\t\t\t<\/div>\n\t\t\t\n\t\t<\/div>\n\t\t\t\t\t\t<\/div>\n\t\t\t\t<div class=\"elementor-element elementor-element-54e98f22 elementor-widget elementor-widget-text-editor\" data-id=\"54e98f22\" data-element_type=\"widget\" data-widget_type=\"text-editor.default\">\n\t\t\t\t\t\t\t\t\t<p>Le synth\u00e9tiseur de peptides asynchrone PepAxis-Nova 7 prend en charge 12 ou 24 canaux ind\u00e9pendants avec une distribution pr\u00e9cise des r\u00e9actifs et un contr\u00f4le en temps r\u00e9el, permettant une synth\u00e8se peptidique flexible \u00e0 haut d\u00e9bit pour la d\u00e9couverte de m\u00e9dicaments, les \u00e9tudes SAR et la g\u00e9n\u00e9ration de biblioth\u00e8ques de peptides.<\/p>\t\t\t\t\t\t\t\t<\/div>\n\t\t\t\t<div class=\"elementor-element elementor-element-27c8adcf elementor-align-justify elementor-widget__width-initial elementor-invisible elementor-widget elementor-widget-button\" data-id=\"27c8adcf\" data-element_type=\"widget\" data-settings=\"{&quot;_animation&quot;:&quot;fadeIn&quot;,&quot;_animation_delay&quot;:450}\" data-widget_type=\"button.default\">\n\t\t\t\t\t\t\t\t\t\t<a class=\"elementor-button elementor-button-link elementor-size-sm\" href=\"https:\/\/pepaxis.com\/fr\/rd-grade-peptide-synthesizer\/nova-7-asynchronous-micro-scale-multichannel-peptide-synthesizer\/\">\n\t\t\t\t\t\t<span class=\"elementor-button-content-wrapper\">\n\t\t\t\t\t\t\t\t\t<span class=\"elementor-button-text\">En savoir plus<\/span>\n\t\t\t\t\t<\/span>\n\t\t\t\t\t<\/a>\n\t\t\t\t\t\t\t\t<\/div>\n\t\t\t\t<\/div>\n\t\t<div class=\"elementor-element elementor-element-57adb114 e-con-full e-flex e-con e-child\" data-id=\"57adb114\" data-element_type=\"container\" data-settings=\"{&quot;background_background&quot;:&quot;classic&quot;}\">\n\t\t\t\t<\/div>\n\t\t\t\t<\/div>\n\t\t\t\t<\/div>\n\t\t\t\t<\/div>","protected":false},"excerpt":{"rendered":"<p>High-performance R&amp;D peptide synthesizer with precise control, efficient solid-phase synthesis, and scalable solutions for advanced research and pharmaceutical applications. Nova 1 Single Channel Peptide Synthesizer The PepAxis-Nova 1 is a precise single-channel peptide synthesizer featuring 180\u00b0 inversion mixing and accurate liquid dosing, providing reliable, automated synthesis for routine peptide preparation, method development, and research applications. [&hellip;]<\/p>\n","protected":false},"author":2,"featured_media":0,"parent":0,"menu_order":0,"comment_status":"closed","ping_status":"closed","template":"","meta":{"_seopress_robots_primary_cat":"","_seopress_titles_title":"","_seopress_titles_desc":"","_seopress_robots_index":"","footnotes":""},"class_list":["post-1117","page","type-page","status-publish","hentry"],"_links":{"self":[{"href":"https:\/\/pepaxis.com\/fr\/wp-json\/wp\/v2\/pages\/1117","targetHints":{"allow":["GET"]}}],"collection":[{"href":"https:\/\/pepaxis.com\/fr\/wp-json\/wp\/v2\/pages"}],"about":[{"href":"https:\/\/pepaxis.com\/fr\/wp-json\/wp\/v2\/types\/page"}],"author":[{"embeddable":true,"href":"https:\/\/pepaxis.com\/fr\/wp-json\/wp\/v2\/users\/2"}],"replies":[{"embeddable":true,"href":"https:\/\/pepaxis.com\/fr\/wp-json\/wp\/v2\/comments?post=1117"}],"version-history":[{"count":0,"href":"https:\/\/pepaxis.com\/fr\/wp-json\/wp\/v2\/pages\/1117\/revisions"}],"wp:attachment":[{"href":"https:\/\/pepaxis.com\/fr\/wp-json\/wp\/v2\/media?parent=1117"}],"curies":[{"name":"wp","href":"https:\/\/api.w.org\/{rel}","templated":true}]}}