{"id":151,"date":"2026-01-06T15:39:19","date_gmt":"2026-01-06T07:39:19","guid":{"rendered":"https:\/\/pepaxis.com\/?page_id=151"},"modified":"2026-03-23T10:17:05","modified_gmt":"2026-03-23T02:17:05","slug":"politica-de-cookies","status":"publish","type":"page","link":"https:\/\/pepaxis.com\/es\/cookie-policy\/","title":{"rendered":"Pol\u00edtica de cookies"},"content":{"rendered":"<div data-elementor-type=\"wp-page\" data-elementor-id=\"151\" class=\"elementor elementor-151\" data-elementor-post-type=\"page\">\n\t\t\t\t<div class=\"elementor-element elementor-element-74a9207a e-con-full e-flex e-con e-parent\" data-id=\"74a9207a\" data-element_type=\"container\" data-settings=\"{&quot;background_background&quot;:&quot;classic&quot;}\">\n\t\t\t\t<\/div>\n\t\t<div class=\"elementor-element elementor-element-a4b3335 e-con-full e-flex e-con e-parent\" data-id=\"a4b3335\" data-element_type=\"container\">\n\t\t<div class=\"elementor-element elementor-element-24d09d70 e-con-full e-flex e-con e-child\" data-id=\"24d09d70\" data-element_type=\"container\">\n\t\t\t\t<div class=\"elementor-element elementor-element-69dc102a elementor-widget elementor-widget-text-editor\" data-id=\"69dc102a\" data-element_type=\"widget\" data-widget_type=\"text-editor.default\">\n\t\t\t\t\t\t\t\t\t<p>Una cookie es una peque\u00f1a cantidad de informaci\u00f3n que se descarga en su ordenador o dispositivo cuando visita nuestro Sitio. Utilizamos diferentes tipos de cookies: funcionales, de rendimiento, publicitarias, de redes sociales o de contenido.<\/p><p>Las cookies mejoran su experiencia de navegaci\u00f3n al permitir que el sitio web recuerde sus acciones y preferencias (como el inicio de sesi\u00f3n y la selecci\u00f3n de regi\u00f3n). Esto significa que no tendr\u00e1 que volver a introducir esta informaci\u00f3n cada vez que regrese al sitio o navegue de una p\u00e1gina a otra.<\/p><p>Las cookies tambi\u00e9n proporcionan informaci\u00f3n sobre el uso que hacen los usuarios del sitio web, por ejemplo, si es la primera vez que lo visitan o si lo hacen con frecuencia.<\/p><p>Tenga en cuenta que eliminar o bloquear las cookies puede afectar negativamente a su experiencia de usuario y es posible que algunas partes de nuestro sitio web dejen de ser plenamente accesibles.<\/p><p>El tiempo que una cookie permanece en su ordenador o dispositivo m\u00f3vil depende de si se trata de una cookie \u201cpersistente\u201d o \u201cde sesi\u00f3n\u201d. Las cookies de sesi\u00f3n duran hasta que usted deja de navegar y las cookies persistentes duran hasta que caducan o se borran. La mayor\u00eda de las cookies que utilizamos son persistentes y expiran entre 30 minutos y dos a\u00f1os despu\u00e9s de la fecha en que se descargan en su dispositivo.<\/p><p>Puede controlar y gestionar las cookies de varias maneras.<\/p><p>La mayor\u00eda de los navegadores aceptan autom\u00e1ticamente las cookies, pero usted puede elegir si las acepta o no a trav\u00e9s de los controles de su navegador, que a menudo se encuentran en el men\u00fa \u201cHerramientas\u201d o \u201cPreferencias\u201d de su navegador. Para m\u00e1s informaci\u00f3n sobre c\u00f3mo modificar la configuraci\u00f3n de su navegador o c\u00f3mo bloquear, gestionar o filtrar las cookies puede consultar el archivo de ayuda de su navegador.<\/p><p>Adem\u00e1s, tenga en cuenta que bloquear las cookies puede no impedir completamente que compartamos informaci\u00f3n con terceros, como nuestros socios publicitarios. Para ejercer sus derechos o excluirse de determinados usos de su informaci\u00f3n por estas partes, siga las instrucciones de la secci\u00f3n \u201cPublicidad comportamental\u201d de nuestra Pol\u00edtica de privacidad.<\/p>\t\t\t\t\t\t\t\t<\/div>\n\t\t\t\t<\/div>\n\t\t\t\t<\/div>\n\t\t\t\t<\/div>","protected":false},"excerpt":{"rendered":"<p>A cookie is a small amount of information that\u2019s downloaded to your computer or device when you visit our Site. We use a number of different cookies, including functional, performance, advertising, and social media or content cookies. Cookies make your browsing experience better by allowing the website to remember your actions and preferences (such as [&hellip;]<\/p>\n","protected":false},"author":2,"featured_media":0,"parent":0,"menu_order":0,"comment_status":"closed","ping_status":"closed","template":"","meta":{"_seopress_robots_primary_cat":"","_seopress_titles_title":"","_seopress_titles_desc":"","_seopress_robots_index":"yes","footnotes":""},"class_list":["post-151","page","type-page","status-publish","hentry"],"_links":{"self":[{"href":"https:\/\/pepaxis.com\/es\/wp-json\/wp\/v2\/pages\/151","targetHints":{"allow":["GET"]}}],"collection":[{"href":"https:\/\/pepaxis.com\/es\/wp-json\/wp\/v2\/pages"}],"about":[{"href":"https:\/\/pepaxis.com\/es\/wp-json\/wp\/v2\/types\/page"}],"author":[{"embeddable":true,"href":"https:\/\/pepaxis.com\/es\/wp-json\/wp\/v2\/users\/2"}],"replies":[{"embeddable":true,"href":"https:\/\/pepaxis.com\/es\/wp-json\/wp\/v2\/comments?post=151"}],"version-history":[{"count":0,"href":"https:\/\/pepaxis.com\/es\/wp-json\/wp\/v2\/pages\/151\/revisions"}],"wp:attachment":[{"href":"https:\/\/pepaxis.com\/es\/wp-json\/wp\/v2\/media?parent=151"}],"curies":[{"name":"wp","href":"https:\/\/api.w.org\/{rel}","templated":true}]}}