{"id":147,"date":"2026-01-06T15:38:49","date_gmt":"2026-01-06T07:38:49","guid":{"rendered":"https:\/\/pepaxis.com\/?page_id=147"},"modified":"2026-03-23T10:16:06","modified_gmt":"2026-03-23T02:16:06","slug":"politica-de-privacidad","status":"publish","type":"page","link":"https:\/\/pepaxis.com\/es\/privacy-policy\/","title":{"rendered":"Pol\u00edtica de privacidad"},"content":{"rendered":"<div data-elementor-type=\"wp-page\" data-elementor-id=\"147\" class=\"elementor elementor-147\" data-elementor-post-type=\"page\">\n\t\t\t\t<div class=\"elementor-element elementor-element-34153f59 e-con-full e-flex e-con e-parent\" data-id=\"34153f59\" data-element_type=\"container\" data-settings=\"{&quot;background_background&quot;:&quot;classic&quot;}\">\n\t\t\t\t<\/div>\n\t\t<div class=\"elementor-element elementor-element-3d53b974 e-con-full e-flex e-con e-parent\" data-id=\"3d53b974\" data-element_type=\"container\">\n\t\t<div class=\"elementor-element elementor-element-b84e904 e-con-full e-flex e-con e-child\" data-id=\"b84e904\" data-element_type=\"container\">\n\t\t\t\t<div class=\"elementor-element elementor-element-6861ec70 elementor-widget elementor-widget-text-editor\" data-id=\"6861ec70\" data-element_type=\"widget\" data-widget_type=\"text-editor.default\">\n\t\t\t\t\t\t\t\t\tLa presente Pol\u00edtica de Privacidad (\u201cPol\u00edtica\u201d) describe la forma en que nuestro sitio (\u201cnosotros\u201d o \u201cnos\u201d y nuestro sitio web en (el \u201cSitio\u201d) utilizan y recopilan datos de las personas. Esta Pol\u00edtica, que se incorpora a las condiciones del servicio y est\u00e1 sujeta a ellas, describe la informaci\u00f3n que recabamos de usted en el Sitio, la forma en que utilizamos y divulgamos dicha informaci\u00f3n y las medidas que adoptamos para protegerla.\t\t\t\t\t\t\t\t<\/div>\n\t\t\t\t<\/div>\n\t\t<div class=\"elementor-element elementor-element-95fee8f e-con-full e-flex e-con e-child\" data-id=\"95fee8f\" data-element_type=\"container\">\n\t\t\t\t<div class=\"elementor-element elementor-element-da44293 elementor-widget elementor-widget-heading\" data-id=\"da44293\" data-element_type=\"widget\" data-widget_type=\"heading.default\">\n\t\t\t\t\t<h2 class=\"elementor-heading-title elementor-size-default\">Informaci\u00f3n que recopilamos en el sitio<\/h2>\t\t\t\t<\/div>\n\t\t\t\t<div class=\"elementor-element elementor-element-e2a31f4 elementor-widget elementor-widget-text-editor\" data-id=\"e2a31f4\" data-element_type=\"widget\" data-widget_type=\"text-editor.default\">\n\t\t\t\t\t\t\t\t\t<p>Informaci\u00f3n proporcionada por el usuario. Cuando utiliza el Sitio, podemos recopilar informaci\u00f3n sobre usted, incluido su nombre, direcci\u00f3n de correo electr\u00f3nico, direcci\u00f3n postal, tarjeta de cr\u00e9dito u otros datos de facturaci\u00f3n. Puede proporcionarnos informaci\u00f3n de varias formas en el Sitio. Por ejemplo, nos proporciona informaci\u00f3n cuando realiza una compra en el Sitio o nos env\u00eda solicitudes relacionadas con el servicio de atenci\u00f3n al cliente.<\/p><p>Cookies e informaci\u00f3n recopilada autom\u00e1ticamente. Cuando usted utiliza el Sitio, podemos enviar una o m\u00e1s cookies -peque\u00f1os archivos de texto que contienen una cadena de caracteres alfanum\u00e9ricos- a su dispositivo. Podemos utilizar tanto cookies de sesi\u00f3n como cookies permanentes. Las cookies de sesi\u00f3n desaparecen al cerrar el navegador. Una cookie persistente permanece despu\u00e9s de que usted cierre su navegador y puede ser utilizada por su navegador en visitas posteriores al Sitio. Consulte el archivo de \u201cAyuda\u201d de su navegador para saber c\u00f3mo modificar la configuraci\u00f3n de las cookies.<\/p>\t\t\t\t\t\t\t\t<\/div>\n\t\t\t\t<\/div>\n\t\t<div class=\"elementor-element elementor-element-afaa54e e-con-full e-flex e-con e-child\" data-id=\"afaa54e\" data-element_type=\"container\">\n\t\t\t\t<div class=\"elementor-element elementor-element-2397427 elementor-widget elementor-widget-heading\" data-id=\"2397427\" data-element_type=\"widget\" data-widget_type=\"heading.default\">\n\t\t\t\t\t<h2 class=\"elementor-heading-title elementor-size-default\">C\u00f3mo utilizamos la informaci\u00f3n que recopilamos<\/h2>\t\t\t\t<\/div>\n\t\t\t\t<div class=\"elementor-element elementor-element-e807daa elementor-widget elementor-widget-text-editor\" data-id=\"e807daa\" data-element_type=\"widget\" data-widget_type=\"text-editor.default\">\n\t\t\t\t\t\t\t\t\t<p>Utilizamos la informaci\u00f3n que recopilamos en el Sitio de diversas formas para proporcionar el Sitio y operar nuestro negocio, incluidas las siguientes:<\/p><p>Utilizamos la informaci\u00f3n que recopilamos en el Sitio para operar, mantener, mejorar y proporcionar todas las funciones del Sitio, para proporcionar los servicios y la informaci\u00f3n que usted solicite, para responder a comentarios y preguntas y para proporcionar asistencia a los usuarios, as\u00ed como para procesar y entregar entradas y premios en relaci\u00f3n con las promociones que puedan ofrecerse ocasionalmente en el Sitio.<\/p><p>Utilizamos la informaci\u00f3n que recopilamos en el Sitio para comprender y analizar las tendencias de uso y las preferencias de nuestros usuarios, para mejorar el Sitio y para desarrollar nuevos productos, servicios, caracter\u00edsticas y funcionalidades.<\/p><p>Podemos utilizar su direcci\u00f3n de correo electr\u00f3nico u otra informaci\u00f3n que recopilemos para ponernos en contacto con usted con fines administrativos, como el servicio de atenci\u00f3n al cliente, o para enviarle comunicaciones, incluidas actualizaciones sobre promociones y eventos, relacionadas con productos y servicios ofrecidos por nosotros y por terceros.<\/p><p>Podemos utilizar cookies e informaci\u00f3n recopilada autom\u00e1ticamente para: (i) personalizar nuestro Sitio, como recordar informaci\u00f3n sobre usted para que no tenga que volver a introducirla durante su visita o la pr\u00f3xima vez que visite el Sitio; (ii) proporcionar anuncios, contenido e informaci\u00f3n personalizados; (iii) supervisar y analizar la eficacia del Sitio y las actividades de marketing de terceros; (iv) supervisar las m\u00e9tricas de uso del sitio agregadas, como el n\u00famero total de visitantes y las p\u00e1ginas visitadas; y (v) realizar un seguimiento de sus entradas, env\u00edos y estado en cualquier promoci\u00f3n u otras actividades en el Sitio.<\/p>\t\t\t\t\t\t\t\t<\/div>\n\t\t\t\t<\/div>\n\t\t<div class=\"elementor-element elementor-element-3c823cf e-con-full e-flex e-con e-child\" data-id=\"3c823cf\" data-element_type=\"container\">\n\t\t\t\t<div class=\"elementor-element elementor-element-84d8f82 elementor-widget elementor-widget-heading\" data-id=\"84d8f82\" data-element_type=\"widget\" data-widget_type=\"heading.default\">\n\t\t\t\t\t<h2 class=\"elementor-heading-title elementor-size-default\">Cu\u00e1ndo divulgamos informaci\u00f3n<\/h2>\t\t\t\t<\/div>\n\t\t\t\t<div class=\"elementor-element elementor-element-db2c4ca elementor-widget elementor-widget-text-editor\" data-id=\"db2c4ca\" data-element_type=\"widget\" data-widget_type=\"text-editor.default\">\n\t\t\t\t\t\t\t\t\t<p>Salvo en los casos descritos en la presente Pol\u00edtica, no revelaremos a terceros la informaci\u00f3n sobre usted que recopilemos en el Sitio sin su consentimiento. Podremos revelar informaci\u00f3n a terceros si usted nos da su consentimiento para ello, as\u00ed como en las siguientes circunstancias:<\/p><p>Cualquier informaci\u00f3n que usted decida voluntariamente incluir en un \u00e1rea de acceso p\u00fablico del Sitio estar\u00e1 disponible para cualquiera que tenga acceso a ese contenido, incluidos otros usuarios.<\/p><p>Trabajamos con terceros proveedores de servicios que nos prestan servicios de sitio web, desarrollo de aplicaciones, alojamiento, mantenimiento, impresi\u00f3n y otros. Estos terceros pueden tener acceso o procesar informaci\u00f3n sobre usted como parte de la prestaci\u00f3n de esos servicios para nosotros.<\/p><p>Podemos revelar informaci\u00f3n sobre usted si as\u00ed lo exige la ley o si creemos de buena fe que dicha acci\u00f3n es necesaria para cumplir con las leyes estatales y federales, en respuesta a una orden judicial, citaci\u00f3n u orden judicial de otro gobierno, o para cooperar de otro modo con la aplicaci\u00f3n de la ley u otros organismos gubernamentales.<\/p><p>Tambi\u00e9n nos reservamos el derecho a revelar informaci\u00f3n sobre usted que consideremos, de buena fe, apropiada o necesaria para: (i) tomar precauciones contra la responsabilidad; (ii) protegernos a nosotros mismos o a otros de usos o actividades fraudulentos, abusivos o ilegales; (iii) investigar y defendernos de cualquier reclamaci\u00f3n o alegaci\u00f3n de terceros; (iv) proteger la seguridad o integridad del Sitio y de cualquier instalaci\u00f3n o equipo utilizado para que el Sitio est\u00e9 disponible; o (v) proteger nuestra propiedad u otros derechos legales (incluyendo, entre otros, el cumplimiento de nuestros acuerdos), o los derechos, propiedad o seguridad de otros.<\/p><p>La informaci\u00f3n sobre nuestros usuarios puede divulgarse y transferirse de otro modo a un adquirente, sucesor o cesionario como parte de cualquier fusi\u00f3n, adquisici\u00f3n, financiaci\u00f3n de deuda, venta de activos o transacci\u00f3n similar, o en caso de insolvencia, quiebra o administraci\u00f3n judicial en la que la informaci\u00f3n se transfiera a uno o m\u00e1s terceros como uno de nuestros activos comerciales.<\/p><p>Podemos poner a disposici\u00f3n de terceros determinada informaci\u00f3n agregada, recopilada autom\u00e1ticamente o de otro modo no personal para diversos fines, entre los que se incluyen: (i) el cumplimiento de diversas obligaciones de informaci\u00f3n; (ii) para fines comerciales o de marketing; o (iii) para ayudar a dichas partes a comprender los intereses, h\u00e1bitos y patrones de uso de nuestros usuarios para determinados programas, contenidos, servicios, anuncios, promociones y\/o funcionalidades disponibles a trav\u00e9s del Sitio.<\/p>\t\t\t\t\t\t\t\t<\/div>\n\t\t\t\t<\/div>\n\t\t<div class=\"elementor-element elementor-element-08da007 e-con-full e-flex e-con e-child\" data-id=\"08da007\" data-element_type=\"container\">\n\t\t\t\t<div class=\"elementor-element elementor-element-070c0fc elementor-widget elementor-widget-heading\" data-id=\"070c0fc\" data-element_type=\"widget\" data-widget_type=\"heading.default\">\n\t\t\t\t\t<h2 class=\"elementor-heading-title elementor-size-default\">Sus opciones<\/h2>\t\t\t\t<\/div>\n\t\t\t\t<div class=\"elementor-element elementor-element-0ae2b1e elementor-widget elementor-widget-text-editor\" data-id=\"0ae2b1e\" data-element_type=\"widget\" data-widget_type=\"text-editor.default\">\n\t\t\t\t\t\t\t\t\t<p>Por supuesto, puede negarse a compartir cierta informaci\u00f3n con nosotros, en cuyo caso es posible que no podamos ofrecerle algunas de las caracter\u00edsticas y funciones del Sitio. Puede actualizar, corregir o eliminar la informaci\u00f3n y preferencias de su cuenta en cualquier momento accediendo a la p\u00e1gina de preferencias de su cuenta en el Sitio. Tenga en cuenta que, aunque cualquier cambio que realice se reflejar\u00e1 en las bases de datos de usuarios activos en un plazo de tiempo razonable, podremos conservar toda la informaci\u00f3n que nos env\u00ede para realizar copias de seguridad, archivarla, prevenir fraudes y abusos, realizar an\u00e1lisis, cumplir obligaciones legales o cuando consideremos razonablemente que tenemos un motivo leg\u00edtimo para hacerlo.<\/p><p>Si recibe correos electr\u00f3nicos comerciales nuestros, puede darse de baja en cualquier momento siguiendo las instrucciones que figuran en el correo electr\u00f3nico. Tambi\u00e9n puede optar por dejar de recibir nuestros correos electr\u00f3nicos comerciales. Podemos permitirle ver y modificar los ajustes relativos a la naturaleza y frecuencia de las comunicaciones promocionales que recibe de nosotros en la funcionalidad de la cuenta de usuario en el Sitio.<\/p><p>Tenga en cuenta que si opta por dejar de recibir nuestros mensajes comerciales por correo electr\u00f3nico o modifica de otro modo la naturaleza o la frecuencia de las comunicaciones promocionales que recibe de nosotros, podemos tardar hasta diez d\u00edas laborables en procesar su solicitud, y es posible que siga recibiendo nuestras comunicaciones promocionales durante ese per\u00edodo. Adem\u00e1s, incluso despu\u00e9s de optar por no recibir mensajes comerciales de nosotros, seguir\u00e1 recibiendo mensajes administrativos de nosotros en relaci\u00f3n con el Sitio.<\/p>\t\t\t\t\t\t\t\t<\/div>\n\t\t\t\t<\/div>\n\t\t<div class=\"elementor-element elementor-element-19356af e-con-full e-flex e-con e-child\" data-id=\"19356af\" data-element_type=\"container\">\n\t\t\t\t<div class=\"elementor-element elementor-element-db35c5b elementor-widget elementor-widget-heading\" data-id=\"db35c5b\" data-element_type=\"widget\" data-widget_type=\"heading.default\">\n\t\t\t\t\t<h2 class=\"elementor-heading-title elementor-size-default\">Sitios de terceros<\/h2>\t\t\t\t<\/div>\n\t\t\t\t<div class=\"elementor-element elementor-element-a5334bc elementor-widget elementor-widget-text-editor\" data-id=\"a5334bc\" data-element_type=\"widget\" data-widget_type=\"text-editor.default\">\n\t\t\t\t\t\t\t\t\t<p>El Sitio puede contener funciones o enlaces a sitios web y servicios prestados por terceros. Cualquier informaci\u00f3n que usted proporcione en sitios o servicios de terceros se facilita directamente a los operadores de dichos servicios y est\u00e1 sujeta a las pol\u00edticas de dichos operadores, si las hubiera, que rigen la privacidad y la seguridad, incluso si se accede a ella a trav\u00e9s del Sitio. No somos responsables del contenido ni de las pr\u00e1cticas y pol\u00edticas de privacidad y seguridad de los sitios o servicios de terceros a los que se acceda a trav\u00e9s del Sitio. Le recomendamos que se informe sobre las pol\u00edticas de privacidad y seguridad de terceros antes de facilitarles informaci\u00f3n.<\/p>\t\t\t\t\t\t\t\t<\/div>\n\t\t\t\t<\/div>\n\t\t<div class=\"elementor-element elementor-element-ab004ac e-con-full e-flex e-con e-child\" data-id=\"ab004ac\" data-element_type=\"container\">\n\t\t\t\t<div class=\"elementor-element elementor-element-48bf7f0 elementor-widget elementor-widget-heading\" data-id=\"48bf7f0\" data-element_type=\"widget\" data-widget_type=\"heading.default\">\n\t\t\t\t\t<h2 class=\"elementor-heading-title elementor-size-default\">Privacidad infantil\n<\/h2>\t\t\t\t<\/div>\n\t\t\t\t<div class=\"elementor-element elementor-element-5a38f18 elementor-widget elementor-widget-text-editor\" data-id=\"5a38f18\" data-element_type=\"widget\" data-widget_type=\"text-editor.default\">\n\t\t\t\t\t\t\t\t\t<p>La protecci\u00f3n de la privacidad de los ni\u00f1os peque\u00f1os es especialmente importante. Nuestro Sitio es un sitio de audiencia general no dirigido a ni\u00f1os menores de 13 a\u00f1os, y no recopilamos conscientemente informaci\u00f3n personal de ni\u00f1os menores de 13 a\u00f1os sin obtener el consentimiento paterno.<\/p>\t\t\t\t\t\t\t\t<\/div>\n\t\t\t\t<\/div>\n\t\t<div class=\"elementor-element elementor-element-b7b3f9b e-con-full e-flex e-con e-child\" data-id=\"b7b3f9b\" data-element_type=\"container\">\n\t\t\t\t<div class=\"elementor-element elementor-element-4b8ff57 elementor-widget elementor-widget-heading\" data-id=\"4b8ff57\" data-element_type=\"widget\" data-widget_type=\"heading.default\">\n\t\t\t\t\t<h2 class=\"elementor-heading-title elementor-size-default\">Seguridad de los datos<\/h2>\t\t\t\t<\/div>\n\t\t\t\t<div class=\"elementor-element elementor-element-d364b0e elementor-widget elementor-widget-text-editor\" data-id=\"d364b0e\" data-element_type=\"widget\" data-widget_type=\"text-editor.default\">\n\t\t\t\t\t\t\t\t\t<p>Utilizamos ciertas medidas de seguridad f\u00edsicas, administrativas y t\u00e9cnicas dise\u00f1adas para mejorar la integridad y seguridad de la informaci\u00f3n que recopilamos y mantenemos. Tenga en cuenta que ninguna medida de seguridad es perfecta o impenetrable. No podemos garantizar, ni garantizamos, que no se pueda acceder a su informaci\u00f3n, verla, divulgarla, alterarla o destruirla por incumplimiento de cualquiera de nuestras medidas de seguridad f\u00edsicas, t\u00e9cnicas o de gesti\u00f3n.<\/p>\t\t\t\t\t\t\t\t<\/div>\n\t\t\t\t<\/div>\n\t\t<div class=\"elementor-element elementor-element-92f6d97 e-con-full e-flex e-con e-child\" data-id=\"92f6d97\" data-element_type=\"container\">\n\t\t\t\t<div class=\"elementor-element elementor-element-891dbff elementor-widget elementor-widget-heading\" data-id=\"891dbff\" data-element_type=\"widget\" data-widget_type=\"heading.default\">\n\t\t\t\t\t<h2 class=\"elementor-heading-title elementor-size-default\">Visitantes internacionales<\/h2>\t\t\t\t<\/div>\n\t\t\t\t<div class=\"elementor-element elementor-element-20af4d6 elementor-widget elementor-widget-text-editor\" data-id=\"20af4d6\" data-element_type=\"widget\" data-widget_type=\"text-editor.default\">\n\t\t\t\t\t\t\t\t\t<p>El Sitio est\u00e1 alojado en Estados Unidos y est\u00e1 destinado a visitantes ubicados en Estados Unidos. Si decide utilizar el Sitio desde la Uni\u00f3n Europea u otras regiones del mundo con leyes que regulan la recopilaci\u00f3n y el uso de datos que pueden diferir de la legislaci\u00f3n estadounidense, tenga en cuenta que est\u00e1 transfiriendo su informaci\u00f3n personal fuera de esas regiones a Estados Unidos para su almacenamiento y procesamiento. Asimismo, podemos transferir sus datos desde EE.UU. a otros pa\u00edses o regiones en relaci\u00f3n con el almacenamiento y procesamiento de datos, el cumplimiento de sus solicitudes y el funcionamiento del Sitio. Al proporcionar cualquier informaci\u00f3n, incluida la informaci\u00f3n personal, en o al Sitio, usted da su consentimiento a dicha transferencia, almacenamiento y procesamiento.<\/p>\t\t\t\t\t\t\t\t<\/div>\n\t\t\t\t<\/div>\n\t\t<div class=\"elementor-element elementor-element-112f769 e-con-full e-flex e-con e-child\" data-id=\"112f769\" data-element_type=\"container\">\n\t\t\t\t<div class=\"elementor-element elementor-element-2b0368c elementor-widget elementor-widget-heading\" data-id=\"2b0368c\" data-element_type=\"widget\" data-widget_type=\"heading.default\">\n\t\t\t\t\t<h2 class=\"elementor-heading-title elementor-size-default\">Cambios y actualizaciones de esta pol\u00edtica<\/h2>\t\t\t\t<\/div>\n\t\t\t\t<div class=\"elementor-element elementor-element-0db2c5e elementor-widget elementor-widget-text-editor\" data-id=\"0db2c5e\" data-element_type=\"widget\" data-widget_type=\"text-editor.default\">\n\t\t\t\t\t\t\t\t\t<main id=\"content\" class=\"site-main post-851 page type-page status-publish hentry\"><div class=\"page-content\"><div class=\"elementor elementor-851\" data-elementor-type=\"wp-page\" data-elementor-id=\"851\" data-elementor-post-type=\"page\"><div class=\"elementor-element elementor-element-fd60c3b e-flex e-con-boxed e-con e-parent e-lazyloaded\" data-id=\"fd60c3b\" data-element_type=\"container\"><div class=\"e-con-inner\"><div class=\"elementor-element elementor-element-1532e63 elementor-widget elementor-widget-text-editor\" data-id=\"1532e63\" data-element_type=\"widget\" data-widget_type=\"text-editor.default\"><div class=\"elementor-widget-container\"><p>Vuelva a visitar esta p\u00e1gina peri\u00f3dicamente para estar al tanto de cualquier cambio en esta Pol\u00edtica, que podemos actualizar de vez en cuando. Si modificamos esta Pol\u00edtica, la pondremos a su disposici\u00f3n a trav\u00e9s del Sitio, e indicaremos la fecha de la \u00faltima revisi\u00f3n. En caso de que las modificaciones alteren materialmente sus derechos u obligaciones en virtud del presente documento, haremos todo lo razonablemente posible para notificarle el cambio. Por ejemplo, podemos enviarle un mensaje a su direcci\u00f3n de correo electr\u00f3nico, si la tenemos registrada, o generar una ventana emergente o una notificaci\u00f3n similar cuando acceda al Sitio por primera vez despu\u00e9s de que se hayan realizado dichas modificaciones materiales. Su uso continuado del Sitio despu\u00e9s de que la Pol\u00edtica revisada haya entrado en vigor indica que usted ha le\u00eddo, entendido y aceptado la versi\u00f3n actual de esta Pol\u00edtica.<\/p><\/div><\/div><\/div><\/div><\/div><\/div><\/main>\t\t\t\t\t\t\t\t<\/div>\n\t\t\t\t<\/div>\n\t\t\t\t<\/div>\n\t\t\t\t<\/div>","protected":false},"excerpt":{"rendered":"<p>This Privacy Policy (\u201cPolicy\u201d) describes the manner in which our site (\u201cwe,\u201d or \u201cus\u201d and our website at (the \u201cSite\u201d) use and collect data from individuals. This Policy, which is incorporated into and is subject to the terms of service, describes the information that we gather from you on the Site, how we use and [&hellip;]<\/p>\n","protected":false},"author":2,"featured_media":0,"parent":0,"menu_order":0,"comment_status":"closed","ping_status":"closed","template":"","meta":{"_seopress_robots_primary_cat":"","_seopress_titles_title":"","_seopress_titles_desc":"","_seopress_robots_index":"yes","footnotes":""},"class_list":["post-147","page","type-page","status-publish","hentry"],"_links":{"self":[{"href":"https:\/\/pepaxis.com\/es\/wp-json\/wp\/v2\/pages\/147","targetHints":{"allow":["GET"]}}],"collection":[{"href":"https:\/\/pepaxis.com\/es\/wp-json\/wp\/v2\/pages"}],"about":[{"href":"https:\/\/pepaxis.com\/es\/wp-json\/wp\/v2\/types\/page"}],"author":[{"embeddable":true,"href":"https:\/\/pepaxis.com\/es\/wp-json\/wp\/v2\/users\/2"}],"replies":[{"embeddable":true,"href":"https:\/\/pepaxis.com\/es\/wp-json\/wp\/v2\/comments?post=147"}],"version-history":[{"count":0,"href":"https:\/\/pepaxis.com\/es\/wp-json\/wp\/v2\/pages\/147\/revisions"}],"wp:attachment":[{"href":"https:\/\/pepaxis.com\/es\/wp-json\/wp\/v2\/media?parent=147"}],"curies":[{"name":"wp","href":"https:\/\/api.w.org\/{rel}","templated":true}]}}