{"id":1298,"date":"2026-03-10T22:03:40","date_gmt":"2026-03-10T14:03:40","guid":{"rendered":"https:\/\/pepaxis.com\/?page_id=1298"},"modified":"2026-03-20T15:32:51","modified_gmt":"2026-03-20T07:32:51","slug":"sintetizador-de-peptidos-multiples-tetras","status":"publish","type":"page","link":"https:\/\/pepaxis.com\/es\/tetras-multiple-peptide-synthesizer\/","title":{"rendered":"Sintetizador m\u00faltiple de p\u00e9ptidos Tetras"},"content":{"rendered":"<div data-elementor-type=\"wp-page\" data-elementor-id=\"1298\" class=\"elementor elementor-1298\" data-elementor-post-type=\"page\">\n\t\t\t\t<div class=\"elementor-element elementor-element-7aa0e2a e-con-full e-flex e-con e-parent\" data-id=\"7aa0e2a\" data-element_type=\"container\" data-settings=\"{&quot;background_background&quot;:&quot;classic&quot;}\">\n\t\t\t\t<div class=\"elementor-element elementor-element-78524538 elementor-widget__width-initial elementor-invisible elementor-widget elementor-widget-text-editor\" data-id=\"78524538\" data-element_type=\"widget\" data-settings=\"{&quot;_animation&quot;:&quot;fadeIn&quot;,&quot;_animation_delay&quot;:300}\" data-widget_type=\"text-editor.default\">\n\t\t\t\t\t\t\t\t\t<p>Sintetizador de p\u00e9ptidos m\u00faltiples Tetras de alto rendimiento con hasta 106 canales, que permite la s\u00edntesis paralela, una mayor eficiencia y la producci\u00f3n escalable de bibliotecas de p\u00e9ptidos.<\/p>\t\t\t\t\t\t\t\t<\/div>\n\t\t\t\t<\/div>\n\t\t<div class=\"elementor-element elementor-element-57c2b4b5 e-con-full e-flex e-con e-parent\" data-id=\"57c2b4b5\" data-element_type=\"container\">\n\t\t<div class=\"elementor-element elementor-element-2792a2ea e-con-full e-flex elementor-invisible e-con e-child\" data-id=\"2792a2ea\" data-element_type=\"container\" data-settings=\"{&quot;animation&quot;:&quot;slideInUp&quot;,&quot;background_background&quot;:&quot;classic&quot;,&quot;animation_delay&quot;:600}\">\n\t\t<div class=\"elementor-element elementor-element-4083ea03 e-con-full e-flex e-con e-child\" data-id=\"4083ea03\" data-element_type=\"container\">\n\t\t\t\t<div class=\"elementor-element elementor-element-605d30dd elementor-widget elementor-widget-icon-box\" data-id=\"605d30dd\" data-element_type=\"widget\" data-widget_type=\"icon-box.default\">\n\t\t\t\t\t\t\t<div class=\"elementor-icon-box-wrapper\">\n\n\t\t\t\n\t\t\t\t\t\t<div class=\"elementor-icon-box-content\">\n\n\t\t\t\t\t\t\t\t\t<h3 class=\"elementor-icon-box-title\">\n\t\t\t\t\t\t<span  >\n\t\t\t\t\t\t\tSintetizador m\u00faltiple de p\u00e9ptidos American Tetras\t\t\t\t\t\t<\/span>\n\t\t\t\t\t<\/h3>\n\t\t\t\t\n\t\t\t\t\n\t\t\t<\/div>\n\t\t\t\n\t\t<\/div>\n\t\t\t\t\t\t<\/div>\n\t\t\t\t<div class=\"elementor-element elementor-element-55a63a3e elementor-widget elementor-widget-text-editor\" data-id=\"55a63a3e\" data-element_type=\"widget\" data-widget_type=\"text-editor.default\">\n\t\t\t\t\t\t\t\t\t<p>Capaz de funcionar con hasta 106 reactores simult\u00e1neamente, el sintetizador de p\u00e9ptidos Tetras utiliza una tecnolog\u00eda patentada de s\u00edntesis rotatoria y as\u00edncrona que permite una producci\u00f3n de p\u00e9ptidos de alto rendimiento con un suministro preciso de reactivos y una contaminaci\u00f3n cruzada m\u00ednima.<\/p>\t\t\t\t\t\t\t\t<\/div>\n\t\t\t\t<div class=\"elementor-element elementor-element-a53e907 elementor-align-justify elementor-widget__width-initial elementor-invisible elementor-widget elementor-widget-button\" data-id=\"a53e907\" data-element_type=\"widget\" data-settings=\"{&quot;_animation&quot;:&quot;fadeIn&quot;,&quot;_animation_delay&quot;:450}\" data-widget_type=\"button.default\">\n\t\t\t\t\t\t\t\t\t\t<a class=\"elementor-button elementor-button-link elementor-size-sm\" href=\"https:\/\/pepaxis.com\/es\/tetras-multiple-peptide-synthesizer\/american-tetras-multiple-peptide-synthesizer\/\">\n\t\t\t\t\t\t<span class=\"elementor-button-content-wrapper\">\n\t\t\t\t\t\t\t\t\t<span class=\"elementor-button-text\">M\u00e1s informaci\u00f3n<\/span>\n\t\t\t\t\t<\/span>\n\t\t\t\t\t<\/a>\n\t\t\t\t\t\t\t\t<\/div>\n\t\t\t\t<\/div>\n\t\t<div class=\"elementor-element elementor-element-7ac115fc e-con-full e-flex e-con e-child\" data-id=\"7ac115fc\" data-element_type=\"container\" data-settings=\"{&quot;background_background&quot;:&quot;classic&quot;}\">\n\t\t\t\t<\/div>\n\t\t\t\t<\/div>\n\t\t\t\t<\/div>\n\t\t\t\t<\/div>","protected":false},"excerpt":{"rendered":"<p>High-throughput Tetras multiple peptide synthesizer with up to 106 channels, enabling parallel synthesis, improved efficiency, and scalable peptide library production. American Tetras Multiple Peptide Synthesizer Capable of running up to 106 reactors simultaneously, the Tetras peptide synthesizer uses patented rotary and asynchronous synthesis technology to enable high-throughput peptide production with precise reagent delivery and minimal [&hellip;]<\/p>\n","protected":false},"author":2,"featured_media":0,"parent":0,"menu_order":0,"comment_status":"closed","ping_status":"closed","template":"","meta":{"_seopress_robots_primary_cat":"","_seopress_titles_title":"","_seopress_titles_desc":"","_seopress_robots_index":"","footnotes":""},"class_list":["post-1298","page","type-page","status-publish","hentry"],"_links":{"self":[{"href":"https:\/\/pepaxis.com\/es\/wp-json\/wp\/v2\/pages\/1298","targetHints":{"allow":["GET"]}}],"collection":[{"href":"https:\/\/pepaxis.com\/es\/wp-json\/wp\/v2\/pages"}],"about":[{"href":"https:\/\/pepaxis.com\/es\/wp-json\/wp\/v2\/types\/page"}],"author":[{"embeddable":true,"href":"https:\/\/pepaxis.com\/es\/wp-json\/wp\/v2\/users\/2"}],"replies":[{"embeddable":true,"href":"https:\/\/pepaxis.com\/es\/wp-json\/wp\/v2\/comments?post=1298"}],"version-history":[{"count":0,"href":"https:\/\/pepaxis.com\/es\/wp-json\/wp\/v2\/pages\/1298\/revisions"}],"wp:attachment":[{"href":"https:\/\/pepaxis.com\/es\/wp-json\/wp\/v2\/media?parent=1298"}],"curies":[{"name":"wp","href":"https:\/\/api.w.org\/{rel}","templated":true}]}}