{"id":1117,"date":"2026-03-09T11:26:41","date_gmt":"2026-03-09T03:26:41","guid":{"rendered":"https:\/\/pepaxis.com\/?page_id=1117"},"modified":"2026-03-20T15:29:47","modified_gmt":"2026-03-20T07:29:47","slug":"sintetizador-de-peptidos-de-grado-rd","status":"publish","type":"page","link":"https:\/\/pepaxis.com\/es\/rd-grade-peptide-synthesizer\/","title":{"rendered":"Sintetizador de p\u00e9ptidos para I+D"},"content":{"rendered":"<div data-elementor-type=\"wp-page\" data-elementor-id=\"1117\" class=\"elementor elementor-1117\" data-elementor-post-type=\"page\">\n\t\t\t\t<div class=\"elementor-element elementor-element-4d01bd32 e-con-full e-flex e-con e-parent\" data-id=\"4d01bd32\" data-element_type=\"container\" data-settings=\"{&quot;background_background&quot;:&quot;classic&quot;}\">\n\t\t\t\t<div class=\"elementor-element elementor-element-3e33610b elementor-widget__width-initial elementor-invisible elementor-widget elementor-widget-text-editor\" data-id=\"3e33610b\" data-element_type=\"widget\" data-settings=\"{&quot;_animation&quot;:&quot;fadeIn&quot;,&quot;_animation_delay&quot;:300}\" data-widget_type=\"text-editor.default\">\n\t\t\t\t\t\t\t\t\t<p>Sintetizador de p\u00e9ptidos de alto rendimiento para I+D con control preciso, s\u00edntesis eficiente en fase s\u00f3lida y soluciones escalables para investigaci\u00f3n avanzada y aplicaciones farmac\u00e9uticas.<\/p>\t\t\t\t\t\t\t\t<\/div>\n\t\t\t\t<\/div>\n\t\t<div class=\"elementor-element elementor-element-5d1f51c0 e-con-full e-flex e-con e-parent\" data-id=\"5d1f51c0\" data-element_type=\"container\">\n\t\t<div class=\"elementor-element elementor-element-2f3fa1f7 e-con-full e-flex elementor-invisible e-con e-child\" data-id=\"2f3fa1f7\" data-element_type=\"container\" data-settings=\"{&quot;animation&quot;:&quot;slideInUp&quot;,&quot;background_background&quot;:&quot;classic&quot;,&quot;animation_delay&quot;:600}\">\n\t\t<div class=\"elementor-element elementor-element-4d14abbf e-con-full e-flex e-con e-child\" data-id=\"4d14abbf\" data-element_type=\"container\">\n\t\t\t\t<div class=\"elementor-element elementor-element-56bc7c7e elementor-widget elementor-widget-icon-box\" data-id=\"56bc7c7e\" data-element_type=\"widget\" data-widget_type=\"icon-box.default\">\n\t\t\t\t\t\t\t<div class=\"elementor-icon-box-wrapper\">\n\n\t\t\t\n\t\t\t\t\t\t<div class=\"elementor-icon-box-content\">\n\n\t\t\t\t\t\t\t\t\t<h3 class=\"elementor-icon-box-title\">\n\t\t\t\t\t\t<span  >\n\t\t\t\t\t\t\tSintetizador de p\u00e9ptidos monocanal Nova 1\t\t\t\t\t\t<\/span>\n\t\t\t\t\t<\/h3>\n\t\t\t\t\n\t\t\t\t\n\t\t\t<\/div>\n\t\t\t\n\t\t<\/div>\n\t\t\t\t\t\t<\/div>\n\t\t\t\t<div class=\"elementor-element elementor-element-60a66f8e elementor-widget elementor-widget-text-editor\" data-id=\"60a66f8e\" data-element_type=\"widget\" data-widget_type=\"text-editor.default\">\n\t\t\t\t\t\t\t\t\t<p>El PepAxis-Nova 1 es un preciso sintetizador de p\u00e9ptidos de un solo canal con mezcla por inversi\u00f3n de 180\u00b0 y dosificaci\u00f3n precisa de l\u00edquidos, que proporciona una s\u00edntesis fiable y automatizada para la preparaci\u00f3n rutinaria de p\u00e9ptidos, el desarrollo de m\u00e9todos y las aplicaciones de investigaci\u00f3n.<\/p>\t\t\t\t\t\t\t\t<\/div>\n\t\t\t\t<div class=\"elementor-element elementor-element-33391596 elementor-align-justify elementor-widget__width-initial elementor-invisible elementor-widget elementor-widget-button\" data-id=\"33391596\" data-element_type=\"widget\" data-settings=\"{&quot;_animation&quot;:&quot;fadeIn&quot;,&quot;_animation_delay&quot;:450}\" data-widget_type=\"button.default\">\n\t\t\t\t\t\t\t\t\t\t<a class=\"elementor-button elementor-button-link elementor-size-sm\" href=\"https:\/\/pepaxis.com\/es\/rd-grade-peptide-synthesizer\/nova-1-single-channel-peptide-synthesizer\/\">\n\t\t\t\t\t\t<span class=\"elementor-button-content-wrapper\">\n\t\t\t\t\t\t\t\t\t<span class=\"elementor-button-text\">M\u00e1s informaci\u00f3n<\/span>\n\t\t\t\t\t<\/span>\n\t\t\t\t\t<\/a>\n\t\t\t\t\t\t\t\t<\/div>\n\t\t\t\t<\/div>\n\t\t<div class=\"elementor-element elementor-element-25d7b7eb e-con-full e-flex e-con e-child\" data-id=\"25d7b7eb\" data-element_type=\"container\" data-settings=\"{&quot;background_background&quot;:&quot;classic&quot;}\">\n\t\t\t\t<\/div>\n\t\t\t\t<\/div>\n\t\t<div class=\"elementor-element elementor-element-da1c1ef e-con-full e-flex elementor-invisible e-con e-child\" data-id=\"da1c1ef\" data-element_type=\"container\" data-settings=\"{&quot;animation&quot;:&quot;slideInUp&quot;,&quot;background_background&quot;:&quot;classic&quot;,&quot;animation_delay&quot;:600}\">\n\t\t<div class=\"elementor-element elementor-element-5c30cd6 e-con-full e-flex e-con e-child\" data-id=\"5c30cd6\" data-element_type=\"container\">\n\t\t\t\t<div class=\"elementor-element elementor-element-df7252b elementor-widget elementor-widget-icon-box\" data-id=\"df7252b\" data-element_type=\"widget\" data-widget_type=\"icon-box.default\">\n\t\t\t\t\t\t\t<div class=\"elementor-icon-box-wrapper\">\n\n\t\t\t\n\t\t\t\t\t\t<div class=\"elementor-icon-box-content\">\n\n\t\t\t\t\t\t\t\t\t<h3 class=\"elementor-icon-box-title\">\n\t\t\t\t\t\t<span  >\n\t\t\t\t\t\t\tSintetizador de p\u00e9ptidos Nova 3 de seis canales\t\t\t\t\t\t<\/span>\n\t\t\t\t\t<\/h3>\n\t\t\t\t\n\t\t\t\t\n\t\t\t<\/div>\n\t\t\t\n\t\t<\/div>\n\t\t\t\t\t\t<\/div>\n\t\t\t\t<div class=\"elementor-element elementor-element-faca008 elementor-widget elementor-widget-text-editor\" data-id=\"faca008\" data-element_type=\"widget\" data-widget_type=\"text-editor.default\">\n\t\t\t\t\t\t\t\t\t<p>Dise\u00f1ado para la s\u00edntesis paralela de p\u00e9ptidos, el PepAxis-Nova 3 permite seis reacciones independientes con un suministro preciso de reactivos y un mezclado eficaz, proporcionando a los investigadores una soluci\u00f3n flexible para la preparaci\u00f3n de p\u00e9ptidos multisecuencia de alto rendimiento.<\/p>\t\t\t\t\t\t\t\t<\/div>\n\t\t\t\t<div class=\"elementor-element elementor-element-7c1298b elementor-align-justify elementor-widget__width-initial elementor-invisible elementor-widget elementor-widget-button\" data-id=\"7c1298b\" data-element_type=\"widget\" data-settings=\"{&quot;_animation&quot;:&quot;fadeIn&quot;,&quot;_animation_delay&quot;:450}\" data-widget_type=\"button.default\">\n\t\t\t\t\t\t\t\t\t\t<a class=\"elementor-button elementor-button-link elementor-size-sm\" href=\"https:\/\/pepaxis.com\/es\/rd-grade-peptide-synthesizer\/nova-3-six-channel-peptide-synthesizer\/\">\n\t\t\t\t\t\t<span class=\"elementor-button-content-wrapper\">\n\t\t\t\t\t\t\t\t\t<span class=\"elementor-button-text\">M\u00e1s informaci\u00f3n<\/span>\n\t\t\t\t\t<\/span>\n\t\t\t\t\t<\/a>\n\t\t\t\t\t\t\t\t<\/div>\n\t\t\t\t<\/div>\n\t\t<div class=\"elementor-element elementor-element-c8ede39 e-con-full e-flex e-con e-child\" data-id=\"c8ede39\" data-element_type=\"container\" data-settings=\"{&quot;background_background&quot;:&quot;classic&quot;}\">\n\t\t\t\t<\/div>\n\t\t\t\t<\/div>\n\t\t<div class=\"elementor-element elementor-element-35e8157 e-con-full e-flex elementor-invisible e-con e-child\" data-id=\"35e8157\" data-element_type=\"container\" data-settings=\"{&quot;animation&quot;:&quot;slideInUp&quot;,&quot;background_background&quot;:&quot;classic&quot;,&quot;animation_delay&quot;:600}\">\n\t\t<div class=\"elementor-element elementor-element-ddaedf4 e-con-full e-flex e-con e-child\" data-id=\"ddaedf4\" data-element_type=\"container\">\n\t\t\t\t<div class=\"elementor-element elementor-element-1b0dab1 elementor-widget elementor-widget-icon-box\" data-id=\"1b0dab1\" data-element_type=\"widget\" data-widget_type=\"icon-box.default\">\n\t\t\t\t\t\t\t<div class=\"elementor-icon-box-wrapper\">\n\n\t\t\t\n\t\t\t\t\t\t<div class=\"elementor-icon-box-content\">\n\n\t\t\t\t\t\t\t\t\t<h3 class=\"elementor-icon-box-title\">\n\t\t\t\t\t\t<span  >\n\t\t\t\t\t\t\tSintetizador de p\u00e9ptidos por microondas Nova 5 R&amp;D\t\t\t\t\t\t<\/span>\n\t\t\t\t\t<\/h3>\n\t\t\t\t\n\t\t\t\t\n\t\t\t<\/div>\n\t\t\t\n\t\t<\/div>\n\t\t\t\t\t\t<\/div>\n\t\t\t\t<div class=\"elementor-element elementor-element-f950ba9 elementor-widget elementor-widget-text-editor\" data-id=\"f950ba9\" data-element_type=\"widget\" data-widget_type=\"text-editor.default\">\n\t\t\t\t\t\t\t\t\t<p>Gracias a la avanzada tecnolog\u00eda SPPS asistida por microondas, el PepAxis-Nova 5 permite la s\u00edntesis r\u00e1pida de p\u00e9ptidos con tiempos de reacci\u00f3n significativamente reducidos, proporcionando una plataforma eficaz y fiable para la I+D de p\u00e9ptidos y la investigaci\u00f3n bioqu\u00edmica.<\/p>\t\t\t\t\t\t\t\t<\/div>\n\t\t\t\t<div class=\"elementor-element elementor-element-5776050 elementor-align-justify elementor-widget__width-initial elementor-invisible elementor-widget elementor-widget-button\" data-id=\"5776050\" data-element_type=\"widget\" data-settings=\"{&quot;_animation&quot;:&quot;fadeIn&quot;,&quot;_animation_delay&quot;:450}\" data-widget_type=\"button.default\">\n\t\t\t\t\t\t\t\t\t\t<a class=\"elementor-button elementor-button-link elementor-size-sm\" href=\"https:\/\/pepaxis.com\/es\/rd-grade-peptide-synthesizer\/nova-5-rd-microwave-peptide-synthesizer\/\">\n\t\t\t\t\t\t<span class=\"elementor-button-content-wrapper\">\n\t\t\t\t\t\t\t\t\t<span class=\"elementor-button-text\">M\u00e1s informaci\u00f3n<\/span>\n\t\t\t\t\t<\/span>\n\t\t\t\t\t<\/a>\n\t\t\t\t\t\t\t\t<\/div>\n\t\t\t\t<\/div>\n\t\t<div class=\"elementor-element elementor-element-49a2442 e-con-full e-flex e-con e-child\" data-id=\"49a2442\" data-element_type=\"container\" data-settings=\"{&quot;background_background&quot;:&quot;classic&quot;}\">\n\t\t\t\t<\/div>\n\t\t\t\t<\/div>\n\t\t<div class=\"elementor-element elementor-element-156ebfc4 e-con-full e-flex elementor-invisible e-con e-child\" data-id=\"156ebfc4\" data-element_type=\"container\" data-settings=\"{&quot;animation&quot;:&quot;slideInUp&quot;,&quot;background_background&quot;:&quot;classic&quot;,&quot;animation_delay&quot;:600}\">\n\t\t<div class=\"elementor-element elementor-element-f9397ce e-con-full e-flex e-con e-child\" data-id=\"f9397ce\" data-element_type=\"container\">\n\t\t\t\t<div class=\"elementor-element elementor-element-f986257 elementor-widget elementor-widget-icon-box\" data-id=\"f986257\" data-element_type=\"widget\" data-widget_type=\"icon-box.default\">\n\t\t\t\t\t\t\t<div class=\"elementor-icon-box-wrapper\">\n\n\t\t\t\n\t\t\t\t\t\t<div class=\"elementor-icon-box-content\">\n\n\t\t\t\t\t\t\t\t\t<h3 class=\"elementor-icon-box-title\">\n\t\t\t\t\t\t<span  >\n\t\t\t\t\t\t\tSintetizador de p\u00e9ptidos multicanal as\u00edncrono a microescala Nova 7\t\t\t\t\t\t<\/span>\n\t\t\t\t\t<\/h3>\n\t\t\t\t\n\t\t\t\t\n\t\t\t<\/div>\n\t\t\t\n\t\t<\/div>\n\t\t\t\t\t\t<\/div>\n\t\t\t\t<div class=\"elementor-element elementor-element-54e98f22 elementor-widget elementor-widget-text-editor\" data-id=\"54e98f22\" data-element_type=\"widget\" data-widget_type=\"text-editor.default\">\n\t\t\t\t\t\t\t\t\t<p>El sintetizador as\u00edncrono de p\u00e9ptidos PepAxis-Nova 7 admite 12 \u00f3 24 canales independientes con suministro preciso de reactivos y control en tiempo real, lo que permite la s\u00edntesis flexible de p\u00e9ptidos de alto rendimiento para el descubrimiento de f\u00e1rmacos, estudios SAR y generaci\u00f3n de bibliotecas de p\u00e9ptidos.<\/p>\t\t\t\t\t\t\t\t<\/div>\n\t\t\t\t<div class=\"elementor-element elementor-element-27c8adcf elementor-align-justify elementor-widget__width-initial elementor-invisible elementor-widget elementor-widget-button\" data-id=\"27c8adcf\" data-element_type=\"widget\" data-settings=\"{&quot;_animation&quot;:&quot;fadeIn&quot;,&quot;_animation_delay&quot;:450}\" data-widget_type=\"button.default\">\n\t\t\t\t\t\t\t\t\t\t<a class=\"elementor-button elementor-button-link elementor-size-sm\" href=\"https:\/\/pepaxis.com\/es\/rd-grade-peptide-synthesizer\/nova-7-asynchronous-micro-scale-multichannel-peptide-synthesizer\/\">\n\t\t\t\t\t\t<span class=\"elementor-button-content-wrapper\">\n\t\t\t\t\t\t\t\t\t<span class=\"elementor-button-text\">M\u00e1s informaci\u00f3n<\/span>\n\t\t\t\t\t<\/span>\n\t\t\t\t\t<\/a>\n\t\t\t\t\t\t\t\t<\/div>\n\t\t\t\t<\/div>\n\t\t<div class=\"elementor-element elementor-element-57adb114 e-con-full e-flex e-con e-child\" data-id=\"57adb114\" data-element_type=\"container\" data-settings=\"{&quot;background_background&quot;:&quot;classic&quot;}\">\n\t\t\t\t<\/div>\n\t\t\t\t<\/div>\n\t\t\t\t<\/div>\n\t\t\t\t<\/div>","protected":false},"excerpt":{"rendered":"<p>High-performance R&amp;D peptide synthesizer with precise control, efficient solid-phase synthesis, and scalable solutions for advanced research and pharmaceutical applications. Nova 1 Single Channel Peptide Synthesizer The PepAxis-Nova 1 is a precise single-channel peptide synthesizer featuring 180\u00b0 inversion mixing and accurate liquid dosing, providing reliable, automated synthesis for routine peptide preparation, method development, and research applications. [&hellip;]<\/p>\n","protected":false},"author":2,"featured_media":0,"parent":0,"menu_order":0,"comment_status":"closed","ping_status":"closed","template":"","meta":{"_seopress_robots_primary_cat":"","_seopress_titles_title":"","_seopress_titles_desc":"","_seopress_robots_index":"","footnotes":""},"class_list":["post-1117","page","type-page","status-publish","hentry"],"_links":{"self":[{"href":"https:\/\/pepaxis.com\/es\/wp-json\/wp\/v2\/pages\/1117","targetHints":{"allow":["GET"]}}],"collection":[{"href":"https:\/\/pepaxis.com\/es\/wp-json\/wp\/v2\/pages"}],"about":[{"href":"https:\/\/pepaxis.com\/es\/wp-json\/wp\/v2\/types\/page"}],"author":[{"embeddable":true,"href":"https:\/\/pepaxis.com\/es\/wp-json\/wp\/v2\/users\/2"}],"replies":[{"embeddable":true,"href":"https:\/\/pepaxis.com\/es\/wp-json\/wp\/v2\/comments?post=1117"}],"version-history":[{"count":0,"href":"https:\/\/pepaxis.com\/es\/wp-json\/wp\/v2\/pages\/1117\/revisions"}],"wp:attachment":[{"href":"https:\/\/pepaxis.com\/es\/wp-json\/wp\/v2\/media?parent=1117"}],"curies":[{"name":"wp","href":"https:\/\/api.w.org\/{rel}","templated":true}]}}