{"id":151,"date":"2026-01-06T15:39:19","date_gmt":"2026-01-06T07:39:19","guid":{"rendered":"https:\/\/pepaxis.com\/?page_id=151"},"modified":"2026-03-23T10:17:05","modified_gmt":"2026-03-23T02:17:05","slug":"cookie-richtlinie","status":"publish","type":"page","link":"https:\/\/pepaxis.com\/de\/cookie-policy\/","title":{"rendered":"Cookie-Richtlinie"},"content":{"rendered":"<div data-elementor-type=\"wp-page\" data-elementor-id=\"151\" class=\"elementor elementor-151\" data-elementor-post-type=\"page\">\n\t\t\t\t<div class=\"elementor-element elementor-element-74a9207a e-con-full e-flex e-con e-parent\" data-id=\"74a9207a\" data-element_type=\"container\" data-settings=\"{&quot;background_background&quot;:&quot;classic&quot;}\">\n\t\t\t\t<\/div>\n\t\t<div class=\"elementor-element elementor-element-a4b3335 e-con-full e-flex e-con e-parent\" data-id=\"a4b3335\" data-element_type=\"container\">\n\t\t<div class=\"elementor-element elementor-element-24d09d70 e-con-full e-flex e-con e-child\" data-id=\"24d09d70\" data-element_type=\"container\">\n\t\t\t\t<div class=\"elementor-element elementor-element-69dc102a elementor-widget elementor-widget-text-editor\" data-id=\"69dc102a\" data-element_type=\"widget\" data-widget_type=\"text-editor.default\">\n\t\t\t\t\t\t\t\t\t<p>Ein Cookie ist eine kleine Informationsmenge, die auf Ihren Computer oder Ihr Ger\u00e4t heruntergeladen wird, wenn Sie unsere Website besuchen. Wir verwenden eine Reihe verschiedener Cookies, darunter Funktions-, Leistungs- und Werbe-Cookies sowie Cookies f\u00fcr soziale Medien oder Inhalte.<\/p><p>Cookies verbessern Ihr Surferlebnis, indem sie es der Website erm\u00f6glichen, sich an Ihre Aktionen und Pr\u00e4ferenzen zu erinnern (z. B. Anmeldung und Auswahl der Region). Das bedeutet, dass Sie diese Informationen nicht jedes Mal neu eingeben m\u00fcssen, wenn Sie auf die Website zur\u00fcckkehren oder von einer Seite zur anderen wechseln.<\/p><p>Cookies geben auch Aufschluss dar\u00fcber, wie die Besucher die Website nutzen, z. B. ob sie sie zum ersten Mal besuchen oder ob es sich um h\u00e4ufige Besucher handelt.<\/p><p>Bitte bedenken Sie, dass das Entfernen oder Blockieren von Cookies Ihre Nutzererfahrung beeintr\u00e4chtigen kann und Teile unserer Website m\u00f6glicherweise nicht mehr vollst\u00e4ndig zug\u00e4nglich sind.<\/p><p>Wie lange ein Cookie auf Ihrem Computer oder Mobilger\u00e4t verbleibt, h\u00e4ngt davon ab, ob es sich um ein \u201cdauerhaftes\u201d oder ein \u201cSitzungs\u201d-Cookie handelt. Sitzungs-Cookies bleiben bestehen, bis Sie aufh\u00f6ren zu surfen, und dauerhafte Cookies bleiben bestehen, bis sie ablaufen oder gel\u00f6scht werden. Die meisten der von uns verwendeten Cookies sind dauerhaft und laufen zwischen 30 Minuten und zwei Jahren nach dem Herunterladen auf Ihr Ger\u00e4t ab.<\/p><p>Sie k\u00f6nnen Cookies auf verschiedene Weise kontrollieren und verwalten.<\/p><p>Die meisten Browser akzeptieren Cookies automatisch, aber Sie k\u00f6nnen \u00fcber die Einstellungen Ihres Browsers, die Sie h\u00e4ufig im Men\u00fc \u201cExtras\u201d oder \u201cEinstellungen\u201d Ihres Browsers finden, entscheiden, ob Sie Cookies akzeptieren oder nicht. Weitere Informationen dar\u00fcber, wie Sie Ihre Browsereinstellungen \u00e4ndern oder Cookies blockieren, verwalten oder filtern k\u00f6nnen, finden Sie in der Hilfedatei Ihres Browsers.<\/p><p>Bitte beachten Sie au\u00dferdem, dass das Blockieren von Cookies die Weitergabe von Informationen an Dritte, z. B. an unsere Werbepartner, nicht vollst\u00e4ndig verhindern kann. Um Ihre Rechte auszu\u00fcben oder bestimmte Verwendungen Ihrer Daten durch diese Parteien abzulehnen, folgen Sie bitte den Anweisungen im Abschnitt \u201cVerhaltensbezogene Werbung\u201d in unserer Datenschutzrichtlinie.<\/p>\t\t\t\t\t\t\t\t<\/div>\n\t\t\t\t<\/div>\n\t\t\t\t<\/div>\n\t\t\t\t<\/div>","protected":false},"excerpt":{"rendered":"<p>A cookie is a small amount of information that\u2019s downloaded to your computer or device when you visit our Site. We use a number of different cookies, including functional, performance, advertising, and social media or content cookies. Cookies make your browsing experience better by allowing the website to remember your actions and preferences (such as [&hellip;]<\/p>\n","protected":false},"author":2,"featured_media":0,"parent":0,"menu_order":0,"comment_status":"closed","ping_status":"closed","template":"","meta":{"_seopress_robots_primary_cat":"","_seopress_titles_title":"","_seopress_titles_desc":"","_seopress_robots_index":"yes","footnotes":""},"class_list":["post-151","page","type-page","status-publish","hentry"],"_links":{"self":[{"href":"https:\/\/pepaxis.com\/de\/wp-json\/wp\/v2\/pages\/151","targetHints":{"allow":["GET"]}}],"collection":[{"href":"https:\/\/pepaxis.com\/de\/wp-json\/wp\/v2\/pages"}],"about":[{"href":"https:\/\/pepaxis.com\/de\/wp-json\/wp\/v2\/types\/page"}],"author":[{"embeddable":true,"href":"https:\/\/pepaxis.com\/de\/wp-json\/wp\/v2\/users\/2"}],"replies":[{"embeddable":true,"href":"https:\/\/pepaxis.com\/de\/wp-json\/wp\/v2\/comments?post=151"}],"version-history":[{"count":0,"href":"https:\/\/pepaxis.com\/de\/wp-json\/wp\/v2\/pages\/151\/revisions"}],"wp:attachment":[{"href":"https:\/\/pepaxis.com\/de\/wp-json\/wp\/v2\/media?parent=151"}],"curies":[{"name":"wp","href":"https:\/\/api.w.org\/{rel}","templated":true}]}}