{"id":147,"date":"2026-01-06T15:38:49","date_gmt":"2026-01-06T07:38:49","guid":{"rendered":"https:\/\/pepaxis.com\/?page_id=147"},"modified":"2026-03-23T10:16:06","modified_gmt":"2026-03-23T02:16:06","slug":"datenschutzbestimmungen","status":"publish","type":"page","link":"https:\/\/pepaxis.com\/de\/privacy-policy\/","title":{"rendered":"Datenschutzbestimmungen"},"content":{"rendered":"<div data-elementor-type=\"wp-page\" data-elementor-id=\"147\" class=\"elementor elementor-147\" data-elementor-post-type=\"page\">\n\t\t\t\t<div class=\"elementor-element elementor-element-34153f59 e-con-full e-flex e-con e-parent\" data-id=\"34153f59\" data-element_type=\"container\" data-settings=\"{&quot;background_background&quot;:&quot;classic&quot;}\">\n\t\t\t\t<\/div>\n\t\t<div class=\"elementor-element elementor-element-3d53b974 e-con-full e-flex e-con e-parent\" data-id=\"3d53b974\" data-element_type=\"container\">\n\t\t<div class=\"elementor-element elementor-element-b84e904 e-con-full e-flex e-con e-child\" data-id=\"b84e904\" data-element_type=\"container\">\n\t\t\t\t<div class=\"elementor-element elementor-element-6861ec70 elementor-widget elementor-widget-text-editor\" data-id=\"6861ec70\" data-element_type=\"widget\" data-widget_type=\"text-editor.default\">\n\t\t\t\t\t\t\t\t\tDiese Datenschutzrichtlinie (\u201cRichtlinie\u201d) beschreibt die Art und Weise, in der unsere Website (\u201cwir\u201d oder \u201cuns\u201d und unsere Website unter (die \u201cWebsite\u201d) Daten von Einzelpersonen verwenden und sammeln. Diese Richtlinie, die in die Nutzungsbedingungen integriert ist und diesen unterliegt, beschreibt die Informationen, die wir von Ihnen auf der Website sammeln, wie wir diese Informationen verwenden und weitergeben, sowie die Schritte, die wir zum Schutz dieser Informationen unternehmen.\t\t\t\t\t\t\t\t<\/div>\n\t\t\t\t<\/div>\n\t\t<div class=\"elementor-element elementor-element-95fee8f e-con-full e-flex e-con e-child\" data-id=\"95fee8f\" data-element_type=\"container\">\n\t\t\t\t<div class=\"elementor-element elementor-element-da44293 elementor-widget elementor-widget-heading\" data-id=\"da44293\" data-element_type=\"widget\" data-widget_type=\"heading.default\">\n\t\t\t\t\t<h2 class=\"elementor-heading-title elementor-size-default\">Informationen, die wir auf der Website sammeln<\/h2>\t\t\t\t<\/div>\n\t\t\t\t<div class=\"elementor-element elementor-element-e2a31f4 elementor-widget elementor-widget-text-editor\" data-id=\"e2a31f4\" data-element_type=\"widget\" data-widget_type=\"text-editor.default\">\n\t\t\t\t\t\t\t\t\t<p>Vom Benutzer zur Verf\u00fcgung gestellte Informationen. Wenn Sie die Website nutzen, k\u00f6nnen wir Informationen \u00fcber Sie sammeln, einschlie\u00dflich Ihres Namens, Ihrer E-Mail-Adresse, Ihrer Postanschrift, Ihrer Kreditkarte oder anderer Rechnungsdaten. Sie k\u00f6nnen uns auf der Website auf verschiedene Weise Informationen zur Verf\u00fcgung stellen. Sie stellen uns beispielsweise Informationen zur Verf\u00fcgung, wenn Sie einen Kauf auf der Website t\u00e4tigen oder uns Anfragen an den Kundendienst senden.<\/p><p>Cookies und automatisch gesammelte Informationen. Wenn Sie die Website nutzen, k\u00f6nnen wir ein oder mehrere Cookies - kleine Textdateien, die eine Reihe von alphanumerischen Zeichen enthalten - an Ihr Ger\u00e4t senden. Wir k\u00f6nnen sowohl Sitzungscookies als auch dauerhafte Cookies verwenden. Ein Sitzungscookie verschwindet, nachdem Sie Ihren Browser geschlossen haben. Ein dauerhafter Cookie bleibt nach dem Schlie\u00dfen Ihres Browsers erhalten und kann von Ihrem Browser bei sp\u00e4teren Besuchen der Website verwendet werden. Bitte lesen Sie die Hilfedatei Ihres Webbrowsers, um zu erfahren, wie Sie Ihre Cookie-Einstellungen \u00e4ndern k\u00f6nnen.<\/p>\t\t\t\t\t\t\t\t<\/div>\n\t\t\t\t<\/div>\n\t\t<div class=\"elementor-element elementor-element-afaa54e e-con-full e-flex e-con e-child\" data-id=\"afaa54e\" data-element_type=\"container\">\n\t\t\t\t<div class=\"elementor-element elementor-element-2397427 elementor-widget elementor-widget-heading\" data-id=\"2397427\" data-element_type=\"widget\" data-widget_type=\"heading.default\">\n\t\t\t\t\t<h2 class=\"elementor-heading-title elementor-size-default\">Wie wir die von uns gesammelten Informationen verwenden<\/h2>\t\t\t\t<\/div>\n\t\t\t\t<div class=\"elementor-element elementor-element-e807daa elementor-widget elementor-widget-text-editor\" data-id=\"e807daa\" data-element_type=\"widget\" data-widget_type=\"text-editor.default\">\n\t\t\t\t\t\t\t\t\t<p>Wir verwenden die auf der Website gesammelten Informationen auf verschiedene Weise, um die Website bereitzustellen und unser Gesch\u00e4ft zu betreiben, unter anderem wie folgt:<\/p><p>Wir verwenden die Informationen, die wir auf der Website sammeln, um alle Funktionen der Website zu betreiben, zu warten, zu verbessern und bereitzustellen, um von Ihnen angeforderte Dienstleistungen und Informationen bereitzustellen, um auf Kommentare und Fragen zu antworten und um Benutzern anderweitig Unterst\u00fctzung zu bieten, und um Eintr\u00e4ge und Belohnungen in Verbindung mit Werbeaktionen, die von Zeit zu Zeit auf der Website angeboten werden, zu verarbeiten und zu liefern.<\/p><p>Wir verwenden die auf der Website gesammelten Informationen, um die Nutzungstrends und Vorlieben unserer Benutzer zu verstehen und zu analysieren, um die Website zu verbessern und um neue Produkte, Dienstleistungen, Merkmale und Funktionen zu entwickeln.<\/p><p>Wir k\u00f6nnen Ihre E-Mail-Adresse oder andere von uns gesammelte Informationen verwenden, um Sie zu Verwaltungszwecken, z. B. f\u00fcr den Kundendienst, zu kontaktieren oder um Ihnen Mitteilungen zu Produkten und Dienstleistungen, die von uns oder von Dritten angeboten werden, zuzusenden, einschlie\u00dflich aktueller Informationen zu Werbeaktionen und Veranstaltungen.<\/p><p>Wir k\u00f6nnen Cookies und automatisch gesammelte Informationen verwenden, um: (i) unsere Website zu personalisieren, z. B. Informationen \u00fcber Sie zu speichern, damit Sie diese w\u00e4hrend Ihres Besuchs oder beim n\u00e4chsten Besuch der Website nicht erneut eingeben m\u00fcssen; (ii) ma\u00dfgeschneiderte Werbung, Inhalte und Informationen bereitzustellen; (iii) die Effektivit\u00e4t der Website und der Marketingaktivit\u00e4ten Dritter zu \u00fcberwachen und zu analysieren; (iv) die Gesamtnutzung der Website zu \u00fcberwachen, z. B. die Gesamtzahl der Besucher und der aufgerufenen Seiten; und (v) Ihre Eintr\u00e4ge, Einsendungen und Ihren Status bei Werbeaktionen oder anderen Aktivit\u00e4ten auf der Website zu verfolgen.<\/p>\t\t\t\t\t\t\t\t<\/div>\n\t\t\t\t<\/div>\n\t\t<div class=\"elementor-element elementor-element-3c823cf e-con-full e-flex e-con e-child\" data-id=\"3c823cf\" data-element_type=\"container\">\n\t\t\t\t<div class=\"elementor-element elementor-element-84d8f82 elementor-widget elementor-widget-heading\" data-id=\"84d8f82\" data-element_type=\"widget\" data-widget_type=\"heading.default\">\n\t\t\t\t\t<h2 class=\"elementor-heading-title elementor-size-default\">Wann wir Informationen offenlegen<\/h2>\t\t\t\t<\/div>\n\t\t\t\t<div class=\"elementor-element elementor-element-db2c4ca elementor-widget elementor-widget-text-editor\" data-id=\"db2c4ca\" data-element_type=\"widget\" data-widget_type=\"text-editor.default\">\n\t\t\t\t\t\t\t\t\t<p>Mit Ausnahme der in dieser Richtlinie beschriebenen F\u00e4lle werden wir keine Informationen \u00fcber Sie, die wir auf der Website sammeln, ohne Ihre Zustimmung an Dritte weitergeben. Wir k\u00f6nnen Informationen an Dritte weitergeben, wenn Sie uns Ihr Einverst\u00e4ndnis dazu geben, sowie unter den folgenden Umst\u00e4nden:<\/p><p>Alle Informationen, die Sie freiwillig in einen \u00f6ffentlich zug\u00e4nglichen Bereich der Website einstellen, sind f\u00fcr jeden zug\u00e4nglich, der Zugang zu diesem Inhalt hat, einschlie\u00dflich anderer Nutzer.<\/p><p>Wir arbeiten mit Drittanbietern zusammen, um Website-, Anwendungsentwicklungs-, Hosting-, Wartungs-, Druck- und andere Dienstleistungen f\u00fcr uns zu erbringen. Diese Dritten k\u00f6nnen im Rahmen der Erbringung dieser Dienstleistungen f\u00fcr uns Zugang zu Informationen \u00fcber Sie haben oder diese verarbeiten.<\/p><p>Wir k\u00f6nnen Informationen \u00fcber Sie offenlegen, wenn dies gesetzlich vorgeschrieben ist oder wenn wir in gutem Glauben davon ausgehen, dass eine solche Ma\u00dfnahme notwendig ist, um staatliche und bundesstaatliche Gesetze einzuhalten, als Reaktion auf einen Gerichtsbeschluss, eine gerichtliche oder andere beh\u00f6rdliche Vorladung oder einen Haftbefehl oder um anderweitig mit Strafverfolgungs- oder anderen Regierungsbeh\u00f6rden zusammenzuarbeiten.<\/p><p>Wir behalten uns au\u00dferdem das Recht vor, Informationen \u00fcber Sie offenzulegen, wenn wir in gutem Glauben glauben, dass dies angemessen oder notwendig ist, um: (i) Vorkehrungen gegen Haftung zu treffen; (ii) uns selbst oder andere vor betr\u00fcgerischen, missbr\u00e4uchlichen oder ungesetzlichen Nutzungen oder Aktivit\u00e4ten zu sch\u00fctzen; (iii) Anspr\u00fcche oder Behauptungen Dritter zu untersuchen und uns dagegen zu verteidigen; (iv) die Sicherheit oder Integrit\u00e4t der Website und aller Einrichtungen oder Ger\u00e4te zu sch\u00fctzen, die zur Bereitstellung der Website verwendet werden; oder (v) unser Eigentum oder andere gesetzliche Rechte (einschlie\u00dflich, aber nicht beschr\u00e4nkt auf die Durchsetzung unserer Vereinbarungen) oder die Rechte, das Eigentum oder die Sicherheit anderer zu sch\u00fctzen.<\/p><p>Informationen \u00fcber unsere Nutzer k\u00f6nnen im Rahmen von Fusionen, \u00dcbernahmen, Fremdfinanzierungen, Ver\u00e4u\u00dferungen von Verm\u00f6genswerten oder \u00e4hnlichen Transaktionen oder im Falle einer Insolvenz, eines Konkurses oder einer Zwangsverwaltung, bei der Informationen als Teil unseres Gesch\u00e4ftsverm\u00f6gens an einen oder mehrere Dritte \u00fcbertragen werden, offengelegt und anderweitig an einen Erwerber, Nachfolger oder Abtretungsempf\u00e4nger \u00fcbertragen werden.<\/p><p>Wir k\u00f6nnen bestimmte zusammengefasste, automatisch gesammelte oder anderweitig nicht personenbezogene Daten Dritten zu verschiedenen Zwecken zur Verf\u00fcgung stellen, einschlie\u00dflich: (i) Einhaltung verschiedener Berichtspflichten; (ii) f\u00fcr Gesch\u00e4fts- oder Marketingzwecke; oder (iii) um diese Parteien dabei zu unterst\u00fctzen, die Interessen, Gewohnheiten und Nutzungsmuster unserer Benutzer f\u00fcr bestimmte Programme, Inhalte, Dienstleistungen, Werbung, Aktionen und\/oder Funktionen, die \u00fcber die Website verf\u00fcgbar sind, zu verstehen.<\/p>\t\t\t\t\t\t\t\t<\/div>\n\t\t\t\t<\/div>\n\t\t<div class=\"elementor-element elementor-element-08da007 e-con-full e-flex e-con e-child\" data-id=\"08da007\" data-element_type=\"container\">\n\t\t\t\t<div class=\"elementor-element elementor-element-070c0fc elementor-widget elementor-widget-heading\" data-id=\"070c0fc\" data-element_type=\"widget\" data-widget_type=\"heading.default\">\n\t\t\t\t\t<h2 class=\"elementor-heading-title elementor-size-default\">Ihre Wahlm\u00f6glichkeiten<\/h2>\t\t\t\t<\/div>\n\t\t\t\t<div class=\"elementor-element elementor-element-0ae2b1e elementor-widget elementor-widget-text-editor\" data-id=\"0ae2b1e\" data-element_type=\"widget\" data-widget_type=\"text-editor.default\">\n\t\t\t\t\t\t\t\t\t<p>Sie k\u00f6nnen es nat\u00fcrlich ablehnen, uns bestimmte Informationen mitzuteilen. In diesem Fall sind wir m\u00f6glicherweise nicht in der Lage, Ihnen einige der Merkmale und Funktionen der Website zur Verf\u00fcgung zu stellen. Sie k\u00f6nnen Ihre Kontoinformationen und Pr\u00e4ferenzen jederzeit aktualisieren, korrigieren oder l\u00f6schen, indem Sie die Seite mit den Kontoeinstellungen auf der Website aufrufen. Bitte beachten Sie, dass alle von Ihnen vorgenommenen \u00c4nderungen innerhalb eines angemessenen Zeitraums in die Datenbanken der aktiven Benutzer \u00fcbernommen werden, dass wir jedoch alle von Ihnen \u00fcbermittelten Informationen zu Sicherungszwecken, zur Archivierung, zur Verhinderung von Betrug und Missbrauch, zur Analyse, zur Erf\u00fcllung rechtlicher Verpflichtungen oder in anderen F\u00e4llen, in denen wir berechtigterweise davon ausgehen, dass wir einen legitimen Grund daf\u00fcr haben, aufbewahren k\u00f6nnen.<\/p><p>Wenn Sie kommerzielle E-Mails von uns erhalten, k\u00f6nnen Sie diese jederzeit abbestellen, indem Sie die in der E-Mail enthaltenen Anweisungen befolgen. Sie k\u00f6nnen sich auch gegen den Erhalt von Werbe-E-Mails von uns entscheiden. Wir k\u00f6nnen Ihnen die M\u00f6glichkeit geben, Einstellungen bez\u00fcglich der Art und H\u00e4ufigkeit von Werbenachrichten, die Sie von uns erhalten, in den Benutzerkonto-Funktionen auf der Website anzuzeigen und zu \u00e4ndern.<\/p><p>Bitte beachten Sie, dass es bis zu zehn Werktage dauern kann, bis wir Ihre Anfrage bearbeitet haben, wenn Sie den Erhalt von Werbe-E-Mails von uns abbestellen oder die Art oder H\u00e4ufigkeit von Werbenachrichten, die Sie von uns erhalten, anderweitig \u00e4ndern m\u00f6chten, und dass Sie w\u00e4hrend dieses Zeitraums weiterhin Werbenachrichten von uns erhalten k\u00f6nnen. Dar\u00fcber hinaus werden Sie auch nach der Abmeldung vom Erhalt kommerzieller Nachrichten von uns weiterhin administrative Nachrichten von uns bez\u00fcglich der Website erhalten.<\/p>\t\t\t\t\t\t\t\t<\/div>\n\t\t\t\t<\/div>\n\t\t<div class=\"elementor-element elementor-element-19356af e-con-full e-flex e-con e-child\" data-id=\"19356af\" data-element_type=\"container\">\n\t\t\t\t<div class=\"elementor-element elementor-element-db35c5b elementor-widget elementor-widget-heading\" data-id=\"db35c5b\" data-element_type=\"widget\" data-widget_type=\"heading.default\">\n\t\t\t\t\t<h2 class=\"elementor-heading-title elementor-size-default\">Websites von Drittanbietern<\/h2>\t\t\t\t<\/div>\n\t\t\t\t<div class=\"elementor-element elementor-element-a5334bc elementor-widget elementor-widget-text-editor\" data-id=\"a5334bc\" data-element_type=\"widget\" data-widget_type=\"text-editor.default\">\n\t\t\t\t\t\t\t\t\t<p>Die Website kann Funktionen oder Links zu Websites und Diensten enthalten, die von Drittanbietern bereitgestellt werden. Alle Informationen, die Sie auf Websites oder Diensten Dritter zur Verf\u00fcgung stellen, werden direkt den Betreibern dieser Dienste zur Verf\u00fcgung gestellt und unterliegen den Datenschutz- und Sicherheitsrichtlinien dieser Betreiber, falls vorhanden, auch wenn der Zugriff \u00fcber die Website erfolgt. Wir sind nicht verantwortlich f\u00fcr den Inhalt oder die Datenschutz- und Sicherheitspraktiken und -richtlinien von Websites oder Diensten Dritter, zu denen Links oder Zugang \u00fcber die Website bereitgestellt werden. Wir empfehlen Ihnen, sich \u00fcber die Datenschutz- und Sicherheitsrichtlinien von Drittanbietern zu informieren, bevor Sie diesen Informationen zur Verf\u00fcgung stellen.<\/p>\t\t\t\t\t\t\t\t<\/div>\n\t\t\t\t<\/div>\n\t\t<div class=\"elementor-element elementor-element-ab004ac e-con-full e-flex e-con e-child\" data-id=\"ab004ac\" data-element_type=\"container\">\n\t\t\t\t<div class=\"elementor-element elementor-element-48bf7f0 elementor-widget elementor-widget-heading\" data-id=\"48bf7f0\" data-element_type=\"widget\" data-widget_type=\"heading.default\">\n\t\t\t\t\t<h2 class=\"elementor-heading-title elementor-size-default\">Datenschutz f\u00fcr Kinder\n<\/h2>\t\t\t\t<\/div>\n\t\t\t\t<div class=\"elementor-element elementor-element-5a38f18 elementor-widget elementor-widget-text-editor\" data-id=\"5a38f18\" data-element_type=\"widget\" data-widget_type=\"text-editor.default\">\n\t\t\t\t\t\t\t\t\t<p>Der Schutz der Privatsph\u00e4re von kleinen Kindern ist besonders wichtig. Unsere Website ist eine Website f\u00fcr ein allgemeines Publikum und richtet sich nicht an Kinder unter 13 Jahren, und wir sammeln nicht wissentlich pers\u00f6nliche Daten von Kindern unter 13 Jahren, ohne die Zustimmung der Eltern einzuholen.<\/p>\t\t\t\t\t\t\t\t<\/div>\n\t\t\t\t<\/div>\n\t\t<div class=\"elementor-element elementor-element-b7b3f9b e-con-full e-flex e-con e-child\" data-id=\"b7b3f9b\" data-element_type=\"container\">\n\t\t\t\t<div class=\"elementor-element elementor-element-4b8ff57 elementor-widget elementor-widget-heading\" data-id=\"4b8ff57\" data-element_type=\"widget\" data-widget_type=\"heading.default\">\n\t\t\t\t\t<h2 class=\"elementor-heading-title elementor-size-default\">Datensicherheit<\/h2>\t\t\t\t<\/div>\n\t\t\t\t<div class=\"elementor-element elementor-element-d364b0e elementor-widget elementor-widget-text-editor\" data-id=\"d364b0e\" data-element_type=\"widget\" data-widget_type=\"text-editor.default\">\n\t\t\t\t\t\t\t\t\t<p>Wir setzen bestimmte physische, verwaltungstechnische und technische Sicherheitsma\u00dfnahmen ein, um die Integrit\u00e4t und Sicherheit der von uns erfassten und gepflegten Daten zu verbessern. Bitte beachten Sie, dass keine Sicherheitsma\u00dfnahmen perfekt oder unangreifbar sind. Wir k\u00f6nnen nicht garantieren, dass Informationen \u00fcber Sie nicht durch eine Verletzung unserer physischen, technischen oder verwaltungstechnischen Sicherheitsvorkehrungen aufgerufen, eingesehen, offengelegt, ver\u00e4ndert oder zerst\u00f6rt werden.<\/p>\t\t\t\t\t\t\t\t<\/div>\n\t\t\t\t<\/div>\n\t\t<div class=\"elementor-element elementor-element-92f6d97 e-con-full e-flex e-con e-child\" data-id=\"92f6d97\" data-element_type=\"container\">\n\t\t\t\t<div class=\"elementor-element elementor-element-891dbff elementor-widget elementor-widget-heading\" data-id=\"891dbff\" data-element_type=\"widget\" data-widget_type=\"heading.default\">\n\t\t\t\t\t<h2 class=\"elementor-heading-title elementor-size-default\">Internationale Besucher<\/h2>\t\t\t\t<\/div>\n\t\t\t\t<div class=\"elementor-element elementor-element-20af4d6 elementor-widget elementor-widget-text-editor\" data-id=\"20af4d6\" data-element_type=\"widget\" data-widget_type=\"text-editor.default\">\n\t\t\t\t\t\t\t\t\t<p>Die Website wird in den Vereinigten Staaten gehostet und ist f\u00fcr Besucher in den Vereinigten Staaten bestimmt. Wenn Sie die Website von der Europ\u00e4ischen Union oder anderen Regionen der Welt aus nutzen, in denen die Gesetze zur Datenerfassung und -verwendung von den US-amerikanischen Gesetzen abweichen, beachten Sie bitte, dass Sie Ihre pers\u00f6nlichen Daten au\u00dferhalb dieser Regionen zur Speicherung und Verarbeitung in die USA \u00fcbertragen. Au\u00dferdem k\u00f6nnen wir Ihre Daten im Zusammenhang mit der Speicherung und Verarbeitung von Daten, der Erf\u00fcllung Ihrer Anfragen und dem Betrieb der Website aus den USA in andere L\u00e4nder oder Regionen \u00fcbertragen. Indem Sie Informationen, einschlie\u00dflich personenbezogener Daten, auf oder an die Website \u00fcbermitteln, stimmen Sie einer solchen \u00dcbertragung, Speicherung und Verarbeitung zu.<\/p>\t\t\t\t\t\t\t\t<\/div>\n\t\t\t\t<\/div>\n\t\t<div class=\"elementor-element elementor-element-112f769 e-con-full e-flex e-con e-child\" data-id=\"112f769\" data-element_type=\"container\">\n\t\t\t\t<div class=\"elementor-element elementor-element-2b0368c elementor-widget elementor-widget-heading\" data-id=\"2b0368c\" data-element_type=\"widget\" data-widget_type=\"heading.default\">\n\t\t\t\t\t<h2 class=\"elementor-heading-title elementor-size-default\">\u00c4nderungen und Aktualisierungen dieser Richtlinie<\/h2>\t\t\t\t<\/div>\n\t\t\t\t<div class=\"elementor-element elementor-element-0db2c5e elementor-widget elementor-widget-text-editor\" data-id=\"0db2c5e\" data-element_type=\"widget\" data-widget_type=\"text-editor.default\">\n\t\t\t\t\t\t\t\t\t<main id=\"content\" class=\"site-main post-851 page type-page status-publish hentry\"><div class=\"page-content\"><div class=\"elementor elementor-851\" data-elementor-type=\"wp-page\" data-elementor-id=\"851\" data-elementor-post-type=\"page\"><div class=\"elementor-element elementor-element-fd60c3b e-flex e-con-boxed e-con e-parent e-lazyloaded\" data-id=\"fd60c3b\" data-element_type=\"container\"><div class=\"e-con-inner\"><div class=\"elementor-element elementor-element-1532e63 elementor-widget elementor-widget-text-editor\" data-id=\"1532e63\" data-element_type=\"widget\" data-widget_type=\"text-editor.default\"><div class=\"elementor-widget-container\"><p>Bitte besuchen Sie diese Seite regelm\u00e4\u00dfig, um sich \u00fcber etwaige \u00c4nderungen dieser Richtlinie zu informieren, die wir von Zeit zu Zeit aktualisieren k\u00f6nnen. Wenn wir diese Richtlinie \u00e4ndern, werden wir sie \u00fcber die Website zug\u00e4nglich machen und das Datum der letzten \u00dcberarbeitung angeben. F\u00fcr den Fall, dass die \u00c4nderungen Ihre Rechte oder Pflichten nach dieser Richtlinie wesentlich ver\u00e4ndern, werden wir uns in angemessener Weise bem\u00fchen, Sie \u00fcber die \u00c4nderung zu informieren. So k\u00f6nnen wir beispielsweise eine Nachricht an Ihre E-Mail-Adresse senden, sofern wir eine solche gespeichert haben, oder ein Pop-up-Fenster oder eine \u00e4hnliche Benachrichtigung generieren, wenn Sie die Website zum ersten Mal nach Vornahme solcher wesentlicher \u00c4nderungen aufrufen. Ihre fortgesetzte Nutzung der Website nach Inkrafttreten der \u00fcberarbeiteten Richtlinie bedeutet, dass Sie die aktuelle Version dieser Richtlinie gelesen und verstanden haben und ihr zustimmen.<\/p><\/div><\/div><\/div><\/div><\/div><\/div><\/main>\t\t\t\t\t\t\t\t<\/div>\n\t\t\t\t<\/div>\n\t\t\t\t<\/div>\n\t\t\t\t<\/div>","protected":false},"excerpt":{"rendered":"<p>This Privacy Policy (\u201cPolicy\u201d) describes the manner in which our site (\u201cwe,\u201d or \u201cus\u201d and our website at (the \u201cSite\u201d) use and collect data from individuals. This Policy, which is incorporated into and is subject to the terms of service, describes the information that we gather from you on the Site, how we use and [&hellip;]<\/p>\n","protected":false},"author":2,"featured_media":0,"parent":0,"menu_order":0,"comment_status":"closed","ping_status":"closed","template":"","meta":{"_seopress_robots_primary_cat":"","_seopress_titles_title":"","_seopress_titles_desc":"","_seopress_robots_index":"yes","footnotes":""},"class_list":["post-147","page","type-page","status-publish","hentry"],"_links":{"self":[{"href":"https:\/\/pepaxis.com\/de\/wp-json\/wp\/v2\/pages\/147","targetHints":{"allow":["GET"]}}],"collection":[{"href":"https:\/\/pepaxis.com\/de\/wp-json\/wp\/v2\/pages"}],"about":[{"href":"https:\/\/pepaxis.com\/de\/wp-json\/wp\/v2\/types\/page"}],"author":[{"embeddable":true,"href":"https:\/\/pepaxis.com\/de\/wp-json\/wp\/v2\/users\/2"}],"replies":[{"embeddable":true,"href":"https:\/\/pepaxis.com\/de\/wp-json\/wp\/v2\/comments?post=147"}],"version-history":[{"count":0,"href":"https:\/\/pepaxis.com\/de\/wp-json\/wp\/v2\/pages\/147\/revisions"}],"wp:attachment":[{"href":"https:\/\/pepaxis.com\/de\/wp-json\/wp\/v2\/media?parent=147"}],"curies":[{"name":"wp","href":"https:\/\/api.w.org\/{rel}","templated":true}]}}