{"id":1125,"date":"2026-03-09T11:31:31","date_gmt":"2026-03-09T03:31:31","guid":{"rendered":"https:\/\/pepaxis.com\/?page_id=1125"},"modified":"2026-03-20T15:31:12","modified_gmt":"2026-03-20T07:31:12","slug":"peptidsynthesizer-im-pilotproduktionsmasstab","status":"publish","type":"page","link":"https:\/\/pepaxis.com\/de\/pilot-production-scale-peptide-synthesizer\/","title":{"rendered":"Peptidsynthesizer im Pilot- und Produktionsma\u00dfstab"},"content":{"rendered":"<div data-elementor-type=\"wp-page\" data-elementor-id=\"1125\" class=\"elementor elementor-1125\" data-elementor-post-type=\"page\">\n\t\t\t\t<div class=\"elementor-element elementor-element-1056aa11 e-con-full e-flex e-con e-parent\" data-id=\"1056aa11\" data-element_type=\"container\" data-settings=\"{&quot;background_background&quot;:&quot;classic&quot;}\">\n\t\t\t\t<div class=\"elementor-element elementor-element-7f098aa1 elementor-widget__width-initial elementor-invisible elementor-widget elementor-widget-text-editor\" data-id=\"7f098aa1\" data-element_type=\"widget\" data-settings=\"{&quot;_animation&quot;:&quot;fadeIn&quot;,&quot;_animation_delay&quot;:300}\" data-widget_type=\"text-editor.default\">\n\t\t\t\t\t\t\t\t\t<p>Peptidsynthesizer im Pilotma\u00dfstab f\u00fcr effiziente Prozessentwicklung und Scale-up, mit pr\u00e4ziser Steuerung, hoher Ausbeute und zuverl\u00e4ssiger Leistung f\u00fcr die pharmazeutische Produktion.<\/p>\t\t\t\t\t\t\t\t<\/div>\n\t\t\t\t<\/div>\n\t\t<div class=\"elementor-element elementor-element-1e4c745e e-con-full e-flex e-con e-parent\" data-id=\"1e4c745e\" data-element_type=\"container\">\n\t\t<div class=\"elementor-element elementor-element-5d93b5cd e-con-full e-flex elementor-invisible e-con e-child\" data-id=\"5d93b5cd\" data-element_type=\"container\" data-settings=\"{&quot;animation&quot;:&quot;slideInUp&quot;,&quot;background_background&quot;:&quot;classic&quot;,&quot;animation_delay&quot;:600}\">\n\t\t<div class=\"elementor-element elementor-element-69d5be0a e-con-full e-flex e-con e-child\" data-id=\"69d5be0a\" data-element_type=\"container\">\n\t\t\t\t<div class=\"elementor-element elementor-element-54806be9 elementor-widget elementor-widget-icon-box\" data-id=\"54806be9\" data-element_type=\"widget\" data-widget_type=\"icon-box.default\">\n\t\t\t\t\t\t\t<div class=\"elementor-icon-box-wrapper\">\n\n\t\t\t\n\t\t\t\t\t\t<div class=\"elementor-icon-box-content\">\n\n\t\t\t\t\t\t\t\t\t<h3 class=\"elementor-icon-box-title\">\n\t\t\t\t\t\t<span  >\n\t\t\t\t\t\t\tAtlas 2 Sechs-Kanal-Peptid-Synthesizer\t\t\t\t\t\t<\/span>\n\t\t\t\t\t<\/h3>\n\t\t\t\t\n\t\t\t\t\n\t\t\t<\/div>\n\t\t\t\n\t\t<\/div>\n\t\t\t\t\t\t<\/div>\n\t\t\t\t<div class=\"elementor-element elementor-element-687a3e98 elementor-widget elementor-widget-text-editor\" data-id=\"687a3e98\" data-element_type=\"widget\" data-widget_type=\"text-editor.default\">\n\t\t\t\t\t\t\t\t\t<p>Mit seinem modularen Design mit 24 Aminos\u00e4urepositionen und unabh\u00e4ngigen Reaktoren erm\u00f6glicht der PepAxis-Atlas 2 die parallele Peptidsynthese bei gleichzeitiger Minimierung des Reagenzienabfalls durch seine effiziente On-Demand-Zuf\u00fchrung und den Full-Transfer-Ansatz.<\/p>\t\t\t\t\t\t\t\t<\/div>\n\t\t\t\t<div class=\"elementor-element elementor-element-3032a145 elementor-align-justify elementor-widget__width-initial elementor-invisible elementor-widget elementor-widget-button\" data-id=\"3032a145\" data-element_type=\"widget\" data-settings=\"{&quot;_animation&quot;:&quot;fadeIn&quot;,&quot;_animation_delay&quot;:450}\" data-widget_type=\"button.default\">\n\t\t\t\t\t\t\t\t\t\t<a class=\"elementor-button elementor-button-link elementor-size-sm\" href=\"https:\/\/pepaxis.com\/de\/pilot-production-scale-peptide-synthesizer\/atlas-2-six-channel-peptide-synthesizer\/\">\n\t\t\t\t\t\t<span class=\"elementor-button-content-wrapper\">\n\t\t\t\t\t\t\t\t\t<span class=\"elementor-button-text\">Mehr erfahren<\/span>\n\t\t\t\t\t<\/span>\n\t\t\t\t\t<\/a>\n\t\t\t\t\t\t\t\t<\/div>\n\t\t\t\t<\/div>\n\t\t<div class=\"elementor-element elementor-element-2990bd41 e-con-full e-flex e-con e-child\" data-id=\"2990bd41\" data-element_type=\"container\" data-settings=\"{&quot;background_background&quot;:&quot;classic&quot;}\">\n\t\t\t\t<\/div>\n\t\t\t\t<\/div>\n\t\t<div class=\"elementor-element elementor-element-10600ad e-con-full e-flex elementor-invisible e-con e-child\" data-id=\"10600ad\" data-element_type=\"container\" data-settings=\"{&quot;animation&quot;:&quot;slideInUp&quot;,&quot;background_background&quot;:&quot;classic&quot;,&quot;animation_delay&quot;:600}\">\n\t\t<div class=\"elementor-element elementor-element-643cf70 e-con-full e-flex e-con e-child\" data-id=\"643cf70\" data-element_type=\"container\">\n\t\t\t\t<div class=\"elementor-element elementor-element-98dff46 elementor-widget elementor-widget-icon-box\" data-id=\"98dff46\" data-element_type=\"widget\" data-widget_type=\"icon-box.default\">\n\t\t\t\t\t\t\t<div class=\"elementor-icon-box-wrapper\">\n\n\t\t\t\n\t\t\t\t\t\t<div class=\"elementor-icon-box-content\">\n\n\t\t\t\t\t\t\t\t\t<h3 class=\"elementor-icon-box-title\">\n\t\t\t\t\t\t<span  >\n\t\t\t\t\t\t\tAtlas 4 Zweikanal-Peptidsynthesizer im Pilotma\u00dfstab\t\t\t\t\t\t<\/span>\n\t\t\t\t\t<\/h3>\n\t\t\t\t\n\t\t\t\t\n\t\t\t<\/div>\n\t\t\t\n\t\t<\/div>\n\t\t\t\t\t\t<\/div>\n\t\t\t\t<div class=\"elementor-element elementor-element-85dcab9 elementor-widget elementor-widget-text-editor\" data-id=\"85dcab9\" data-element_type=\"widget\" data-widget_type=\"text-editor.default\">\n\t\t\t\t\t\t\t\t\t<p>Der PepAxis-Atlas 4 wurde f\u00fcr die Synthese im Pilotma\u00dfstab entwickelt und arbeitet mit zwei unabh\u00e4ngigen Kan\u00e4len gleichzeitig, wobei er eine pr\u00e4zise Reagenzdosierung und flexible Aktivierungsmodi kombiniert, um eine effiziente Peptidprozessentwicklung zu unterst\u00fctzen.<\/p>\t\t\t\t\t\t\t\t<\/div>\n\t\t\t\t<div class=\"elementor-element elementor-element-52ad753 elementor-align-justify elementor-widget__width-initial elementor-invisible elementor-widget elementor-widget-button\" data-id=\"52ad753\" data-element_type=\"widget\" data-settings=\"{&quot;_animation&quot;:&quot;fadeIn&quot;,&quot;_animation_delay&quot;:450}\" data-widget_type=\"button.default\">\n\t\t\t\t\t\t\t\t\t\t<a class=\"elementor-button elementor-button-link elementor-size-sm\" href=\"https:\/\/pepaxis.com\/de\/pilot-production-scale-peptide-synthesizer\/atlas-4-pilot-scale-dual-channel-peptide-synthesizer\/\">\n\t\t\t\t\t\t<span class=\"elementor-button-content-wrapper\">\n\t\t\t\t\t\t\t\t\t<span class=\"elementor-button-text\">Mehr erfahren<\/span>\n\t\t\t\t\t<\/span>\n\t\t\t\t\t<\/a>\n\t\t\t\t\t\t\t\t<\/div>\n\t\t\t\t<\/div>\n\t\t<div class=\"elementor-element elementor-element-5b0600a e-con-full e-flex e-con e-child\" data-id=\"5b0600a\" data-element_type=\"container\" data-settings=\"{&quot;background_background&quot;:&quot;classic&quot;}\">\n\t\t\t\t<\/div>\n\t\t\t\t<\/div>\n\t\t<div class=\"elementor-element elementor-element-42fbe37 e-con-full e-flex elementor-invisible e-con e-child\" data-id=\"42fbe37\" data-element_type=\"container\" data-settings=\"{&quot;animation&quot;:&quot;slideInUp&quot;,&quot;background_background&quot;:&quot;classic&quot;,&quot;animation_delay&quot;:600}\">\n\t\t<div class=\"elementor-element elementor-element-44f63911 e-con-full e-flex e-con e-child\" data-id=\"44f63911\" data-element_type=\"container\">\n\t\t\t\t<div class=\"elementor-element elementor-element-365304b8 elementor-widget elementor-widget-icon-box\" data-id=\"365304b8\" data-element_type=\"widget\" data-widget_type=\"icon-box.default\">\n\t\t\t\t\t\t\t<div class=\"elementor-icon-box-wrapper\">\n\n\t\t\t\n\t\t\t\t\t\t<div class=\"elementor-icon-box-content\">\n\n\t\t\t\t\t\t\t\t\t<h3 class=\"elementor-icon-box-title\">\n\t\t\t\t\t\t<span  >\n\t\t\t\t\t\t\tAtlas 6 Vollautomatischer Peptidsynthesizer im Pilotma\u00dfstab\t\t\t\t\t\t<\/span>\n\t\t\t\t\t<\/h3>\n\t\t\t\t\n\t\t\t\t\n\t\t\t<\/div>\n\t\t\t\n\t\t<\/div>\n\t\t\t\t\t\t<\/div>\n\t\t\t\t<div class=\"elementor-element elementor-element-517bc30c elementor-widget elementor-widget-text-editor\" data-id=\"517bc30c\" data-element_type=\"widget\" data-widget_type=\"text-editor.default\">\n\t\t\t\t\t\t\t\t\t<p>Mit austauschbaren Reaktoroptionen und skalierbarer Synthesekapazit\u00e4t bietet der PepAxis-Atlas 6 eine vielseitige Plattform f\u00fcr die Peptidproduktion im Pilotma\u00dfstab, die eine effiziente Prozessentwicklung und zuverl\u00e4ssige experimentelle Leistung erm\u00f6glicht.<\/p>\t\t\t\t\t\t\t\t<\/div>\n\t\t\t\t<div class=\"elementor-element elementor-element-75ebb027 elementor-align-justify elementor-widget__width-initial elementor-invisible elementor-widget elementor-widget-button\" data-id=\"75ebb027\" data-element_type=\"widget\" data-settings=\"{&quot;_animation&quot;:&quot;fadeIn&quot;,&quot;_animation_delay&quot;:450}\" data-widget_type=\"button.default\">\n\t\t\t\t\t\t\t\t\t\t<a class=\"elementor-button elementor-button-link elementor-size-sm\" href=\"https:\/\/pepaxis.com\/de\/pilot-production-scale-peptide-synthesizer\/atlas-6-pilot-scale-fully-automatic-peptide-synthesizer\/\">\n\t\t\t\t\t\t<span class=\"elementor-button-content-wrapper\">\n\t\t\t\t\t\t\t\t\t<span class=\"elementor-button-text\">Mehr erfahren<\/span>\n\t\t\t\t\t<\/span>\n\t\t\t\t\t<\/a>\n\t\t\t\t\t\t\t\t<\/div>\n\t\t\t\t<\/div>\n\t\t<div class=\"elementor-element elementor-element-421ee298 e-con-full e-flex e-con e-child\" data-id=\"421ee298\" data-element_type=\"container\" data-settings=\"{&quot;background_background&quot;:&quot;classic&quot;}\">\n\t\t\t\t<\/div>\n\t\t\t\t<\/div>\n\t\t<div class=\"elementor-element elementor-element-7e99dbc e-con-full e-flex elementor-invisible e-con e-child\" data-id=\"7e99dbc\" data-element_type=\"container\" data-settings=\"{&quot;animation&quot;:&quot;slideInUp&quot;,&quot;background_background&quot;:&quot;classic&quot;,&quot;animation_delay&quot;:600}\">\n\t\t<div class=\"elementor-element elementor-element-dabd38d e-con-full e-flex e-con e-child\" data-id=\"dabd38d\" data-element_type=\"container\">\n\t\t\t\t<div class=\"elementor-element elementor-element-d274c4b elementor-widget elementor-widget-icon-box\" data-id=\"d274c4b\" data-element_type=\"widget\" data-widget_type=\"icon-box.default\">\n\t\t\t\t\t\t\t<div class=\"elementor-icon-box-wrapper\">\n\n\t\t\t\n\t\t\t\t\t\t<div class=\"elementor-icon-box-content\">\n\n\t\t\t\t\t\t\t\t\t<h3 class=\"elementor-icon-box-title\">\n\t\t\t\t\t\t<span  >\n\t\t\t\t\t\t\tAtlas 8 Vollautomatischer Peptidsynthesizer im Produktionsma\u00dfstab\t\t\t\t\t\t<\/span>\n\t\t\t\t\t<\/h3>\n\t\t\t\t\n\t\t\t\t\n\t\t\t<\/div>\n\t\t\t\n\t\t<\/div>\n\t\t\t\t\t\t<\/div>\n\t\t\t\t<div class=\"elementor-element elementor-element-89a07aa elementor-widget elementor-widget-text-editor\" data-id=\"89a07aa\" data-element_type=\"widget\" data-widget_type=\"text-editor.default\">\n\t\t\t\t\t\t\t\t\t<p>Der PepAxis-Atlas 8 wurde f\u00fcr die Peptidherstellung im gro\u00dfen Ma\u00dfstab entwickelt und kombiniert Reaktoren mit hoher Kapazit\u00e4t, L\u00f6sungsmittelr\u00fcckgewinnungstechnologie und pr\u00e4ziser Dosierung, um eine effiziente, kosteng\u00fcnstige Produktion f\u00fcr industrielle pharmazeutische Peptidanwendungen zu erm\u00f6glichen.<\/p>\t\t\t\t\t\t\t\t<\/div>\n\t\t\t\t<div class=\"elementor-element elementor-element-0db5a92 elementor-align-justify elementor-widget__width-initial elementor-invisible elementor-widget elementor-widget-button\" data-id=\"0db5a92\" data-element_type=\"widget\" data-settings=\"{&quot;_animation&quot;:&quot;fadeIn&quot;,&quot;_animation_delay&quot;:450}\" data-widget_type=\"button.default\">\n\t\t\t\t\t\t\t\t\t\t<a class=\"elementor-button elementor-button-link elementor-size-sm\" href=\"https:\/\/pepaxis.com\/de\/pilot-production-scale-peptide-synthesizer\/atlas-8-production-scale-fully-automatic-peptide-synthesizer\/\">\n\t\t\t\t\t\t<span class=\"elementor-button-content-wrapper\">\n\t\t\t\t\t\t\t\t\t<span class=\"elementor-button-text\">Mehr erfahren<\/span>\n\t\t\t\t\t<\/span>\n\t\t\t\t\t<\/a>\n\t\t\t\t\t\t\t\t<\/div>\n\t\t\t\t<\/div>\n\t\t<div class=\"elementor-element elementor-element-10aacaf e-con-full e-flex e-con e-child\" data-id=\"10aacaf\" data-element_type=\"container\" data-settings=\"{&quot;background_background&quot;:&quot;classic&quot;}\">\n\t\t\t\t<\/div>\n\t\t\t\t<\/div>\n\t\t\t\t<\/div>\n\t\t\t\t<\/div>","protected":false},"excerpt":{"rendered":"<p>Pilot-scale peptide synthesizer for efficient process development and scale-up, delivering precise control, high yield, and reliable performance for pharmaceutical production. Atlas 2 Six-Channel Peptide Synthesizer Featuring a modular design with 24 amino acid positions and independent reactors, the PepAxis-Atlas 2 enables parallel peptide synthesis while minimizing reagent waste through its efficient on-demand feeding and full-transfer [&hellip;]<\/p>\n","protected":false},"author":2,"featured_media":0,"parent":0,"menu_order":0,"comment_status":"closed","ping_status":"closed","template":"","meta":{"_seopress_robots_primary_cat":"","_seopress_titles_title":"","_seopress_titles_desc":"","_seopress_robots_index":"","footnotes":""},"class_list":["post-1125","page","type-page","status-publish","hentry"],"_links":{"self":[{"href":"https:\/\/pepaxis.com\/de\/wp-json\/wp\/v2\/pages\/1125","targetHints":{"allow":["GET"]}}],"collection":[{"href":"https:\/\/pepaxis.com\/de\/wp-json\/wp\/v2\/pages"}],"about":[{"href":"https:\/\/pepaxis.com\/de\/wp-json\/wp\/v2\/types\/page"}],"author":[{"embeddable":true,"href":"https:\/\/pepaxis.com\/de\/wp-json\/wp\/v2\/users\/2"}],"replies":[{"embeddable":true,"href":"https:\/\/pepaxis.com\/de\/wp-json\/wp\/v2\/comments?post=1125"}],"version-history":[{"count":0,"href":"https:\/\/pepaxis.com\/de\/wp-json\/wp\/v2\/pages\/1125\/revisions"}],"wp:attachment":[{"href":"https:\/\/pepaxis.com\/de\/wp-json\/wp\/v2\/media?parent=1125"}],"curies":[{"name":"wp","href":"https:\/\/api.w.org\/{rel}","templated":true}]}}